{"id":4829,"date":"2015-01-25T16:19:41","date_gmt":"2015-01-25T14:19:41","guid":{"rendered":"http:\/\/woerrlein-naturfoto.de\/wordpress\/?page_id=4829"},"modified":"2021-12-19T13:42:10","modified_gmt":"2021-12-19T12:42:10","slug":"zweiblaettrige-waldhyazinthe","status":"publish","type":"page","link":"https:\/\/woerrlein-naturfoto.de\/wordpress\/verschiedene-orchideen-a-z\/zweiblaettrige-waldhyazinthe\/","title":{"rendered":"Zweibl\u00e4ttrige Waldhyazinthe"},"content":{"rendered":"<p><span style=\"color: #ffff00;\"><a style=\"color: #ffff00;\" href=\"http:\/\/woerrlein-naturfoto.de\/wordpress\/hauptseite-pflanzen\/pflanzen\/\">Pflanzen<\/a> <\/span>-&gt;<span style=\"color: #ffff00;\"><a style=\"color: #ffff00;\" href=\"http:\/\/woerrlein-naturfoto.de\/wordpress\/hauptseite-pflanzen\/pflanzen\/blueten-i-orchideen-2\/\">Orchideen <\/a><\/span>-&gt;<span style=\"color: #ffff00;\"> <a style=\"color: #ffff00;\" href=\"http:\/\/woerrlein-naturfoto.de\/wordpress\/hauptseite-pflanzen\/pflanzen\/blueten-i-orchideen\/\">verschiedene Orchideen<\/a><code><\/code><\/span><br \/>\n<a href=\"http:\/\/woerrlein-naturfoto.de\/wordpress\/pflanzen-von-a-z\/\">Pflanzen von A-Z<\/a><br \/>\nZur Galerie <a href=\"http:\/\/woerrlein-naturfoto.de\/wordpress\/hauptseite-pflanzen\/pflanzen\/blueten-i-orchideen\/\">verschiedene Orchideen<\/a><code><br \/>\n<\/code><\/p>\n<p><img loading=\"lazy\" decoding=\"async\" class=\"alignleft wp-image-4671\" src=\"http:\/\/woerrlein-naturfoto.de\/wordpress\/wp-content\/uploads\/Waldhyazinthe_D140525_6457_v-400x600.jpg\" alt=\"Waldhyazinthe_D140525_6457_v.jpg\" width=\"267\" height=\"400\" srcset=\"https:\/\/woerrlein-naturfoto.de\/wordpress\/wp-content\/uploads\/Waldhyazinthe_D140525_6457_v-400x600.jpg 400w, https:\/\/woerrlein-naturfoto.de\/wordpress\/wp-content\/uploads\/Waldhyazinthe_D140525_6457_v.jpg 567w\" sizes=\"auto, (max-width: 267px) 100vw, 267px\" \/>Die <b>Zweibl\u00e4ttrige Waldhyazinthe<\/b> (<i>Platanthera bifolia<\/i>), auch <b>Wei\u00df-Waldhyazinthe<\/b> oder <b>Wei\u00dfe Waldhyazinthe<\/b> genannt, ist eine Art aus der Gattung der Waldhyazinthen in der Familie der Orchideengew\u00e4chse. Sie wurde vom Arbeitskreis Heimische Orchideen zur <a title=\"Orchidee des Jahres\" href=\"http:\/\/de.wikipedia.org\/wiki\/Orchidee_des_Jahres\" target=\"_blank\" rel=\"noopener noreferrer\">Orchidee des Jahres<\/a> 2011 gew\u00e4hlt.<br \/>\nDie Zweibl\u00e4ttrige Waldhyazinthe ist eine ausdauernde krautige Pflanze, die Wuchsh\u00f6hen von 20 bis 50 Zentimetern erreicht; kr\u00e4ftige Pflanzen werden gelegentlich auch bis zu 60 Zentimeter hoch. Es sind ein bis zwei, selten auch drei grundst\u00e4ndige und gegenst\u00e4ndige Laubbl\u00e4tter vorhanden. Die einfachen Grundbl\u00e4tter sind bei einer L\u00e4nge von 6 bis 22 Zentimetern sowie einer Breite von 3 bis 6 Zentimetern l\u00e4nglich eif\u00f6rmig. Die Blattfl\u00e4chen sind hellgr\u00fcn mit einem geringen silbrigen Glanz auf der Unterseite. Kurze, lanzettliche Bl\u00e4tter sind am St\u00e4ngel verteilt. Der \u00e4hrige Bl\u00fctenstand tr\u00e4gt etwa 8 bis 40 Bl\u00fcten. Die Tragbl\u00e4tter sind l\u00e4nger als der Fruchtknoten.<\/p>\n<p><strong>Bl\u00fctezeit:<\/strong>\u00a0\u00a0\u00a0\u00a0 Mai bis Juli<\/p>\n<p>Zur Galerie <a href=\"http:\/\/woerrlein-naturfoto.de\/wordpress\/hauptseite-pflanzen\/pflanzen\/blueten-i-orchideen\/\">verschiedene Orchideen<\/a><\/p>\n<p>&nbsp;<\/p>\n<p><em>Quelle des Textauszuges und weitere Infos bei <\/em><a href=\"http:\/\/de.wikipedia.org\/wiki\/Zweibl%C3%A4ttrige_Waldhyazinthe\" target=\"_blank\" rel=\"noopener noreferrer\">Wikipedia<\/a><em> (<\/em><a href=\"http:\/\/www.gnu.org\/licenses\/fdl-1.3.txt\" target=\"_blank\" rel=\"noopener noreferrer\">GNU-Lizenz<\/a><em>)\u2013 mein Dank gilt den <\/em><a href=\"de.wikipedia.org\/w\/index.php?title=Zweibl\u00e4ttrige_Waldhyazinthe&amp;action=history\" target=\"_blank\" rel=\"noopener noreferrer\">Autoren<\/a><em>.<\/em><\/p>\n","protected":false},"excerpt":{"rendered":"<p>Pflanzen -&gt;Orchideen -&gt; verschiedene Orchideen Pflanzen von A-Z Zur Galerie verschiedene Orchideen Die Zweibl\u00e4ttrige Waldhyazinthe (Platanthera bifolia), auch Wei\u00df-Waldhyazinthe oder Wei\u00dfe Waldhyazinthe genannt, ist eine Art aus der Gattung der Waldhyazinthen in der Familie der Orchideengew\u00e4chse. Sie wurde vom Arbeitskreis Heimische Orchideen zur Orchidee des Jahres 2011 gew\u00e4hlt. Die Zweibl\u00e4ttrige Waldhyazinthe ist eine ausdauernde krautige &hellip; <a href=\"https:\/\/woerrlein-naturfoto.de\/wordpress\/verschiedene-orchideen-a-z\/zweiblaettrige-waldhyazinthe\/\" class=\"more-link\"><span class=\"screen-reader-text\">Zweibl\u00e4ttrige Waldhyazinthe<\/span> weiterlesen <span class=\"meta-nav\">&rarr;<\/span><\/a><\/p>\n","protected":false},"author":1,"featured_media":0,"parent":14214,"menu_order":0,"comment_status":"closed","ping_status":"closed","template":"page-templates\/full-width.php","meta":{"footnotes":""},"class_list":["post-4829","page","type-page","status-publish","hentry"],"_links":{"self":[{"href":"https:\/\/woerrlein-naturfoto.de\/wordpress\/wp-json\/wp\/v2\/pages\/4829","targetHints":{"allow":["GET"]}}],"collection":[{"href":"https:\/\/woerrlein-naturfoto.de\/wordpress\/wp-json\/wp\/v2\/pages"}],"about":[{"href":"https:\/\/woerrlein-naturfoto.de\/wordpress\/wp-json\/wp\/v2\/types\/page"}],"author":[{"embeddable":true,"href":"https:\/\/woerrlein-naturfoto.de\/wordpress\/wp-json\/wp\/v2\/users\/1"}],"replies":[{"embeddable":true,"href":"https:\/\/woerrlein-naturfoto.de\/wordpress\/wp-json\/wp\/v2\/comments?post=4829"}],"version-history":[{"count":12,"href":"https:\/\/woerrlein-naturfoto.de\/wordpress\/wp-json\/wp\/v2\/pages\/4829\/revisions"}],"predecessor-version":[{"id":14464,"href":"https:\/\/woerrlein-naturfoto.de\/wordpress\/wp-json\/wp\/v2\/pages\/4829\/revisions\/14464"}],"up":[{"embeddable":true,"href":"https:\/\/woerrlein-naturfoto.de\/wordpress\/wp-json\/wp\/v2\/pages\/14214"}],"wp:attachment":[{"href":"https:\/\/woerrlein-naturfoto.de\/wordpress\/wp-json\/wp\/v2\/media?parent=4829"}],"curies":[{"name":"wp","href":"https:\/\/api.w.org\/{rel}","templated":true}]}}