{"id":4827,"date":"2015-01-25T15:59:14","date_gmt":"2015-01-25T13:59:14","guid":{"rendered":"http:\/\/woerrlein-naturfoto.de\/wordpress\/?page_id=4827"},"modified":"2021-12-19T13:41:44","modified_gmt":"2021-12-19T12:41:44","slug":"vogel-nestwurz","status":"publish","type":"page","link":"https:\/\/woerrlein-naturfoto.de\/wordpress\/verschiedene-orchideen-a-z\/vogel-nestwurz\/","title":{"rendered":"Vogel-Nestwurz"},"content":{"rendered":"<p><span style=\"color: #ffff66;\"><a style=\"color: #ffff66;\" href=\"http:\/\/woerrlein-naturfoto.de\/wordpress\/hauptseite-pflanzen\/pflanzen\/\"><span style=\"color: #ffff00;\">Pflanzen<\/span><\/a> <\/span>-&gt;<span style=\"color: #ffff66;\"><a style=\"color: #ffff66;\" href=\"http:\/\/woerrlein-naturfoto.de\/wordpress\/hauptseite-pflanzen\/pflanzen\/blueten-i-orchideen-2\/\"><span style=\"color: #ffff00;\">Orchideen <\/span><\/a><\/span>-&gt;<span style=\"color: #ffff00;\">\u00a0<a style=\"color: #ffff00;\" href=\"http:\/\/woerrlein-naturfoto.de\/wordpress\/hauptseite-pflanzen\/pflanzen\/blueten-i-orchideen\/\">verschiedene Orchideen<\/a><\/span><br \/>\n<a href=\"http:\/\/woerrlein-naturfoto.de\/wordpress\/pflanzen-von-a-z\/\">Pflanzen von A-Z<\/a><br \/>\nZur Galerie <a href=\"http:\/\/woerrlein-naturfoto.de\/wordpress\/hauptseite-pflanzen\/pflanzen\/blueten-i-orchideen\/\">verschiedene Orchideen<\/a><code><br \/>\n<\/code><\/p>\n<p><img loading=\"lazy\" decoding=\"async\" class=\"alignleft wp-image-4669\" src=\"http:\/\/woerrlein-naturfoto.de\/wordpress\/wp-content\/uploads\/Vogel-Nestwurz_D140504_5838_v-400x600.jpg\" alt=\"Vogel-Nestwurz_D140504_5838_v.jpg\" width=\"267\" height=\"400\" \/><\/p>\n<p>Die <b>Vogel-Nestwurz<\/b> (<i>Neottia nidus-avis<\/i>) ist eine Pflanzenart aus der Gattung der Nestwurzen (<i>Neottia<\/i>) in der Familie der Orchideen (Orchidaceae). Sie ist blattgr\u00fcnlos und kommt in fast ganz Europa vor. Der Name geht auf die vogelnestartige Form des Wurzelstocks zur\u00fcck. Um auf die besondere Gef\u00e4hrdung dieser Art aufmerksam zu machen, wurde die Vogel-Nestwurz vom Arbeitskreis Heimische Orchideen zur <a title=\"Orchidee des Jahres\" href=\"http:\/\/de.wikipedia.org\/wiki\/Orchidee_des_Jahres\" target=\"_blank\" rel=\"noopener noreferrer\">Orchidee des Jahres<\/a> 2002 gew\u00e4hlt.<br \/>\nDie Vogel-Nestwurz ist ausdauernd und 20 bis 35 (selten bis 60) Zentimeter hoch. Die ganze Pflanze ist gew\u00f6hnlich gelblichbraun, an Eichenholz erinnernd. Als Standort werden schattige, n\u00e4hrstoffreiche Buchen- und Laubmischw\u00e4lder bevorzugt. In den Alpen steigt sie bis 1500 Meter auf. In Deutschland wird sie vom S\u00fcden zum Norden hin seltener. Im Lauf des 20. Jahrhunderts ging die Art in Deutschland vor allem durch eine intensive Waldwirtschaft zur\u00fcck. Regional ist sie hier gef\u00e4hrdet.<\/p>\n<p><strong>Bl\u00fctezeit:<\/strong>\u00a0\u00a0\u00a0\u00a0 Mai bis Juni<\/p>\n<p>Zur Galerie <a href=\"http:\/\/woerrlein-naturfoto.de\/wordpress\/hauptseite-pflanzen\/pflanzen\/blueten-i-orchideen\/\">verschiedene Orchideen<\/a><\/p>\n<p>&nbsp;<\/p>\n<p><em>Quelle des Textauszuges und weitere Infos bei <\/em><a href=\"http:\/\/de.wikipedia.org\/wiki\/Vogel-Nestwurz\" target=\"_blank\" rel=\"noopener noreferrer\">Wikipedia<\/a><em> (<\/em><a href=\"http:\/\/www.gnu.org\/licenses\/fdl-1.3.txt\" target=\"_blank\" rel=\"noopener noreferrer\">GNU-Lizenz<\/a><em>)\u2013 mein Dank gilt den <\/em><a href=\"http:\/\/de.wikipedia.org\/w\/index.php?title=Vogel-Nestwurz&amp;action=history\" target=\"_blank\" rel=\"noopener noreferrer\">Autoren<\/a><em>.<\/em><\/p>\n","protected":false},"excerpt":{"rendered":"<p>Pflanzen -&gt;Orchideen -&gt;\u00a0verschiedene Orchideen Pflanzen von A-Z Zur Galerie verschiedene Orchideen Die Vogel-Nestwurz (Neottia nidus-avis) ist eine Pflanzenart aus der Gattung der Nestwurzen (Neottia) in der Familie der Orchideen (Orchidaceae). Sie ist blattgr\u00fcnlos und kommt in fast ganz Europa vor. Der Name geht auf die vogelnestartige Form des Wurzelstocks zur\u00fcck. Um auf die besondere Gef\u00e4hrdung &hellip; <a href=\"https:\/\/woerrlein-naturfoto.de\/wordpress\/verschiedene-orchideen-a-z\/vogel-nestwurz\/\" class=\"more-link\"><span class=\"screen-reader-text\">Vogel-Nestwurz<\/span> weiterlesen <span class=\"meta-nav\">&rarr;<\/span><\/a><\/p>\n","protected":false},"author":1,"featured_media":0,"parent":14214,"menu_order":0,"comment_status":"closed","ping_status":"closed","template":"page-templates\/full-width.php","meta":{"footnotes":""},"class_list":["post-4827","page","type-page","status-publish","hentry"],"_links":{"self":[{"href":"https:\/\/woerrlein-naturfoto.de\/wordpress\/wp-json\/wp\/v2\/pages\/4827","targetHints":{"allow":["GET"]}}],"collection":[{"href":"https:\/\/woerrlein-naturfoto.de\/wordpress\/wp-json\/wp\/v2\/pages"}],"about":[{"href":"https:\/\/woerrlein-naturfoto.de\/wordpress\/wp-json\/wp\/v2\/types\/page"}],"author":[{"embeddable":true,"href":"https:\/\/woerrlein-naturfoto.de\/wordpress\/wp-json\/wp\/v2\/users\/1"}],"replies":[{"embeddable":true,"href":"https:\/\/woerrlein-naturfoto.de\/wordpress\/wp-json\/wp\/v2\/comments?post=4827"}],"version-history":[{"count":10,"href":"https:\/\/woerrlein-naturfoto.de\/wordpress\/wp-json\/wp\/v2\/pages\/4827\/revisions"}],"predecessor-version":[{"id":14463,"href":"https:\/\/woerrlein-naturfoto.de\/wordpress\/wp-json\/wp\/v2\/pages\/4827\/revisions\/14463"}],"up":[{"embeddable":true,"href":"https:\/\/woerrlein-naturfoto.de\/wordpress\/wp-json\/wp\/v2\/pages\/14214"}],"wp:attachment":[{"href":"https:\/\/woerrlein-naturfoto.de\/wordpress\/wp-json\/wp\/v2\/media?parent=4827"}],"curies":[{"name":"wp","href":"https:\/\/api.w.org\/{rel}","templated":true}]}}