{"id":4824,"date":"2015-01-25T15:46:57","date_gmt":"2015-01-25T13:46:57","guid":{"rendered":"http:\/\/woerrlein-naturfoto.de\/wordpress\/?page_id=4824"},"modified":"2022-06-17T17:12:35","modified_gmt":"2022-06-17T15:12:35","slug":"uebersehenes-knabenkraut","status":"publish","type":"page","link":"https:\/\/woerrlein-naturfoto.de\/wordpress\/knabenkraeuter-ii-dactylorhiza-a-z\/uebersehenes-knabenkraut\/","title":{"rendered":"\u00dcbersehenes Knabenkraut"},"content":{"rendered":"<p><span style=\"color: #ffff66;\"><a style=\"color: #ffff66;\" href=\"http:\/\/woerrlein-naturfoto.de\/wordpress\/hauptseite-pflanzen\/pflanzen\/\"><span style=\"color: #ffff00;\">Pflanzen<\/span><\/a> <\/span>-&gt;<span style=\"color: #ffff66;\"><a style=\"color: #ffff66;\" href=\"http:\/\/woerrlein-naturfoto.de\/wordpress\/hauptseite-pflanzen\/pflanzen\/blueten-i-orchideen-2\/\"><span style=\"color: #ffff00;\">Orchideen <\/span><\/a><\/span>-&gt; <span style=\"color: #ffff00;\"><a style=\"color: #ffff00;\" href=\"https:\/\/woerrlein-naturfoto.de\/wordpress\/hauptseite-pflanzen\/pflanzen\/blueten-i-orchideen-2\/knabenkraeuter\/\">Knabenkr\u00e4uter II (Dctylorhiza)<\/a><\/span><code><\/code><br \/>\n<a href=\"http:\/\/woerrlein-naturfoto.de\/wordpress\/pflanzen-von-a-z\/\">Pflanzen von A-Z<\/a><br \/>\nZur Galerie <a href=\"https:\/\/woerrlein-naturfoto.de\/wordpress\/hauptseite-pflanzen\/pflanzen\/blueten-i-orchideen-2\/knabenkraeuter\/\">Knabenkr\u00e4uter II<\/a><code><br \/>\n<\/code><\/p>\n<p><img loading=\"lazy\" decoding=\"async\" class=\"alignleft wp-image-7012\" src=\"http:\/\/woerrlein-naturfoto.de\/wordpress\/wp-content\/uploads\/2015\/07\/UebersehenesKnabenkraut_D140618_4464-400x600.jpg\" alt=\"\" width=\"267\" height=\"400\" srcset=\"https:\/\/woerrlein-naturfoto.de\/wordpress\/wp-content\/uploads\/2015\/07\/UebersehenesKnabenkraut_D140618_4464-400x600.jpg 400w, https:\/\/woerrlein-naturfoto.de\/wordpress\/wp-content\/uploads\/2015\/07\/UebersehenesKnabenkraut_D140618_4464.jpg 567w\" sizes=\"auto, (max-width: 267px) 100vw, 267px\" \/>Das <b>\u00dcbersehene Knabenkraut<\/b> (<i>Dactylorhiza praetermissa<\/i>) geh\u00f6rt zur Gattung der Knabenkr\u00e4uter in der Familie der Orchideengew\u00e4chse. Das \u00dcbersehene Knabenkraut ist eine ausdauernde Pflanze mit Knollen als \u00dcberwinterungsorgan. Zur Bl\u00fctezeit sind zwei Knollen vorhanden, fingerf\u00f6rmig in je zwei bis drei Abschnitte geteilt. Es erreicht eine Wuchsh\u00f6he von 20 bis 70 Zentimetern. Die St\u00e4ngel sind hohl und besitzen am Grund zwei bis drei schuppenf\u00f6rmige Bl\u00e4tter, dar\u00fcber vier bis neun gr\u00fcne, ungefleckte oder ringf\u00f6rmig gefleckte Laubbl\u00e4tter. Das gr\u00f6\u00dfte Blatt ist f\u00fcnfmal so lang wie breit, lanzettlich und bis 1,5\u22121,8 Zentimeter breit. Die Bl\u00e4tter weisen aufw\u00e4rts und sind an der Spitze nicht oder wenig kapuzenf\u00f6rmig zusammengezogen. Das oberste Blatt erreicht h\u00e4ufig den Bl\u00fctenstand.<br \/>\nDas \u00dcbersehene Knabenkraut w\u00e4chst in Sumpfwiesen und Kalkflachmooren (Caricion davallianae). Es bevorzugt kalkhaltige B\u00f6den und ist auf die colline <a title=\"H\u00f6henstufe (\u00d6kologie)\" href=\"http:\/\/de.wikipedia.org\/wiki\/H%C3%B6henstufe_%28%C3%96kologie%29\" target=\"_blank\" rel=\"noopener noreferrer\">H\u00f6henstufe<\/a> beschr\u00e4nkt. Es ist zentral-europaweit gef\u00e4hrdet. In Deutschland ist es stark gef\u00e4hrdet. Um auf die besondere Schutzw\u00fcrdigkeit dieser seltenen Art hinzuweisen, wurde das \u00dcbersehene Knabenkraut von den Arbeitskreisen Heimische Orchideen (AHO) zur <a title=\"Orchidee des Jahres\" href=\"http:\/\/de.wikipedia.org\/wiki\/Orchidee_des_Jahres\" target=\"_blank\" rel=\"noopener noreferrer\">Orchidee des Jahres<\/a> 2008 gew\u00e4hlt.<\/p>\n<p><strong>Bl\u00fctezeit:<\/strong>\u00a0\u00a0\u00a0\u00a0 Mai bis Juli<\/p>\n<p>Zur Galerie <a href=\"https:\/\/woerrlein-naturfoto.de\/wordpress\/hauptseite-pflanzen\/pflanzen\/blueten-i-orchideen-2\/knabenkraeuter\/\">Knabenkr\u00e4uter II<\/a><\/p>\n<p>&nbsp;<\/p>\n<p><em>Quelle des Textauszuges und weitere Infos bei <\/em><a href=\"http:\/\/de.wikipedia.org\/wiki\/%C3%9Cbersehenes_Knabenkraut\" target=\"_blank\" rel=\"noopener noreferrer\">Wikipedia<\/a><em> (<\/em><a href=\"http:\/\/www.gnu.org\/licenses\/fdl-1.3.txt\" target=\"_blank\" rel=\"noopener noreferrer\">GNU-Lizenz<\/a><em>)\u2013 mein Dank gilt den <\/em><a href=\"http:\/\/de.wikipedia.org\/w\/index.php?title=%C3%9Cbersehenes_Knabenkraut&amp;action=history\" target=\"_blank\" rel=\"noopener noreferrer\">Autoren<\/a><em>.<\/em><\/p>\n","protected":false},"excerpt":{"rendered":"<p>Pflanzen -&gt;Orchideen -&gt; Knabenkr\u00e4uter II (Dctylorhiza) Pflanzen von A-Z Zur Galerie Knabenkr\u00e4uter II Das \u00dcbersehene Knabenkraut (Dactylorhiza praetermissa) geh\u00f6rt zur Gattung der Knabenkr\u00e4uter in der Familie der Orchideengew\u00e4chse. Das \u00dcbersehene Knabenkraut ist eine ausdauernde Pflanze mit Knollen als \u00dcberwinterungsorgan. Zur Bl\u00fctezeit sind zwei Knollen vorhanden, fingerf\u00f6rmig in je zwei bis drei Abschnitte geteilt. Es erreicht &hellip; <a href=\"https:\/\/woerrlein-naturfoto.de\/wordpress\/knabenkraeuter-ii-dactylorhiza-a-z\/uebersehenes-knabenkraut\/\" class=\"more-link\"><span class=\"screen-reader-text\">\u00dcbersehenes Knabenkraut<\/span> weiterlesen <span class=\"meta-nav\">&rarr;<\/span><\/a><\/p>\n","protected":false},"author":1,"featured_media":0,"parent":14210,"menu_order":0,"comment_status":"closed","ping_status":"closed","template":"page-templates\/full-width.php","meta":{"footnotes":""},"class_list":["post-4824","page","type-page","status-publish","hentry"],"_links":{"self":[{"href":"https:\/\/woerrlein-naturfoto.de\/wordpress\/wp-json\/wp\/v2\/pages\/4824","targetHints":{"allow":["GET"]}}],"collection":[{"href":"https:\/\/woerrlein-naturfoto.de\/wordpress\/wp-json\/wp\/v2\/pages"}],"about":[{"href":"https:\/\/woerrlein-naturfoto.de\/wordpress\/wp-json\/wp\/v2\/types\/page"}],"author":[{"embeddable":true,"href":"https:\/\/woerrlein-naturfoto.de\/wordpress\/wp-json\/wp\/v2\/users\/1"}],"replies":[{"embeddable":true,"href":"https:\/\/woerrlein-naturfoto.de\/wordpress\/wp-json\/wp\/v2\/comments?post=4824"}],"version-history":[{"count":14,"href":"https:\/\/woerrlein-naturfoto.de\/wordpress\/wp-json\/wp\/v2\/pages\/4824\/revisions"}],"predecessor-version":[{"id":14911,"href":"https:\/\/woerrlein-naturfoto.de\/wordpress\/wp-json\/wp\/v2\/pages\/4824\/revisions\/14911"}],"up":[{"embeddable":true,"href":"https:\/\/woerrlein-naturfoto.de\/wordpress\/wp-json\/wp\/v2\/pages\/14210"}],"wp:attachment":[{"href":"https:\/\/woerrlein-naturfoto.de\/wordpress\/wp-json\/wp\/v2\/media?parent=4824"}],"curies":[{"name":"wp","href":"https:\/\/api.w.org\/{rel}","templated":true}]}}