{"id":4822,"date":"2015-01-25T15:30:26","date_gmt":"2015-01-25T13:30:26","guid":{"rendered":"http:\/\/woerrlein-naturfoto.de\/wordpress\/?page_id=4822"},"modified":"2021-12-15T15:02:37","modified_gmt":"2021-12-15T14:02:37","slug":"rotes-waldvoegelein","status":"publish","type":"page","link":"https:\/\/woerrlein-naturfoto.de\/wordpress\/verschiedene-orchideen-a-z\/rotes-waldvoegelein\/","title":{"rendered":"Rotes Waldv\u00f6gelein"},"content":{"rendered":"<p><span style=\"color: #ffff66;\"><a style=\"color: #ffff66;\" href=\"http:\/\/woerrlein-naturfoto.de\/wordpress\/hauptseite-pflanzen\/pflanzen\/\"><span style=\"color: #ffff00;\">Pflanzen<\/span><\/a> <\/span>-&gt;<span style=\"color: #ffff66;\"><a style=\"color: #ffff66;\" href=\"http:\/\/woerrlein-naturfoto.de\/wordpress\/hauptseite-pflanzen\/pflanzen\/blueten-i-orchideen-2\/\"><span style=\"color: #ffff00;\">Orchideen <\/span><\/a><\/span>-&gt;\u00a0<span style=\"color: #ffff00;\"><a style=\"color: #ffff00;\" href=\"http:\/\/woerrlein-naturfoto.de\/wordpress\/hauptseite-pflanzen\/pflanzen\/blueten-i-orchideen\/\">verschiedene Orchideen<\/a><\/span><code><\/code><br \/>\n<a href=\"http:\/\/woerrlein-naturfoto.de\/wordpress\/pflanzen-von-a-z\/\">Pflanzen von A-Z<\/a><br \/>\nZur Galerie <a href=\"http:\/\/woerrlein-naturfoto.de\/wordpress\/hauptseite-pflanzen\/pflanzen\/blueten-i-orchideen\/\">verschiedene Orchideen<\/a><code><br \/>\n<\/code><\/p>\n<p><img loading=\"lazy\" decoding=\"async\" class=\"alignleft wp-image-4666\" src=\"http:\/\/woerrlein-naturfoto.de\/wordpress\/wp-content\/uploads\/RotesWaldvoegelein_D140601_7079_v-400x600.jpg\" alt=\"RotesWaldvoegelein_D140601_7079_v.jpg\" width=\"267\" height=\"400\" srcset=\"https:\/\/woerrlein-naturfoto.de\/wordpress\/wp-content\/uploads\/RotesWaldvoegelein_D140601_7079_v-400x600.jpg 400w, https:\/\/woerrlein-naturfoto.de\/wordpress\/wp-content\/uploads\/RotesWaldvoegelein_D140601_7079_v.jpg 567w\" sizes=\"auto, (max-width: 267px) 100vw, 267px\" \/>Das <b>Rote Waldv\u00f6glein<\/b> (<i>Cephalanthera rubra<\/i>), auch <b>Purpur-Waldv\u00f6glein<\/b>, ist eine Pflanzenart aus der Gattung Waldv\u00f6glein in der Familie der Orchideen und z\u00e4hlt zu den auff\u00e4lligsten Orchideen unserer Regionen.<br \/>\nDer zierliche, etwas kurvig gewachsene St\u00e4ngel ist im unteren Teil kahl und im oberen Teil dicht dr\u00fcsig behaart. Am Grunde des St\u00e4ngels entstehen einige Schuppenbl\u00e4tter. Die zwei bis acht schmalen, lanzettlichen bis lineal\u2013lanzettlichen Laubbl\u00e4tter sind 5 bis 14 Zentimeter lang und 1 bis 3 Zentimeter breit und werden zum Bl\u00fctenstand hin kleiner. Auch die Tragbl\u00e4tter werden zur St\u00e4ngelspitze hin kleiner.<br \/>\nDas Rote Waldv\u00f6glein bevorzugt lichte, trockene Laubw\u00e4lder (besonders Buchenw\u00e4lder), Kiefern- und Fichtenw\u00e4lder, Waldr\u00e4nder und Geb\u00fcsche bis 2600 Meter und ist seltener auf Halbtrockenrasen zu finden. Es liebt kalkhaltige B\u00f6den mit einem pH-Wert von 5,9 bis 8,2; kommt jedoch auch auf Sand- und Lehmb\u00f6den vor (z.B. in Rheinland-Pfalz). Wie intensiv die F\u00e4rbung der Bl\u00fcten ausgepr\u00e4gt ist, wird stark vom Kalkgehalt des Bodens bestimmt. Je kalkreicher der Untergrund ist, umso kr\u00e4ftigere Farben bilden sich heraus.<\/p>\n<p><strong>Bl\u00fctezeit:<\/strong>\u00a0\u00a0\u00a0\u00a0 Juni bis Juli<\/p>\n<p>Zur Galerie <a href=\"http:\/\/woerrlein-naturfoto.de\/wordpress\/hauptseite-pflanzen\/pflanzen\/blueten-i-orchideen\/\">verschiedene Orchideen<\/a><\/p>\n<p>&nbsp;<\/p>\n<p><em>Quelle des Textauszuges und weitere Infos bei <\/em><a href=\"http:\/\/de.wikipedia.org\/wiki\/Rotes_Waldv%C3%B6glein\" target=\"_blank\" rel=\"noopener noreferrer\">Wikipedia<\/a><em> (<\/em><a href=\"http:\/\/www.gnu.org\/licenses\/fdl-1.3.txt\" target=\"_blank\" rel=\"noopener noreferrer\">GNU-Lizenz<\/a><em>)\u2013 mein Dank gilt den <\/em><a href=\"http:\/\/de.wikipedia.org\/w\/index.php?title=Rotes_Waldv%C3%B6glein&amp;action=history\" target=\"_blank\" rel=\"noopener noreferrer\">Autoren<\/a><em>.<\/em><\/p>\n","protected":false},"excerpt":{"rendered":"<p>Pflanzen -&gt;Orchideen -&gt;\u00a0verschiedene Orchideen Pflanzen von A-Z Zur Galerie verschiedene Orchideen Das Rote Waldv\u00f6glein (Cephalanthera rubra), auch Purpur-Waldv\u00f6glein, ist eine Pflanzenart aus der Gattung Waldv\u00f6glein in der Familie der Orchideen und z\u00e4hlt zu den auff\u00e4lligsten Orchideen unserer Regionen. Der zierliche, etwas kurvig gewachsene St\u00e4ngel ist im unteren Teil kahl und im oberen Teil dicht dr\u00fcsig &hellip; <a href=\"https:\/\/woerrlein-naturfoto.de\/wordpress\/verschiedene-orchideen-a-z\/rotes-waldvoegelein\/\" class=\"more-link\"><span class=\"screen-reader-text\">Rotes Waldv\u00f6gelein<\/span> weiterlesen <span class=\"meta-nav\">&rarr;<\/span><\/a><\/p>\n","protected":false},"author":1,"featured_media":0,"parent":14214,"menu_order":0,"comment_status":"closed","ping_status":"closed","template":"page-templates\/full-width.php","meta":{"footnotes":""},"class_list":["post-4822","page","type-page","status-publish","hentry"],"_links":{"self":[{"href":"https:\/\/woerrlein-naturfoto.de\/wordpress\/wp-json\/wp\/v2\/pages\/4822","targetHints":{"allow":["GET"]}}],"collection":[{"href":"https:\/\/woerrlein-naturfoto.de\/wordpress\/wp-json\/wp\/v2\/pages"}],"about":[{"href":"https:\/\/woerrlein-naturfoto.de\/wordpress\/wp-json\/wp\/v2\/types\/page"}],"author":[{"embeddable":true,"href":"https:\/\/woerrlein-naturfoto.de\/wordpress\/wp-json\/wp\/v2\/users\/1"}],"replies":[{"embeddable":true,"href":"https:\/\/woerrlein-naturfoto.de\/wordpress\/wp-json\/wp\/v2\/comments?post=4822"}],"version-history":[{"count":9,"href":"https:\/\/woerrlein-naturfoto.de\/wordpress\/wp-json\/wp\/v2\/pages\/4822\/revisions"}],"predecessor-version":[{"id":14243,"href":"https:\/\/woerrlein-naturfoto.de\/wordpress\/wp-json\/wp\/v2\/pages\/4822\/revisions\/14243"}],"up":[{"embeddable":true,"href":"https:\/\/woerrlein-naturfoto.de\/wordpress\/wp-json\/wp\/v2\/pages\/14214"}],"wp:attachment":[{"href":"https:\/\/woerrlein-naturfoto.de\/wordpress\/wp-json\/wp\/v2\/media?parent=4822"}],"curies":[{"name":"wp","href":"https:\/\/api.w.org\/{rel}","templated":true}]}}