{"id":4819,"date":"2015-01-25T15:21:04","date_gmt":"2015-01-25T13:21:04","guid":{"rendered":"http:\/\/woerrlein-naturfoto.de\/wordpress\/?page_id=4819"},"modified":"2022-06-17T17:10:10","modified_gmt":"2022-06-17T15:10:10","slug":"fuchs-knabenkraut","status":"publish","type":"page","link":"https:\/\/woerrlein-naturfoto.de\/wordpress\/knabenkraeuter-ii-dactylorhiza-a-z\/fuchs-knabenkraut\/","title":{"rendered":"Fuchs\u00b4 Knabenkraut"},"content":{"rendered":"<p><span style=\"color: #ffff66;\"><a style=\"color: #ffff66;\" href=\"http:\/\/woerrlein-naturfoto.de\/wordpress\/hauptseite-pflanzen\/pflanzen\/\"><span style=\"color: #ffff00;\">Pflanzen<\/span><\/a> <\/span>-&gt;<span style=\"color: #ffff66;\"><a style=\"color: #ffff66;\" href=\"http:\/\/woerrlein-naturfoto.de\/wordpress\/hauptseite-pflanzen\/pflanzen\/blueten-i-orchideen-2\/\"><span style=\"color: #ffff00;\">Orchideen <\/span><\/a><\/span>-&gt;\u00a0<span style=\"color: #ffff00;\"><a style=\"color: #ffff00;\" href=\"https:\/\/woerrlein-naturfoto.de\/wordpress\/hauptseite-pflanzen\/pflanzen\/blueten-i-orchideen-2\/knabenkraeuter\/\">Knabenkr\u00e4uter II (Dactylorhiza)<\/a><\/span><br \/>\n<a href=\"http:\/\/woerrlein-naturfoto.de\/wordpress\/pflanzen-von-a-z\/\">Pflanzen von A-Z<\/a><br \/>\nZur Galerie <a href=\"https:\/\/woerrlein-naturfoto.de\/wordpress\/hauptseite-pflanzen\/pflanzen\/blueten-i-orchideen-2\/knabenkraeuter\/\">Knabenkr\u00e4uter II<\/a><\/p>\n<p><img loading=\"lazy\" decoding=\"async\" class=\"alignleft wp-image-7024\" src=\"http:\/\/woerrlein-naturfoto.de\/wordpress\/wp-content\/uploads\/2015\/07\/Fuchsknabenkraut_D130605_106_v-400x600.jpg\" alt=\"Fuchsknabenkraut_D130605_106_v.jpg\" width=\"267\" height=\"400\" srcset=\"https:\/\/woerrlein-naturfoto.de\/wordpress\/wp-content\/uploads\/2015\/07\/Fuchsknabenkraut_D130605_106_v-400x600.jpg 400w, https:\/\/woerrlein-naturfoto.de\/wordpress\/wp-content\/uploads\/2015\/07\/Fuchsknabenkraut_D130605_106_v.jpg 567w\" sizes=\"auto, (max-width: 267px) 100vw, 267px\" \/>Das <b>Fuchs\u2019 Knabenkraut<\/b> (<i>Dactylorhiza fuchsii<\/i>) auch <b>Fuchs\u2019 Fingerknabenkraut<\/b> geh\u00f6rt zur Familie der Orchideen. Die Art ist nach dem T\u00fcbinger Medizinprofessor <a class=\"mw-redirect\" title=\"Leonhard Fuchs\" href=\"http:\/\/de.wikipedia.org\/wiki\/Leonhard_Fuchs\" target=\"_blank\" rel=\"noopener noreferrer\">Leonhard Fuchs<\/a>, Verfasser zahlreicher medizinischer Werke und Autor der ber\u00fchmten Kr\u00e4uterb\u00fccher, benannt.<br \/>\nDas Fuchs\u2019 Knabenkraut ist eine ausdauernde, krautige Pflanze, die Wuchsh\u00f6hen von etwa 20 bis 90 Zentimetern erreicht. Der markige St\u00e4ngel ist nicht hohl. Die Laubbl\u00e4tter werden 5 bis 10 (bis 12) cm lang, die Spitze des obersten Laubblattes ist bei dieser Art weit vom Bl\u00fctenstand entfernt. Die Laubbl\u00e4tter sind oberseits dunkelgr\u00fcn, unterseits heller und besitzen meist querovale Flecke. Die unteren Bl\u00e4tter sind rosettig geh\u00e4uft, das unterste Laubblatt ist auffallend kurz und stumpf. Als Standort werden W\u00e4lder, frische Wiesen, Flach- und Quellmoore von der collinen bis subalpinen H\u00f6henstufe bevorzugt.<\/p>\n<p><strong>Bl\u00fctezeit:<\/strong>\u00a0\u00a0\u00a0\u00a0 Juni bis Juli<\/p>\n<p>Zur Galerie <a href=\"https:\/\/woerrlein-naturfoto.de\/wordpress\/hauptseite-pflanzen\/pflanzen\/blueten-i-orchideen-2\/knabenkraeuter\/\">Knabenkr\u00e4uter II<\/a><\/p>\n<p>&nbsp;<\/p>\n<p><em>Quelle des Textauszuges und weitere Infos bei <\/em><a href=\"http:\/\/de.wikipedia.org\/wiki\/Fuchs%E2%80%99_Knabenkraut\" target=\"_blank\" rel=\"noopener noreferrer\">Wikipedia<\/a><em> (<\/em><a href=\"http:\/\/www.gnu.org\/licenses\/fdl-1.3.txt\" target=\"_blank\" rel=\"noopener noreferrer\">GNU-Lizenz<\/a><em>)\u2013 mein Dank gilt den <\/em><a href=\"http:\/\/de.wikipedia.org\/w\/index.php?title=Fuchs%E2%80%99_Knabenkraut&amp;action=history\" target=\"_blank\" rel=\"noopener noreferrer\">Autoren<\/a><em>.<\/em><\/p>\n","protected":false},"excerpt":{"rendered":"<p>Pflanzen -&gt;Orchideen -&gt;\u00a0Knabenkr\u00e4uter II (Dactylorhiza) Pflanzen von A-Z Zur Galerie Knabenkr\u00e4uter II Das Fuchs\u2019 Knabenkraut (Dactylorhiza fuchsii) auch Fuchs\u2019 Fingerknabenkraut geh\u00f6rt zur Familie der Orchideen. Die Art ist nach dem T\u00fcbinger Medizinprofessor Leonhard Fuchs, Verfasser zahlreicher medizinischer Werke und Autor der ber\u00fchmten Kr\u00e4uterb\u00fccher, benannt. Das Fuchs\u2019 Knabenkraut ist eine ausdauernde, krautige Pflanze, die Wuchsh\u00f6hen von &hellip; <a href=\"https:\/\/woerrlein-naturfoto.de\/wordpress\/knabenkraeuter-ii-dactylorhiza-a-z\/fuchs-knabenkraut\/\" class=\"more-link\"><span class=\"screen-reader-text\">Fuchs\u00b4 Knabenkraut<\/span> weiterlesen <span class=\"meta-nav\">&rarr;<\/span><\/a><\/p>\n","protected":false},"author":1,"featured_media":0,"parent":14210,"menu_order":0,"comment_status":"closed","ping_status":"closed","template":"page-templates\/full-width.php","meta":{"footnotes":""},"class_list":["post-4819","page","type-page","status-publish","hentry"],"_links":{"self":[{"href":"https:\/\/woerrlein-naturfoto.de\/wordpress\/wp-json\/wp\/v2\/pages\/4819","targetHints":{"allow":["GET"]}}],"collection":[{"href":"https:\/\/woerrlein-naturfoto.de\/wordpress\/wp-json\/wp\/v2\/pages"}],"about":[{"href":"https:\/\/woerrlein-naturfoto.de\/wordpress\/wp-json\/wp\/v2\/types\/page"}],"author":[{"embeddable":true,"href":"https:\/\/woerrlein-naturfoto.de\/wordpress\/wp-json\/wp\/v2\/users\/1"}],"replies":[{"embeddable":true,"href":"https:\/\/woerrlein-naturfoto.de\/wordpress\/wp-json\/wp\/v2\/comments?post=4819"}],"version-history":[{"count":15,"href":"https:\/\/woerrlein-naturfoto.de\/wordpress\/wp-json\/wp\/v2\/pages\/4819\/revisions"}],"predecessor-version":[{"id":14907,"href":"https:\/\/woerrlein-naturfoto.de\/wordpress\/wp-json\/wp\/v2\/pages\/4819\/revisions\/14907"}],"up":[{"embeddable":true,"href":"https:\/\/woerrlein-naturfoto.de\/wordpress\/wp-json\/wp\/v2\/pages\/14210"}],"wp:attachment":[{"href":"https:\/\/woerrlein-naturfoto.de\/wordpress\/wp-json\/wp\/v2\/media?parent=4819"}],"curies":[{"name":"wp","href":"https:\/\/api.w.org\/{rel}","templated":true}]}}