{"id":4808,"date":"2015-01-25T14:34:12","date_gmt":"2015-01-25T12:34:12","guid":{"rendered":"http:\/\/woerrlein-naturfoto.de\/wordpress\/?page_id=4808"},"modified":"2024-05-20T14:12:22","modified_gmt":"2024-05-20T12:12:22","slug":"frauenschuh","status":"publish","type":"page","link":"https:\/\/woerrlein-naturfoto.de\/wordpress\/frauenschuh-a-z\/frauenschuh\/","title":{"rendered":"Frauenschuh"},"content":{"rendered":"<p><span style=\"color: #ffff66;\"><a style=\"color: #ffff66;\" href=\"http:\/\/woerrlein-naturfoto.de\/wordpress\/hauptseite-pflanzen\/pflanzen\/\">Pflanzen<\/a> <\/span>-&gt;<span style=\"color: #ffff66;\"><a style=\"color: #ffff66;\" href=\"http:\/\/woerrlein-naturfoto.de\/wordpress\/hauptseite-pflanzen\/pflanzen\/blueten-i-orchideen-2\/\">Orchideen<\/a><\/span> -&gt;<span style=\"color: #ffff00;\"><a style=\"color: #ffff00;\" href=\"https:\/\/woerrlein-naturfoto.de\/wordpress\/hauptseite-pflanzen\/pflanzen\/blueten-i-orchideen-2\/frauenschuh\/\"> Frauenschuh<\/a><\/span><br \/>\n<a href=\"http:\/\/woerrlein-naturfoto.de\/wordpress\/pflanzen-von-a-z\/\">Pflanzen von A-Z<\/a><br \/>\nZur Galerie <a href=\"https:\/\/woerrlein-naturfoto.de\/wordpress\/hauptseite-pflanzen\/pflanzen\/blueten-i-orchideen-2\/frauenschuh\/\">Frauenschuh<\/a><code><br \/>\n<\/code><\/p>\n<p><img loading=\"lazy\" decoding=\"async\" class=\"alignleft wp-image-4656\" src=\"http:\/\/woerrlein-naturfoto.de\/wordpress\/wp-content\/uploads\/Frauenschuh_D140525_6340_v-400x600.jpg\" alt=\"Frauenschuh_D140525_6340_v.jpg\" width=\"267\" height=\"400\" srcset=\"https:\/\/woerrlein-naturfoto.de\/wordpress\/wp-content\/uploads\/Frauenschuh_D140525_6340_v-400x600.jpg 400w, https:\/\/woerrlein-naturfoto.de\/wordpress\/wp-content\/uploads\/Frauenschuh_D140525_6340_v.jpg 567w\" sizes=\"auto, (max-width: 267px) 100vw, 267px\" \/><\/p>\n<p>Der <b>Gelbe Frauenschuh<\/b> oder <b>Gelb-Frauenschuh<\/b> (<i>Cypripedium calceolus<\/i>), auch <b>Marienfrauenschuh<\/b> (die Bl\u00fcte des Gelben Frauenschuhs wird in Legenden im Zusammenhang mit der Jungfrau Maria erw\u00e4hnt), <b>Europ\u00e4ischer Frauenschuh<\/b> oder noch h\u00e4ufiger einfach nur <b>Frauenschuh<\/b> genannt. Die Form der Bl\u00fcte f\u00fchrte auch zu dem Namen \u201eKrimhilds Helm\u201c. Der Gelbe Frauenschuh ist eine der pr\u00e4chtigsten wildwachsenden Orchideenarten Europas und steht in allen L\u00e4ndern unter strengstem Schutz (nach <a title=\"Richtlinie 92\/43\/EWG (Fauna-Flora-Habitat-Richtlinie)\" href=\"http:\/\/de.wikipedia.org\/wiki\/Richtlinie_92\/43\/EWG_%28Fauna-Flora-Habitat-Richtlinie%29\" target=\"_blank\" rel=\"noopener noreferrer\">FFH-Richtlinie<\/a> Anhang II). Um auf die besondere Gef\u00e4hrdung und Schutzw\u00fcrdigkeit dieser Art aufmerksam zu machen, wurde der Gelbe Frauenschuh vom Arbeitskreis Heimische Orchideen 1996 und 2010 zur <a title=\"Orchidee des Jahres\" href=\"http:\/\/de.wikipedia.org\/wiki\/Orchidee_des_Jahres\" target=\"_blank\" rel=\"noopener noreferrer\">Orchidee des Jahres<\/a> gew\u00e4hlt.<br \/>\nBevorzugt w\u00e4chst er vereinzelt in schattigen Laubw\u00e4ldern (wie etwa Buchenw\u00e4lder) oder an buschigen Bergh\u00e4ngen bis zu H\u00f6henlagen von 2000\u00a0m. Die Pflanze lebt mit einem Pilz der Gattung Rhizoctonia in Symbiose. Die Ern\u00e4hrung erfolgt jahrelang \u00fcber diesen Pilz, bevor das erste gr\u00fcne Blatt nach etwa vier Jahren angelegt wird. Bis zur Bl\u00fchreife k\u00f6nnen 16 Jahre vergehen. Es handelt sich bei dieser Art um eine sogenannte Kesselfallenblume. Angelockt werden potenzielle Best\u00e4uber von der Farbgebung des Perianths als auch vom aprikosen\u00e4hnlichen Duft der Pflanze. Insekten, besonders Sandbienen der Gattung <i>Andrena<\/i> und weitere kleine und kr\u00e4ftige Insektenarten, dringen durch das Loch an der Labellumbasis in den Kessel ein oder fallen in den Kessel, dessen glatte und gl\u00e4nzende W\u00e4nde (mit \u00d6l\u00fcberzug) einen Ausstieg verhindern. Der einzige Weg aus der Falle geht \u00fcber den Geschlechtsapparat, das <a title=\"Gynostemium\" href=\"http:\/\/de.wikipedia.org\/wiki\/Gynostemium\" target=\"_blank\" rel=\"noopener noreferrer\">Gynostemium<\/a>, hinweg und f\u00fchrt \u00fcber zwei saftige Haartreppen nach drau\u00dfen. Die Haartreppen sind durch lichtdurchl\u00e4ssige Stellen in der hinteren Pantoffelwand markiert.<br \/>\nEs kommen Farbvarianten vor, bei denen die Perigonbl\u00e4tter gr\u00fcn oder gelbgr\u00fcn gef\u00e4rbt sind. Diese werden auch <strong>Goldschuh<\/strong> genannt.<\/p>\n<p><strong>Bl\u00fctezeit:<\/strong>\u00a0\u00a0\u00a0\u00a0 Mai bis Juni (Juli)<\/p>\n<p>Zur Galerie<a href=\"https:\/\/woerrlein-naturfoto.de\/wordpress\/hauptseite-pflanzen\/pflanzen\/blueten-i-orchideen-2\/frauenschuh\/\"> Frauenschuh<\/a><code><br \/>\n<\/code><\/p>\n<p>&nbsp;<\/p>\n<p><em>Quelle des Textauszuges und weitere Infos bei <\/em><a href=\"http:\/\/de.wikipedia.org\/wiki\/Gelber_Frauenschuh\" target=\"_blank\" rel=\"noopener noreferrer\">Wikipedia<\/a><em> (<\/em><a href=\"http:\/\/www.gnu.org\/licenses\/fdl-1.3.txt\" target=\"_blank\" rel=\"noopener noreferrer\">GNU-Lizenz<\/a><em>)\u2013 mein Dank gilt den <\/em><a href=\"http:\/\/de.wikipedia.org\/w\/index.php?title=Gelber_Frauenschuh&amp;action=history\" target=\"_blank\" rel=\"noopener noreferrer\">Autoren<\/a><em>.<\/em><\/p>\n","protected":false},"excerpt":{"rendered":"<p>Pflanzen -&gt;Orchideen -&gt; Frauenschuh Pflanzen von A-Z Zur Galerie Frauenschuh Der Gelbe Frauenschuh oder Gelb-Frauenschuh (Cypripedium calceolus), auch Marienfrauenschuh (die Bl\u00fcte des Gelben Frauenschuhs wird in Legenden im Zusammenhang mit der Jungfrau Maria erw\u00e4hnt), Europ\u00e4ischer Frauenschuh oder noch h\u00e4ufiger einfach nur Frauenschuh genannt. Die Form der Bl\u00fcte f\u00fchrte auch zu dem Namen \u201eKrimhilds Helm\u201c. Der &hellip; <a href=\"https:\/\/woerrlein-naturfoto.de\/wordpress\/frauenschuh-a-z\/frauenschuh\/\" class=\"more-link\"><span class=\"screen-reader-text\">Frauenschuh<\/span> weiterlesen <span class=\"meta-nav\">&rarr;<\/span><\/a><\/p>\n","protected":false},"author":1,"featured_media":0,"parent":14202,"menu_order":0,"comment_status":"closed","ping_status":"closed","template":"page-templates\/full-width.php","meta":{"footnotes":""},"class_list":["post-4808","page","type-page","status-publish","hentry"],"_links":{"self":[{"href":"https:\/\/woerrlein-naturfoto.de\/wordpress\/wp-json\/wp\/v2\/pages\/4808","targetHints":{"allow":["GET"]}}],"collection":[{"href":"https:\/\/woerrlein-naturfoto.de\/wordpress\/wp-json\/wp\/v2\/pages"}],"about":[{"href":"https:\/\/woerrlein-naturfoto.de\/wordpress\/wp-json\/wp\/v2\/types\/page"}],"author":[{"embeddable":true,"href":"https:\/\/woerrlein-naturfoto.de\/wordpress\/wp-json\/wp\/v2\/users\/1"}],"replies":[{"embeddable":true,"href":"https:\/\/woerrlein-naturfoto.de\/wordpress\/wp-json\/wp\/v2\/comments?post=4808"}],"version-history":[{"count":24,"href":"https:\/\/woerrlein-naturfoto.de\/wordpress\/wp-json\/wp\/v2\/pages\/4808\/revisions"}],"predecessor-version":[{"id":18349,"href":"https:\/\/woerrlein-naturfoto.de\/wordpress\/wp-json\/wp\/v2\/pages\/4808\/revisions\/18349"}],"up":[{"embeddable":true,"href":"https:\/\/woerrlein-naturfoto.de\/wordpress\/wp-json\/wp\/v2\/pages\/14202"}],"wp:attachment":[{"href":"https:\/\/woerrlein-naturfoto.de\/wordpress\/wp-json\/wp\/v2\/media?parent=4808"}],"curies":[{"name":"wp","href":"https:\/\/api.w.org\/{rel}","templated":true}]}}