{"id":4798,"date":"2015-01-25T13:02:44","date_gmt":"2015-01-25T11:02:44","guid":{"rendered":"http:\/\/woerrlein-naturfoto.de\/wordpress\/?page_id=4798"},"modified":"2022-06-17T17:09:32","modified_gmt":"2022-06-17T15:09:32","slug":"fleischfarbenes-knabenkraut","status":"publish","type":"page","link":"https:\/\/woerrlein-naturfoto.de\/wordpress\/knabenkraeuter-ii-dactylorhiza-a-z\/fleischfarbenes-knabenkraut\/","title":{"rendered":"Fleischfarbenes Knabenkraut"},"content":{"rendered":"<p><span style=\"color: #ffff66;\"><a style=\"color: #ffff66;\" href=\"http:\/\/woerrlein-naturfoto.de\/wordpress\/hauptseite-pflanzen\/pflanzen\/\"><span style=\"color: #ffff00;\">Pflanzen<\/span><\/a> <\/span>-&gt;<span style=\"color: #ffff66;\"><a style=\"color: #ffff66;\" href=\"http:\/\/woerrlein-naturfoto.de\/wordpress\/hauptseite-pflanzen\/pflanzen\/blueten-i-orchideen-2\/\"><span style=\"color: #ffff00;\">Orchideen <\/span><\/a><\/span>-&gt;<span style=\"color: #ffff00;\">\u00a0<a style=\"color: #ffff00;\" href=\"https:\/\/woerrlein-naturfoto.de\/wordpress\/hauptseite-pflanzen\/pflanzen\/blueten-i-orchideen-2\/knabenkraeuter\/\">Knabenkr\u00e4uter II (Dactylorhiza)<\/a><\/span><br \/>\n<a href=\"http:\/\/woerrlein-naturfoto.de\/wordpress\/pflanzen-von-a-z\/\">Pflanzen von A-Z<\/a><br \/>\nZur Galerie <a href=\"https:\/\/woerrlein-naturfoto.de\/wordpress\/hauptseite-pflanzen\/pflanzen\/blueten-i-orchideen-2\/knabenkraeuter\/\">Knabenkr\u00e4uter II<\/a><\/p>\n<p><img loading=\"lazy\" decoding=\"async\" class=\"alignleft wp-image-7026\" src=\"http:\/\/woerrlein-naturfoto.de\/wordpress\/wp-content\/uploads\/2015\/07\/Fleischfarbenes_Knabenkraut_AW_36951_v-400x600.jpg\" alt=\"Fleischfarbenes_Knabenkraut_AW_36951_v.jpg\" width=\"267\" height=\"400\" srcset=\"https:\/\/woerrlein-naturfoto.de\/wordpress\/wp-content\/uploads\/2015\/07\/Fleischfarbenes_Knabenkraut_AW_36951_v-400x600.jpg 400w, https:\/\/woerrlein-naturfoto.de\/wordpress\/wp-content\/uploads\/2015\/07\/Fleischfarbenes_Knabenkraut_AW_36951_v.jpg 567w\" sizes=\"auto, (max-width: 267px) 100vw, 267px\" \/>Das <b>Fleischfarbene Knabenkraut<\/b> (<i>Dactylorhiza incarnata<\/i>), seltener auch <b>Steifbl\u00e4ttriges Knabenkraut<\/b> genannt, geh\u00f6rt zur Gattung Knabenkr\u00e4uter\u00a0 der Familie der Orchideen. Es wurde vom Arbeitskreis Heimische Orchideen zur <a href=\"http:\/\/de.wikipedia.org\/wiki\/Orchidee_des_Jahres\" target=\"_blank\" rel=\"noopener noreferrer\">Orchidee des Jahres<\/a> 2015 gew\u00e4hlt.<br \/>\nDas Fleischfarbene Knabenkraut ist eine ausdauernde krautige Pflanze, die Wuchsh\u00f6hen von 20 bis 60 Zentimetern erreicht.\u00a0 Die vier bis sieben Laubbl\u00e4tter sind steif aufrecht, seltener zur\u00fcckgebogen, schmal lanzettlich, hellgr\u00fcn, bis 20\u00a0cm lang und bis 3\u00a0cm breit. Die untersten Bl\u00e4tter sind am breitesten. Der Bl\u00fctenstand ist 5 bis 12\u00a0cm lang. Die Tragbl\u00e4tter sind l\u00e4nger als die Bl\u00fcten. Die zygomorphen Bl\u00fcten sind fleischfarben, gelegentlich auch hellrosa.<br \/>\nKommt in Feuchtwiesen und Nieder- sowie Zwischen-Mooren vor und bevorzugt basische B\u00f6den. In Deutschland vorwiegend in Bayern, Baden-W\u00fcrttemberg, Brandenburg und Mecklenburg-Vorpommern, in den anderen Bundesl\u00e4ndern selten. Die Art gilt in Deutschland als stark gef\u00e4hrdet und steht auf der Roten Liste gef\u00e4hrdeter Arten (Kategorie 2).<\/p>\n<p><strong>Bl\u00fctezeit:<\/strong>\u00a0\u00a0\u00a0\u00a0\u00a0 Mai bis Juni<\/p>\n<p>Zur Galerie <a href=\"https:\/\/woerrlein-naturfoto.de\/wordpress\/hauptseite-pflanzen\/pflanzen\/blueten-i-orchideen-2\/knabenkraeuter\/\">Knabenkr\u00e4uter II<\/a><\/p>\n<p>&nbsp;<\/p>\n<p><em>Quelle des Textauszuges und weitere Infos bei <\/em><a href=\"http:\/\/de.wikipedia.org\/wiki\/Fleischfarbenes_Knabenkraut\" target=\"_blank\" rel=\"noopener noreferrer\">Wikipedia<\/a><em> (<\/em><a href=\"http:\/\/www.gnu.org\/licenses\/fdl-1.3.txt\" target=\"_blank\" rel=\"noopener noreferrer\">GNU-Lizenz<\/a><em>)\u2013 mein Dank gilt den <\/em><a href=\"http:\/\/de.wikipedia.org\/w\/index.php?title=Fleischfarbenes_Knabenkraut&amp;action=history\" target=\"_blank\" rel=\"noopener noreferrer\">Autoren<\/a><em>.<\/em><\/p>\n","protected":false},"excerpt":{"rendered":"<p>Pflanzen -&gt;Orchideen -&gt;\u00a0Knabenkr\u00e4uter II (Dactylorhiza) Pflanzen von A-Z Zur Galerie Knabenkr\u00e4uter II Das Fleischfarbene Knabenkraut (Dactylorhiza incarnata), seltener auch Steifbl\u00e4ttriges Knabenkraut genannt, geh\u00f6rt zur Gattung Knabenkr\u00e4uter\u00a0 der Familie der Orchideen. Es wurde vom Arbeitskreis Heimische Orchideen zur Orchidee des Jahres 2015 gew\u00e4hlt. Das Fleischfarbene Knabenkraut ist eine ausdauernde krautige Pflanze, die Wuchsh\u00f6hen von 20 bis &hellip; <a href=\"https:\/\/woerrlein-naturfoto.de\/wordpress\/knabenkraeuter-ii-dactylorhiza-a-z\/fleischfarbenes-knabenkraut\/\" class=\"more-link\"><span class=\"screen-reader-text\">Fleischfarbenes Knabenkraut<\/span> weiterlesen <span class=\"meta-nav\">&rarr;<\/span><\/a><\/p>\n","protected":false},"author":1,"featured_media":0,"parent":14210,"menu_order":0,"comment_status":"closed","ping_status":"closed","template":"page-templates\/full-width.php","meta":{"footnotes":""},"class_list":["post-4798","page","type-page","status-publish","hentry"],"_links":{"self":[{"href":"https:\/\/woerrlein-naturfoto.de\/wordpress\/wp-json\/wp\/v2\/pages\/4798","targetHints":{"allow":["GET"]}}],"collection":[{"href":"https:\/\/woerrlein-naturfoto.de\/wordpress\/wp-json\/wp\/v2\/pages"}],"about":[{"href":"https:\/\/woerrlein-naturfoto.de\/wordpress\/wp-json\/wp\/v2\/types\/page"}],"author":[{"embeddable":true,"href":"https:\/\/woerrlein-naturfoto.de\/wordpress\/wp-json\/wp\/v2\/users\/1"}],"replies":[{"embeddable":true,"href":"https:\/\/woerrlein-naturfoto.de\/wordpress\/wp-json\/wp\/v2\/comments?post=4798"}],"version-history":[{"count":19,"href":"https:\/\/woerrlein-naturfoto.de\/wordpress\/wp-json\/wp\/v2\/pages\/4798\/revisions"}],"predecessor-version":[{"id":14906,"href":"https:\/\/woerrlein-naturfoto.de\/wordpress\/wp-json\/wp\/v2\/pages\/4798\/revisions\/14906"}],"up":[{"embeddable":true,"href":"https:\/\/woerrlein-naturfoto.de\/wordpress\/wp-json\/wp\/v2\/pages\/14210"}],"wp:attachment":[{"href":"https:\/\/woerrlein-naturfoto.de\/wordpress\/wp-json\/wp\/v2\/media?parent=4798"}],"curies":[{"name":"wp","href":"https:\/\/api.w.org\/{rel}","templated":true}]}}