{"id":4794,"date":"2015-01-25T12:51:33","date_gmt":"2015-01-25T10:51:33","guid":{"rendered":"http:\/\/woerrlein-naturfoto.de\/wordpress\/?page_id=4794"},"modified":"2022-06-17T17:07:05","modified_gmt":"2022-06-17T15:07:05","slug":"breitblaettriges-knabenkraut","status":"publish","type":"page","link":"https:\/\/woerrlein-naturfoto.de\/wordpress\/knabenkraeuter-ii-dactylorhiza-a-z\/breitblaettriges-knabenkraut\/","title":{"rendered":"Breitbl\u00e4ttriges Knabenkraut"},"content":{"rendered":"<p><span style=\"color: #ffff66;\"><a style=\"color: #ffff66;\" href=\"http:\/\/woerrlein-naturfoto.de\/wordpress\/hauptseite-pflanzen\/pflanzen\/\"><span style=\"color: #ffff00;\">Pflanzen<\/span><\/a> <\/span>-&gt;<span style=\"color: #ffff66;\"><a style=\"color: #ffff66;\" href=\"http:\/\/woerrlein-naturfoto.de\/wordpress\/hauptseite-pflanzen\/pflanzen\/blueten-i-orchideen-2\/\"><span style=\"color: #ffff00;\">Orchideen <\/span><\/a><\/span>-&gt;\u00a0<span style=\"color: #ffff00;\"><a style=\"color: #ffff00;\" href=\"https:\/\/woerrlein-naturfoto.de\/wordpress\/hauptseite-pflanzen\/pflanzen\/blueten-i-orchideen-2\/knabenkraeuter\/\">Knabenkr\u00e4uter II (Dactyrohiza)<\/a><\/span><br \/>\n<a href=\"http:\/\/woerrlein-naturfoto.de\/wordpress\/pflanzen-von-a-z\/\">Pflanzen von A-Z<\/a><br \/>\nZur Galerie <a href=\"https:\/\/woerrlein-naturfoto.de\/wordpress\/hauptseite-pflanzen\/pflanzen\/blueten-i-orchideen-2\/knabenkraeuter\/\">Knabenkr\u00e4uter II<code><\/code><\/a><\/p>\n<p><img loading=\"lazy\" decoding=\"async\" class=\"alignleft wp-image-7033\" src=\"http:\/\/woerrlein-naturfoto.de\/wordpress\/wp-content\/uploads\/2015\/07\/BreitblaettrigesKnabenkraut_D140504_5699_v-400x600.jpg\" alt=\"BreitblaettrigesKnabenkraut_D140504_5699_v.jpg\" width=\"267\" height=\"400\" srcset=\"https:\/\/woerrlein-naturfoto.de\/wordpress\/wp-content\/uploads\/2015\/07\/BreitblaettrigesKnabenkraut_D140504_5699_v-400x600.jpg 400w, https:\/\/woerrlein-naturfoto.de\/wordpress\/wp-content\/uploads\/2015\/07\/BreitblaettrigesKnabenkraut_D140504_5699_v.jpg 567w\" sizes=\"auto, (max-width: 267px) 100vw, 267px\" \/>Das <b>Breitbl\u00e4ttrige Knabenkraut<\/b> (<i>Dactylorhiza majalis<\/i>), auch <b>Breitbl\u00e4ttrige Fingerwurz<\/b> genannt, ist eine auf unged\u00fcngten Feuchtwiesen noch gelegentlich h\u00e4ufig anzutreffende Orchideenart. Es sind ausdauernde krautige Pflanzen, die Wuchsh\u00f6hen von 15 bis 40\u00a0cm, kr\u00e4ftige Pflanzen auch von 60\u00a0cm, erreichen. Die drei bis acht dunkel gefleckten Laubbl\u00e4tter sind am St\u00e4ngel verteilt. Die unteren Laubbl\u00e4tter sind eif\u00f6rmig bis eif\u00f6rmig-lanzettlich mit einer L\u00e4nge von 6 bis 18\u00a0cm und einer Breite von 1,5 bis 3,5\u00a0cm. Die oberen Laubbl\u00e4tter werden zunehmend kleiner und sind mehr lanzettlich geformt. Die Tragbl\u00e4tter sind ungef\u00e4hr so lang wie die Bl\u00fcte, sie bedecken diese vor dem Aufbl\u00fchen. Der 4 bis 15\u00a0cm lange, dichtbl\u00fctige Bl\u00fctenstand ist zun\u00e4chst konisch, im aufgebl\u00fchten Zustand deutlich zylindrisch und enth\u00e4lt 7 bis 40 Bl\u00fcten. Die Bl\u00fcten sind purpurrot, selten hellrosa oder wei\u00df gef\u00e4rbt.<br \/>\nDas Breitbl\u00e4ttrige Knabenkraut w\u00e4chst haupts\u00e4chlich auf stickstoffarmen feuchten bis nassen Wiesen, die aus verschiedenen Pflanzengesellschaften bestehen. Seltener ist es in Niedermooren zu finden. Die Pflanze liebt unbeschattete, sonnige Standorte.<\/p>\n<p><strong>Bl\u00fctezeit:<\/strong>\u00a0\u00a0\u00a0\u00a0 Anfang Mai bis Ende Juli<\/p>\n<p>Zur Galerie <a href=\"https:\/\/woerrlein-naturfoto.de\/wordpress\/hauptseite-pflanzen\/pflanzen\/blueten-i-orchideen-2\/knabenkraeuter\/\">Knabenkr\u00e4uter II<\/a><\/p>\n<p>&nbsp;<\/p>\n<p><em>Quelle des Textauszuges und weitere Infos bei <\/em><a href=\"http:\/\/de.wikipedia.org\/wiki\/Breitbl%C3%A4ttriges_Knabenkraut\" target=\"_blank\" rel=\"noopener noreferrer\">Wikipedia<\/a><em> (<\/em><a href=\"http:\/\/www.gnu.org\/licenses\/fdl-1.3.txt\" target=\"_blank\" rel=\"noopener noreferrer\">GNU-Lizenz<\/a><em>)\u2013 mein Dank gilt den <\/em><a href=\"http:\/\/de.wikipedia.org\/w\/index.php?title=Breitbl%C3%A4ttriges_Knabenkraut&amp;action=history\" target=\"_blank\" rel=\"noopener noreferrer\">Autoren<\/a><em>.<\/em><\/p>\n","protected":false},"excerpt":{"rendered":"<p>Pflanzen -&gt;Orchideen -&gt;\u00a0Knabenkr\u00e4uter II (Dactyrohiza) Pflanzen von A-Z Zur Galerie Knabenkr\u00e4uter II Das Breitbl\u00e4ttrige Knabenkraut (Dactylorhiza majalis), auch Breitbl\u00e4ttrige Fingerwurz genannt, ist eine auf unged\u00fcngten Feuchtwiesen noch gelegentlich h\u00e4ufig anzutreffende Orchideenart. Es sind ausdauernde krautige Pflanzen, die Wuchsh\u00f6hen von 15 bis 40\u00a0cm, kr\u00e4ftige Pflanzen auch von 60\u00a0cm, erreichen. Die drei bis acht dunkel gefleckten Laubbl\u00e4tter &hellip; <a href=\"https:\/\/woerrlein-naturfoto.de\/wordpress\/knabenkraeuter-ii-dactylorhiza-a-z\/breitblaettriges-knabenkraut\/\" class=\"more-link\"><span class=\"screen-reader-text\">Breitbl\u00e4ttriges Knabenkraut<\/span> weiterlesen <span class=\"meta-nav\">&rarr;<\/span><\/a><\/p>\n","protected":false},"author":1,"featured_media":0,"parent":14210,"menu_order":0,"comment_status":"closed","ping_status":"closed","template":"page-templates\/full-width.php","meta":{"footnotes":""},"class_list":["post-4794","page","type-page","status-publish","hentry"],"_links":{"self":[{"href":"https:\/\/woerrlein-naturfoto.de\/wordpress\/wp-json\/wp\/v2\/pages\/4794","targetHints":{"allow":["GET"]}}],"collection":[{"href":"https:\/\/woerrlein-naturfoto.de\/wordpress\/wp-json\/wp\/v2\/pages"}],"about":[{"href":"https:\/\/woerrlein-naturfoto.de\/wordpress\/wp-json\/wp\/v2\/types\/page"}],"author":[{"embeddable":true,"href":"https:\/\/woerrlein-naturfoto.de\/wordpress\/wp-json\/wp\/v2\/users\/1"}],"replies":[{"embeddable":true,"href":"https:\/\/woerrlein-naturfoto.de\/wordpress\/wp-json\/wp\/v2\/comments?post=4794"}],"version-history":[{"count":13,"href":"https:\/\/woerrlein-naturfoto.de\/wordpress\/wp-json\/wp\/v2\/pages\/4794\/revisions"}],"predecessor-version":[{"id":14904,"href":"https:\/\/woerrlein-naturfoto.de\/wordpress\/wp-json\/wp\/v2\/pages\/4794\/revisions\/14904"}],"up":[{"embeddable":true,"href":"https:\/\/woerrlein-naturfoto.de\/wordpress\/wp-json\/wp\/v2\/pages\/14210"}],"wp:attachment":[{"href":"https:\/\/woerrlein-naturfoto.de\/wordpress\/wp-json\/wp\/v2\/media?parent=4794"}],"curies":[{"name":"wp","href":"https:\/\/api.w.org\/{rel}","templated":true}]}}