{"id":473,"date":"2014-05-02T17:44:40","date_gmt":"2014-05-02T15:44:40","guid":{"rendered":"http:\/\/woerrlein-naturfoto.de\/wordpress\/?page_id=473"},"modified":"2015-02-23T13:00:21","modified_gmt":"2015-02-23T12:00:21","slug":"rauhfusskauz","status":"publish","type":"page","link":"https:\/\/woerrlein-naturfoto.de\/wordpress\/eulen_a-z\/rauhfusskauz\/","title":{"rendered":"Raufu\u00dfkauz"},"content":{"rendered":"<p><a href=\"http:\/\/woerrlein-naturfoto.de\/wordpress\/voegel\/\"><span style=\"color: #ffff66;\">V\u00f6gel<\/span> <\/a>-&gt;<a href=\"http:\/\/woerrlein-naturfoto.de\/wordpress\/hauptseite-voegel\/voegel\/eulen\/\"> <span style=\"color: #ffff66;\">Eulen<\/span><\/a><a href=\"http:\/\/woerrlein-naturfoto.de\/wordpress\/voegel\/sperlingsvoegel\/drosseln\"><br \/>\n<\/a><a title=\"V\u00f6gel von A-Z\" href=\"http:\/\/woerrlein-naturfoto.de\/wordpress\/voegel\/voegel_von_a-z\/\">V\u00f6gel von A-Z<\/a><br \/>\nZur Galerie <a title=\"Eulen\" href=\"http:\/\/woerrlein-naturfoto.de\/wordpress\/hauptseite-voegel\/voegel\/eulen\/\">Eulen<\/a><\/p>\n<p><img loading=\"lazy\" decoding=\"async\" class=\"alignleft wp-image-443\" src=\"http:\/\/woerrlein-naturfoto.de\/wordpress\/wp-content\/uploads\/Raufusskauz_15853L_v-400x600.jpg\" alt=\"Raufusskauz_15853L_v.jpg\" width=\"267\" height=\"400\" \/><\/p>\n<p>Der <b>Raufu\u00dfkauz<\/b> (<i>Aegolius funereus<\/i>) ist eine kleine,\u00a0mit einer K\u00f6rperl\u00e4nge von 24 bis 26 Zentimetern etwa steinkauzgro\u00dfe Eule. Die Spannweite betr\u00e4gt 53 bis 60 Zentimeter. Die Geschlechter unterscheiden sich zwar im Gewicht deutlich (\u2642 um die 115 Gramm, \u2640 bis 200 Gramm), nicht aber im Aussehen &#8211; die Weibchen sind etwas gr\u00f6\u00dfer. Der Gesang des Raufu\u00dfkauzes ist unverkennbar: Er besteht aus vier bis zehn sehr schnell gereihten Fl\u00f6tenelementen auf \u201eu(\u00fc)&#8220;, die in der H\u00f6he ansteigen, zaghaft beginnen und deutlich lauter werden und am Ende rein und t\u00f6nend \u201euu\u00fc\u201c klingen. Die Gesangsaktivit\u00e4t beginnt erst mit der v\u00f6lligen Dunkelheit und kann mit einer Unterbrechung in der Nachtmitte bis in die Morgend\u00e4mmerung anhalten. Als Lebensraum werden gro\u00dfe, alte und zusammenh\u00e4ngende W\u00e4lder vor allem mit Tannen, Fichten und Buchen, zuweilen auch Kiefern bevorzugt.<\/p>\n<p>L\u00e4nge: 24-26 cm\u00a0\u00a0 Spannweite: 53-60 cm\u00a0\u00a0 Gewicht: 115-200 g\u00a0\u00a0 Gelege: 3-7 Eier<\/p>\n<p>Zur Galerie <a title=\"Eulen\" href=\"http:\/\/woerrlein-naturfoto.de\/wordpress\/hauptseite-voegel\/voegel\/eulen\/\">Eulen<\/a><\/p>\n<p>&nbsp;<\/p>\n<p><em>Quelle des Textauszuges und weitere Infos bei <\/em><a href=\"http:\/\/de.wikipedia.org\/wiki\/Raufu%C3%9Fkauz\" target=\"_blank\">Wikipedia<\/a> <em>(<\/em><a href=\"http:\/\/www.gnu.org\/licenses\/fdl-1.3.txt\" target=\"_blank\">GNU-Lizenz<\/a><em>)<\/em> \u2013 <em>mein Dank gilt den<\/em> <a href=\"http:\/\/de.wikipedia.org\/w\/index.php?title=Raufu%C3%9Fkauz&amp;action=history\" target=\"_blank\">Autoren<\/a>.<\/p>\n","protected":false},"excerpt":{"rendered":"<p>V\u00f6gel -&gt; Eulen V\u00f6gel von A-Z Zur Galerie Eulen Der Raufu\u00dfkauz (Aegolius funereus) ist eine kleine,\u00a0mit einer K\u00f6rperl\u00e4nge von 24 bis 26 Zentimetern etwa steinkauzgro\u00dfe Eule. Die Spannweite betr\u00e4gt 53 bis 60 Zentimeter. Die Geschlechter unterscheiden sich zwar im Gewicht deutlich (\u2642 um die 115 Gramm, \u2640 bis 200 Gramm), nicht aber im Aussehen &#8211; &hellip; <a href=\"https:\/\/woerrlein-naturfoto.de\/wordpress\/eulen_a-z\/rauhfusskauz\/\" class=\"more-link\"><span class=\"screen-reader-text\">Raufu\u00dfkauz<\/span> weiterlesen <span class=\"meta-nav\">&rarr;<\/span><\/a><\/p>\n","protected":false},"author":1,"featured_media":0,"parent":456,"menu_order":0,"comment_status":"closed","ping_status":"closed","template":"page-templates\/full-width.php","meta":{"footnotes":""},"class_list":["post-473","page","type-page","status-publish","hentry"],"_links":{"self":[{"href":"https:\/\/woerrlein-naturfoto.de\/wordpress\/wp-json\/wp\/v2\/pages\/473","targetHints":{"allow":["GET"]}}],"collection":[{"href":"https:\/\/woerrlein-naturfoto.de\/wordpress\/wp-json\/wp\/v2\/pages"}],"about":[{"href":"https:\/\/woerrlein-naturfoto.de\/wordpress\/wp-json\/wp\/v2\/types\/page"}],"author":[{"embeddable":true,"href":"https:\/\/woerrlein-naturfoto.de\/wordpress\/wp-json\/wp\/v2\/users\/1"}],"replies":[{"embeddable":true,"href":"https:\/\/woerrlein-naturfoto.de\/wordpress\/wp-json\/wp\/v2\/comments?post=473"}],"version-history":[{"count":20,"href":"https:\/\/woerrlein-naturfoto.de\/wordpress\/wp-json\/wp\/v2\/pages\/473\/revisions"}],"predecessor-version":[{"id":6538,"href":"https:\/\/woerrlein-naturfoto.de\/wordpress\/wp-json\/wp\/v2\/pages\/473\/revisions\/6538"}],"up":[{"embeddable":true,"href":"https:\/\/woerrlein-naturfoto.de\/wordpress\/wp-json\/wp\/v2\/pages\/456"}],"wp:attachment":[{"href":"https:\/\/woerrlein-naturfoto.de\/wordpress\/wp-json\/wp\/v2\/media?parent=473"}],"curies":[{"name":"wp","href":"https:\/\/api.w.org\/{rel}","templated":true}]}}