{"id":458,"date":"2014-05-02T17:17:02","date_gmt":"2014-05-02T15:17:02","guid":{"rendered":"http:\/\/woerrlein-naturfoto.de\/wordpress\/?page_id=458"},"modified":"2015-02-23T13:00:05","modified_gmt":"2015-02-23T12:00:05","slug":"habichtskauz","status":"publish","type":"page","link":"https:\/\/woerrlein-naturfoto.de\/wordpress\/eulen_a-z\/habichtskauz\/","title":{"rendered":"Habichtskauz"},"content":{"rendered":"<p><a href=\"http:\/\/woerrlein-naturfoto.de\/wordpress\/voegel\/\"><span style=\"color: #ffff66;\">V\u00f6gel<\/span> <\/a>-&gt;<a href=\"http:\/\/woerrlein-naturfoto.de\/wordpress\/hauptseite-voegel\/voegel\/eulen\/\"> <span style=\"color: #ffff66;\">Eulen<\/span><\/a><a href=\"http:\/\/woerrlein-naturfoto.de\/wordpress\/voegel\/sperlingsvoegel\/drosseln\"><br \/>\n<\/a><a title=\"V\u00f6gel von A-Z\" href=\"http:\/\/woerrlein-naturfoto.de\/wordpress\/voegel\/voegel_von_a-z\/\">V\u00f6gel von A-Z<\/a><br \/>\nZur Galerie <a title=\"Eulen\" href=\"http:\/\/woerrlein-naturfoto.de\/wordpress\/hauptseite-voegel\/voegel\/eulen\/\">Eulen<\/a><\/p>\n<p><img loading=\"lazy\" decoding=\"async\" class=\"alignleft wp-image-445\" src=\"http:\/\/woerrlein-naturfoto.de\/wordpress\/wp-content\/uploads\/Habichtskauz_MW33832_gros+-600x400.jpg\" alt=\"Habichtskauz_MW33832_gros+.jpg\" width=\"600\" height=\"400\" \/><\/p>\n<p>Der <b>Habichtskauz<\/b> (<i>Strix uralensis<\/i>) ist eine gro\u00dfe Eule. Er \u00e4hnelt dem Waldkauz (<i>Strix aluco<\/i>), ist aber kontrastreicher gef\u00e4rbt, bedeutend gr\u00f6\u00dfer und oft mehr als doppelt so schwer wie dieser.<br \/>\nWie bei allen Vertretern dieser Gattung sind Federohren nicht ausgebildet. Die r\u00f6tlich- bis dunkelbraunen, leicht l\u00e4ngs oval und mandelf\u00f6rmigen Augen sind auffallend klein. Der Habichtskauz ist nicht an bestimmte Waldtypen gebunden. In seinem Hauptverbreitungsgebiet in Skandinavien und dem russischen Taigag\u00fcrtel bewohnt er fichtendominierte, mit Birken und Erlen durchsetzte W\u00e4lder mit eher offenem Baumbestand. H\u00e4ufig liegen Habichtskauzhabitate am Rande von Lichtungen, in Kahlschlag- oder Moorgebieten. Der Habichtskauz ist sowohl ein Ansitz- als auch ein Suchflugj\u00e4ger. Er vermag Beutetiere bis zur Gr\u00f6\u00dfe eines kleinen Hasens oder einer Auerhenne zu schlagen. M\u00e4use und Spitzm\u00e4use bilden jedoch zu allen Jahreszeiten die Nahrungsgrundlage, wobei W\u00fchlm\u00e4use eine besonders dominierende Rolle spielen.<\/p>\n<p>L\u00e4nge: 60-62 cm\u00a0\u00a0 Spannweite: 125-135 cm\u00a0\u00a0 Gewicht: 350-500 g\u00a0\u00a0 Gelege: 2-5 Eier<\/p>\n<p>Zur Galerie <a title=\"Eulen\" href=\"http:\/\/woerrlein-naturfoto.de\/wordpress\/hauptseite-voegel\/voegel\/eulen\/\">Eulen<\/a><\/p>\n<p>&nbsp;<\/p>\n<p><em>Quelle des Textauszuges und weitere Infos bei <\/em><a href=\"http:\/\/de.wikipedia.org\/wiki\/Habichtskauz\" target=\"_blank\">Wikipedia<\/a><em> (<\/em><a href=\"http:\/\/www.gnu.org\/licenses\/fdl-1.3.txt\" target=\"_blank\">GNU-Lizenz<\/a><em>)\u2013 mein Dank gilt den <\/em><a href=\"http:\/\/de.wikipedia.org\/w\/index.php?title=Habichtskauz&amp;action=history\" target=\"_blank\">Autoren<\/a><em>.<\/em><\/p>\n","protected":false},"excerpt":{"rendered":"<p>V\u00f6gel -&gt; Eulen V\u00f6gel von A-Z Zur Galerie Eulen Der Habichtskauz (Strix uralensis) ist eine gro\u00dfe Eule. Er \u00e4hnelt dem Waldkauz (Strix aluco), ist aber kontrastreicher gef\u00e4rbt, bedeutend gr\u00f6\u00dfer und oft mehr als doppelt so schwer wie dieser. Wie bei allen Vertretern dieser Gattung sind Federohren nicht ausgebildet. Die r\u00f6tlich- bis dunkelbraunen, leicht l\u00e4ngs oval &hellip; <a href=\"https:\/\/woerrlein-naturfoto.de\/wordpress\/eulen_a-z\/habichtskauz\/\" class=\"more-link\"><span class=\"screen-reader-text\">Habichtskauz<\/span> weiterlesen <span class=\"meta-nav\">&rarr;<\/span><\/a><\/p>\n","protected":false},"author":1,"featured_media":0,"parent":456,"menu_order":0,"comment_status":"closed","ping_status":"closed","template":"page-templates\/full-width.php","meta":{"footnotes":""},"class_list":["post-458","page","type-page","status-publish","hentry"],"_links":{"self":[{"href":"https:\/\/woerrlein-naturfoto.de\/wordpress\/wp-json\/wp\/v2\/pages\/458","targetHints":{"allow":["GET"]}}],"collection":[{"href":"https:\/\/woerrlein-naturfoto.de\/wordpress\/wp-json\/wp\/v2\/pages"}],"about":[{"href":"https:\/\/woerrlein-naturfoto.de\/wordpress\/wp-json\/wp\/v2\/types\/page"}],"author":[{"embeddable":true,"href":"https:\/\/woerrlein-naturfoto.de\/wordpress\/wp-json\/wp\/v2\/users\/1"}],"replies":[{"embeddable":true,"href":"https:\/\/woerrlein-naturfoto.de\/wordpress\/wp-json\/wp\/v2\/comments?post=458"}],"version-history":[{"count":27,"href":"https:\/\/woerrlein-naturfoto.de\/wordpress\/wp-json\/wp\/v2\/pages\/458\/revisions"}],"predecessor-version":[{"id":6537,"href":"https:\/\/woerrlein-naturfoto.de\/wordpress\/wp-json\/wp\/v2\/pages\/458\/revisions\/6537"}],"up":[{"embeddable":true,"href":"https:\/\/woerrlein-naturfoto.de\/wordpress\/wp-json\/wp\/v2\/pages\/456"}],"wp:attachment":[{"href":"https:\/\/woerrlein-naturfoto.de\/wordpress\/wp-json\/wp\/v2\/media?parent=458"}],"curies":[{"name":"wp","href":"https:\/\/api.w.org\/{rel}","templated":true}]}}