{"id":4539,"date":"2015-01-19T20:53:55","date_gmt":"2015-01-19T18:53:55","guid":{"rendered":"http:\/\/woerrlein-naturfoto.de\/wordpress\/?page_id=4539"},"modified":"2015-02-23T12:57:38","modified_gmt":"2015-02-23T11:57:38","slug":"mittelsaeger-2","status":"publish","type":"page","link":"https:\/\/woerrlein-naturfoto.de\/wordpress\/saeger-a-z\/mittelsaeger-2\/","title":{"rendered":"Mittels\u00e4ger"},"content":{"rendered":"<p><a href=\"http:\/\/woerrlein-naturfoto.de\/wordpress\/voegel\/\"><span style=\"color: #ffff66;\">V\u00f6gel<\/span> <\/a>-&gt;<a href=\"http:\/\/woerrlein-naturfoto.de\/wordpress\/hauptseite-voegel\/voegel\/gaensevoegel-2\/\"> <span style=\"color: #ffff66;\">G\u00e4nsev\u00f6gel<\/span> <\/a>-&gt;<a href=\"http:\/\/woerrlein-naturfoto.de\/wordpress\/hauptseite-voegel\/voegel\/saeger\/\"> <span style=\"color: #ffff66;\">S\u00e4ger<\/span><\/a><br \/>\n<a href=\"http:\/\/woerrlein-naturfoto.de\/wordpress\/voegel\/voegel_von_a-z\/\">V\u00f6gel von A-Z<br \/>\n<\/a>Zur Galerie <a href=\"http:\/\/woerrlein-naturfoto.de\/wordpress\/hauptseite-voegel\/voegel\/saeger\/\">S\u00e4ger<\/a><\/p>\n<p><img loading=\"lazy\" decoding=\"async\" class=\"alignleft wp-image-3067\" src=\"http:\/\/woerrlein-naturfoto.de\/wordpress\/wp-content\/uploads\/Mittelsaeger_58356_v-600x400.jpg\" alt=\"Mittelsaeger_58356_v.jpg\" width=\"600\" height=\"400\" srcset=\"https:\/\/woerrlein-naturfoto.de\/wordpress\/wp-content\/uploads\/Mittelsaeger_58356_v-600x400.jpg 600w, https:\/\/woerrlein-naturfoto.de\/wordpress\/wp-content\/uploads\/Mittelsaeger_58356_v-120x80.jpg 120w, https:\/\/woerrlein-naturfoto.de\/wordpress\/wp-content\/uploads\/Mittelsaeger_58356_v.jpg 1000w\" sizes=\"auto, (max-width: 600px) 100vw, 600px\" \/><\/p>\n<p>Der <strong>Mittels\u00e4ger<\/strong> (<em>Mergus serrator<\/em>) ist eine etwa stockentengro\u00dfe Vogelart aus der Familie der Entenv\u00f6gel. Anders als der <a href=\"http:\/\/woerrlein-naturfoto.de\/wordpress\/saeger-a-z\/gaensesaeger\/\">G\u00e4nses\u00e4ger<\/a> ist der Mittels\u00e4ger in Mitteleuropa ein K\u00fcstenvogel und im Binnenland nur sehr selten als Irrgast zu sehen. Die Wattenk\u00fcste der Nordsee z\u00e4hlt f\u00fcr diese Art zu den wichtigen Winterquartieren. Hier versammeln sich im Januar bis zu 10.000 Individuen dieser Art. Der Mittels\u00e4ger kommt vor allem in Nordeuropa, Nordamerika, Asien und den Britischen Inseln vor. Das Haupt\u00fcberwinterungsgebiet liegt in der Nord- und Ostsee. Nur in sehr kalten Wintern weicht er bis ins Mittelmeer aus. Das Brutgebiet reicht \u00fcber die gesamte Nordhalbkugel.<br \/>\nNeben Fischen (nicht gr\u00f6\u00dfer als 10\u00a0cm) ern\u00e4hrt er sich von Krebstieren und W\u00fcrmern. Die Beute wird oft von mehreren S\u00e4gern gejagt und nach einer Treibjagd im Tauchen gefangen.<\/p>\n<p>L\u00e4nge: 52-58 cm\u00a0\u00a0 Spannweite: 70-85 cm\u00a0\u00a0 Gewicht: 900-1200 g\u00a0\u00a0 Gelege: 8-10 Eier<\/p>\n<p>zur Galerie <a href=\"http:\/\/woerrlein-naturfoto.de\/wordpress\/hauptseite-voegel\/voegel\/saeger\/\">S\u00e4ger<\/a><\/p>\n<p>&nbsp;<\/p>\n<p><em>Quelle des Textauszuges und weitere Infos bei <\/em><a href=\"http:\/\/de.wikipedia.org\/wiki\/Mittels%C3%A4ger\">Wikipedia<\/a> <em>(<\/em><a href=\"http:\/\/www.gnu.org\/licenses\/fdl-1.3.txt\">GNU-Lizenz<\/a><em>)<\/em> \u2013 <em>mein Dank gilt den<\/em> <a href=\"http:\/\/de.wikipedia.org\/w\/index.php?title=Mittels%C3%A4ger&amp;action=history\">Autoren<\/a>.<\/p>\n","protected":false},"excerpt":{"rendered":"<p>V\u00f6gel -&gt; G\u00e4nsev\u00f6gel -&gt; S\u00e4ger V\u00f6gel von A-Z Zur Galerie S\u00e4ger Der Mittels\u00e4ger (Mergus serrator) ist eine etwa stockentengro\u00dfe Vogelart aus der Familie der Entenv\u00f6gel. Anders als der G\u00e4nses\u00e4ger ist der Mittels\u00e4ger in Mitteleuropa ein K\u00fcstenvogel und im Binnenland nur sehr selten als Irrgast zu sehen. Die Wattenk\u00fcste der Nordsee z\u00e4hlt f\u00fcr diese Art zu &hellip; <a href=\"https:\/\/woerrlein-naturfoto.de\/wordpress\/saeger-a-z\/mittelsaeger-2\/\" class=\"more-link\"><span class=\"screen-reader-text\">Mittels\u00e4ger<\/span> weiterlesen <span class=\"meta-nav\">&rarr;<\/span><\/a><\/p>\n","protected":false},"author":1,"featured_media":0,"parent":3076,"menu_order":0,"comment_status":"closed","ping_status":"closed","template":"page-templates\/full-width.php","meta":{"footnotes":""},"class_list":["post-4539","page","type-page","status-publish","hentry"],"_links":{"self":[{"href":"https:\/\/woerrlein-naturfoto.de\/wordpress\/wp-json\/wp\/v2\/pages\/4539","targetHints":{"allow":["GET"]}}],"collection":[{"href":"https:\/\/woerrlein-naturfoto.de\/wordpress\/wp-json\/wp\/v2\/pages"}],"about":[{"href":"https:\/\/woerrlein-naturfoto.de\/wordpress\/wp-json\/wp\/v2\/types\/page"}],"author":[{"embeddable":true,"href":"https:\/\/woerrlein-naturfoto.de\/wordpress\/wp-json\/wp\/v2\/users\/1"}],"replies":[{"embeddable":true,"href":"https:\/\/woerrlein-naturfoto.de\/wordpress\/wp-json\/wp\/v2\/comments?post=4539"}],"version-history":[{"count":2,"href":"https:\/\/woerrlein-naturfoto.de\/wordpress\/wp-json\/wp\/v2\/pages\/4539\/revisions"}],"predecessor-version":[{"id":6531,"href":"https:\/\/woerrlein-naturfoto.de\/wordpress\/wp-json\/wp\/v2\/pages\/4539\/revisions\/6531"}],"up":[{"embeddable":true,"href":"https:\/\/woerrlein-naturfoto.de\/wordpress\/wp-json\/wp\/v2\/pages\/3076"}],"wp:attachment":[{"href":"https:\/\/woerrlein-naturfoto.de\/wordpress\/wp-json\/wp\/v2\/media?parent=4539"}],"curies":[{"name":"wp","href":"https:\/\/api.w.org\/{rel}","templated":true}]}}