{"id":42,"date":"2014-03-30T11:25:11","date_gmt":"2014-03-30T09:25:11","guid":{"rendered":"http:\/\/woerrlein-naturfoto.de\/wordpress\/?page_id=42"},"modified":"2015-01-24T15:25:13","modified_gmt":"2015-01-24T13:25:13","slug":"flamingos","status":"publish","type":"page","link":"https:\/\/woerrlein-naturfoto.de\/wordpress\/hauptseite-voegel\/voegel\/flamingos\/","title":{"rendered":"Flamingos"},"content":{"rendered":"<p><a href=\"http:\/\/woerrlein-naturfoto.de\/wordpress\/voegel\/\">V\u00f6gel<\/a><br \/>\n<a title=\"V\u00f6gel von A-Z\" href=\"http:\/\/woerrlein-naturfoto.de\/wordpress\/voegel\/voegel_von_a-z\/\">V\u00f6gel von A-Z<\/a><br \/>\nzur Beschreibung <a title=\"Rosaflamingo\" href=\"http:\/\/woerrlein-naturfoto.de\/wordpress\/rosaflamingo\/\">Flamingos<\/a><\/p>\n<p><code>\t\t\t\t\t\t<div class=\"gallery_box_single\">\n\t\t\t\t\t\t\t\t\t\t\t\t\t\t\t<div class=\"gallery gllr_grid\" data-gllr-columns=\"8\" data-gllr-border-width=\"3\">\n\t\t\t\t\t\t\t\t\t\t\t\t\t\t\t\t\t\t\t\t<div class=\"gllr_image_row\">\n\t\t\t\t\t\t\t\t\t\t\t\t\t\t\t\t\t\t\t\t\t<div class=\"gllr_image_block\">\n\t\t\t\t\t\t\t\t\t\t\t\t<p style=\"\n\t\t\t\t\t\t\t\t\t\t\t\twidth:164px;height:164px;\t\t\t\t\t\t\t\t\t\t\t\t\">\n\t\t\t\t\t\t\t\t\t\t\t\t\t\t\t\t\t\t\t\t\t\t\t\t\t\t\t\t<a data-fancybox=\"gallery_fancybox\" href=\"https:\/\/woerrlein-naturfoto.de\/wordpress\/wp-content\/uploads\/Flamingos_13627L_v.jpg\" title=\"Rosaflamingo - Bild-Nr. Dieter_13627L\" >\n\t\t\t\t\t\t\t\t\t\t\t\t\t\t\t\t<img decoding=\"async\" width=&quot;158&quot; height=&quot;158&quot; style=\"width:158px; height:158px; border-width: 3px; border-color:#F1F1F1;border: 3px solid #F1F1F1\" alt=\"Rosaflamingo\" title=\"Rosaflamingo - Bild-Nr. Dieter_13627L\" src=\"https:\/\/woerrlein-naturfoto.de\/wordpress\/wp-content\/uploads\/Flamingos_13627L_v-200x200.jpg\" rel=\"https:\/\/woerrlein-naturfoto.de\/wordpress\/wp-content\/uploads\/Flamingos_13627L_v.jpg\" \/>\t\t\t\t\t\t\t\t\t\t\t\t\t\t\t<\/a>\n\t\t\t\t\t\t\t\t\t\t\t\t\t\t\t\t\t\t\t\t\t\t\t\t\t\t<\/p>\n\t\t\t\t\t\t\t\t\t\t\t\t\t\t\t\t\t\t\t\t\t\t\t\t\t<div \n\t\t\t\t\t\t\t\t\t\t\t\t\tstyle=\"width:164px;\"\t\t\t\t\t\t\t\t\t\t\t\t\tclass=\"gllr_single_image_text gllr_single_image_text_under\">Rosaflamingo - Bild-Nr. Dieter_13627L&nbsp;<\/div>\n\t\t\t\t\t\t\t\t\t\t\t\t\t\t\t\t\t\t\t\t\t\t\t<\/div><!-- .gllr_image_block -->\n\t\t\t\t\t\t\t\t\t\t\t\t\t\t\t\t\t\t\t\t\t<div class=\"gllr_image_block\">\n\t\t\t\t\t\t\t\t\t\t\t\t<p style=\"\n\t\t\t\t\t\t\t\t\t\t\t\twidth:164px;height:164px;\t\t\t\t\t\t\t\t\t\t\t\t\">\n\t\t\t\t\t\t\t\t\t\t\t\t\t\t\t\t\t\t\t\t\t\t\t\t\t\t\t\t<a data-fancybox=\"gallery_fancybox\" href=\"https:\/\/woerrlein-naturfoto.de\/wordpress\/wp-content\/uploads\/Flamingos_13830L_v.jpg\" title=\"Rosaflamingo - Bild-Nr. Dieter_13830L\" >\n\t\t\t\t\t\t\t\t\t\t\t\t\t\t\t\t<img decoding=\"async\" width=&quot;158&quot; height=&quot;158&quot; style=\"width:158px; height:158px; border-width: 3px; border-color:#F1F1F1;border: 3px solid #F1F1F1\" alt=\"Rosaflamingo\" title=\"Rosaflamingo - Bild-Nr. Dieter_13830L\" src=\"https:\/\/woerrlein-naturfoto.de\/wordpress\/wp-content\/uploads\/Flamingos_13830L_v-200x200.jpg\" rel=\"https:\/\/woerrlein-naturfoto.de\/wordpress\/wp-content\/uploads\/Flamingos_13830L_v.jpg\" \/>\t\t\t\t\t\t\t\t\t\t\t\t\t\t\t<\/a>\n\t\t\t\t\t\t\t\t\t\t\t\t\t\t\t\t\t\t\t\t\t\t\t\t\t\t<\/p>\n\t\t\t\t\t\t\t\t\t\t\t\t\t\t\t\t\t\t\t\t\t\t\t\t\t<div \n\t\t\t\t\t\t\t\t\t\t\t\t\tstyle=\"width:164px;\"\t\t\t\t\t\t\t\t\t\t\t\t\tclass=\"gllr_single_image_text gllr_single_image_text_under\">Rosaflamingo - Bild-Nr. Dieter_13830L&nbsp;<\/div>\n\t\t\t\t\t\t\t\t\t\t\t\t\t\t\t\t\t\t\t\t\t\t\t<\/div><!-- .gllr_image_block -->\n\t\t\t\t\t\t\t\t\t\t\t\t\t\t\t\t\t\t\t\t\t<div class=\"gllr_image_block\">\n\t\t\t\t\t\t\t\t\t\t\t\t<p style=\"\n\t\t\t\t\t\t\t\t\t\t\t\twidth:164px;height:164px;\t\t\t\t\t\t\t\t\t\t\t\t\">\n\t\t\t\t\t\t\t\t\t\t\t\t\t\t\t\t\t\t\t\t\t\t\t\t\t\t\t\t<a data-fancybox=\"gallery_fancybox\" href=\"https:\/\/woerrlein-naturfoto.de\/wordpress\/wp-content\/uploads\/Flamingo_13203L_v.jpg\" title=\"Rosaflamingo - Bild-Nr. Dieter_13203L\" >\n\t\t\t\t\t\t\t\t\t\t\t\t\t\t\t\t<img decoding=\"async\" width=&quot;158&quot; height=&quot;158&quot; style=\"width:158px; height:158px; border-width: 3px; border-color:#F1F1F1;border: 3px solid #F1F1F1\" alt=\"Rosaflamingo\" title=\"Rosaflamingo - Bild-Nr. Dieter_13203L\" src=\"https:\/\/woerrlein-naturfoto.de\/wordpress\/wp-content\/uploads\/Flamingo_13203L_v-200x200.jpg\" rel=\"https:\/\/woerrlein-naturfoto.de\/wordpress\/wp-content\/uploads\/Flamingo_13203L_v.jpg\" \/>\t\t\t\t\t\t\t\t\t\t\t\t\t\t\t<\/a>\n\t\t\t\t\t\t\t\t\t\t\t\t\t\t\t\t\t\t\t\t\t\t\t\t\t\t<\/p>\n\t\t\t\t\t\t\t\t\t\t\t\t\t\t\t\t\t\t\t\t\t\t\t\t\t<div \n\t\t\t\t\t\t\t\t\t\t\t\t\tstyle=\"width:164px;\"\t\t\t\t\t\t\t\t\t\t\t\t\tclass=\"gllr_single_image_text gllr_single_image_text_under\">Rosaflamingo - Bild-Nr. Dieter_13203L&nbsp;<\/div>\n\t\t\t\t\t\t\t\t\t\t\t\t\t\t\t\t\t\t\t\t\t\t\t<\/div><!-- .gllr_image_block -->\n\t\t\t\t\t\t\t\t\t\t\t\t\t\t\t\t\t\t\t\t\t<div class=\"gllr_image_block\">\n\t\t\t\t\t\t\t\t\t\t\t\t<p style=\"\n\t\t\t\t\t\t\t\t\t\t\t\twidth:164px;height:164px;\t\t\t\t\t\t\t\t\t\t\t\t\">\n\t\t\t\t\t\t\t\t\t\t\t\t\t\t\t\t\t\t\t\t\t\t\t\t\t\t\t\t<a data-fancybox=\"gallery_fancybox\" href=\"https:\/\/woerrlein-naturfoto.de\/wordpress\/wp-content\/uploads\/Flamingo_13834L_v.jpg\" title=\"Rosaflamingo - Bild-Nr. Dieter_13843L\" >\n\t\t\t\t\t\t\t\t\t\t\t\t\t\t\t\t<img decoding=\"async\" width=&quot;158&quot; height=&quot;158&quot; style=\"width:158px; height:158px; border-width: 3px; border-color:#F1F1F1;border: 3px solid #F1F1F1\" alt=\"Rosaflamingo\" title=\"Rosaflamingo - Bild-Nr. Dieter_13843L\" src=\"https:\/\/woerrlein-naturfoto.de\/wordpress\/wp-content\/uploads\/Flamingo_13834L_v-200x200.jpg\" rel=\"https:\/\/woerrlein-naturfoto.de\/wordpress\/wp-content\/uploads\/Flamingo_13834L_v.jpg\" \/>\t\t\t\t\t\t\t\t\t\t\t\t\t\t\t<\/a>\n\t\t\t\t\t\t\t\t\t\t\t\t\t\t\t\t\t\t\t\t\t\t\t\t\t\t<\/p>\n\t\t\t\t\t\t\t\t\t\t\t\t\t\t\t\t\t\t\t\t\t\t\t\t\t<div \n\t\t\t\t\t\t\t\t\t\t\t\t\tstyle=\"width:164px;\"\t\t\t\t\t\t\t\t\t\t\t\t\tclass=\"gllr_single_image_text gllr_single_image_text_under\">Rosaflamingo - Bild-Nr. Dieter_13843L&nbsp;<\/div>\n\t\t\t\t\t\t\t\t\t\t\t\t\t\t\t\t\t\t\t\t\t\t\t<\/div><!-- .gllr_image_block -->\n\t\t\t\t\t\t\t\t\t\t\t\t\t\t\t\t\t\t\t\t\t<div class=\"gllr_image_block\">\n\t\t\t\t\t\t\t\t\t\t\t\t<p style=\"\n\t\t\t\t\t\t\t\t\t\t\t\twidth:164px;height:164px;\t\t\t\t\t\t\t\t\t\t\t\t\">\n\t\t\t\t\t\t\t\t\t\t\t\t\t\t\t\t\t\t\t\t\t\t\t\t\t\t\t\t<a data-fancybox=\"gallery_fancybox\" href=\"https:\/\/woerrlein-naturfoto.de\/wordpress\/wp-content\/uploads\/Flamingo_15277L_v.jpg\" title=\"Rosaflamingo - Bild-Nr. Dieter_15277L\" >\n\t\t\t\t\t\t\t\t\t\t\t\t\t\t\t\t<img decoding=\"async\" width=&quot;158&quot; height=&quot;158&quot; style=\"width:158px; height:158px; border-width: 3px; border-color:#F1F1F1;border: 3px solid #F1F1F1\" alt=\"Rosaflamingo\" title=\"Rosaflamingo - Bild-Nr. Dieter_15277L\" src=\"https:\/\/woerrlein-naturfoto.de\/wordpress\/wp-content\/uploads\/Flamingo_15277L_v-200x200.jpg\" rel=\"https:\/\/woerrlein-naturfoto.de\/wordpress\/wp-content\/uploads\/Flamingo_15277L_v.jpg\" \/>\t\t\t\t\t\t\t\t\t\t\t\t\t\t\t<\/a>\n\t\t\t\t\t\t\t\t\t\t\t\t\t\t\t\t\t\t\t\t\t\t\t\t\t\t<\/p>\n\t\t\t\t\t\t\t\t\t\t\t\t\t\t\t\t\t\t\t\t\t\t\t\t\t<div \n\t\t\t\t\t\t\t\t\t\t\t\t\tstyle=\"width:164px;\"\t\t\t\t\t\t\t\t\t\t\t\t\tclass=\"gllr_single_image_text gllr_single_image_text_under\">Rosaflamingo - Bild-Nr. Dieter_15277L&nbsp;<\/div>\n\t\t\t\t\t\t\t\t\t\t\t\t\t\t\t\t\t\t\t\t\t\t\t<\/div><!-- .gllr_image_block -->\n\t\t\t\t\t\t\t\t\t\t\t\t\t\t\t\t\t\t\t\t\t<div class=\"gllr_image_block\">\n\t\t\t\t\t\t\t\t\t\t\t\t<p style=\"\n\t\t\t\t\t\t\t\t\t\t\t\twidth:164px;height:164px;\t\t\t\t\t\t\t\t\t\t\t\t\">\n\t\t\t\t\t\t\t\t\t\t\t\t\t\t\t\t\t\t\t\t\t\t\t\t\t\t\t\t<a data-fancybox=\"gallery_fancybox\" href=\"https:\/\/woerrlein-naturfoto.de\/wordpress\/wp-content\/uploads\/Flamingo_15328L_v.jpg\" title=\"Rosaflamingo - Bild-Nr. Dieter_15328L\" >\n\t\t\t\t\t\t\t\t\t\t\t\t\t\t\t\t<img decoding=\"async\" width=&quot;158&quot; height=&quot;158&quot; style=\"width:158px; height:158px; border-width: 3px; border-color:#F1F1F1;border: 3px solid #F1F1F1\" alt=\"Rosaflamingo\" title=\"Rosaflamingo - Bild-Nr. Dieter_15328L\" src=\"https:\/\/woerrlein-naturfoto.de\/wordpress\/wp-content\/uploads\/Flamingo_15328L_v-200x200.jpg\" rel=\"https:\/\/woerrlein-naturfoto.de\/wordpress\/wp-content\/uploads\/Flamingo_15328L_v.jpg\" \/>\t\t\t\t\t\t\t\t\t\t\t\t\t\t\t<\/a>\n\t\t\t\t\t\t\t\t\t\t\t\t\t\t\t\t\t\t\t\t\t\t\t\t\t\t<\/p>\n\t\t\t\t\t\t\t\t\t\t\t\t\t\t\t\t\t\t\t\t\t\t\t\t\t<div \n\t\t\t\t\t\t\t\t\t\t\t\t\tstyle=\"width:164px;\"\t\t\t\t\t\t\t\t\t\t\t\t\tclass=\"gllr_single_image_text gllr_single_image_text_under\">Rosaflamingo - Bild-Nr. Dieter_15328L&nbsp;<\/div>\n\t\t\t\t\t\t\t\t\t\t\t\t\t\t\t\t\t\t\t\t\t\t\t<\/div><!-- .gllr_image_block -->\n\t\t\t\t\t\t\t\t\t\t\t\t\t\t\t\t\t\t\t\t\t<div class=\"gllr_image_block\">\n\t\t\t\t\t\t\t\t\t\t\t\t<p style=\"\n\t\t\t\t\t\t\t\t\t\t\t\twidth:164px;height:164px;\t\t\t\t\t\t\t\t\t\t\t\t\">\n\t\t\t\t\t\t\t\t\t\t\t\t\t\t\t\t\t\t\t\t\t\t\t\t\t\t\t\t<a data-fancybox=\"gallery_fancybox\" href=\"https:\/\/woerrlein-naturfoto.de\/wordpress\/wp-content\/uploads\/Flamingo_15424L_v.jpg\" title=\"Rosaflamingo - Bild-Nr. Dieter_15454L\" >\n\t\t\t\t\t\t\t\t\t\t\t\t\t\t\t\t<img decoding=\"async\" width=&quot;158&quot; height=&quot;158&quot; style=\"width:158px; height:158px; border-width: 3px; border-color:#F1F1F1;border: 3px solid #F1F1F1\" alt=\"Rosaflamingo\" title=\"Rosaflamingo - Bild-Nr. Dieter_15454L\" src=\"https:\/\/woerrlein-naturfoto.de\/wordpress\/wp-content\/uploads\/Flamingo_15424L_v-200x200.jpg\" rel=\"https:\/\/woerrlein-naturfoto.de\/wordpress\/wp-content\/uploads\/Flamingo_15424L_v.jpg\" \/>\t\t\t\t\t\t\t\t\t\t\t\t\t\t\t<\/a>\n\t\t\t\t\t\t\t\t\t\t\t\t\t\t\t\t\t\t\t\t\t\t\t\t\t\t<\/p>\n\t\t\t\t\t\t\t\t\t\t\t\t\t\t\t\t\t\t\t\t\t\t\t\t\t<div \n\t\t\t\t\t\t\t\t\t\t\t\t\tstyle=\"width:164px;\"\t\t\t\t\t\t\t\t\t\t\t\t\tclass=\"gllr_single_image_text gllr_single_image_text_under\">Rosaflamingo - Bild-Nr. Dieter_15454L&nbsp;<\/div>\n\t\t\t\t\t\t\t\t\t\t\t\t\t\t\t\t\t\t\t\t\t\t\t<\/div><!-- .gllr_image_block -->\n\t\t\t\t\t\t\t\t\t\t\t\t\t\t\t\t\t\t\t\t\t<div class=\"gllr_image_block\">\n\t\t\t\t\t\t\t\t\t\t\t\t<p style=\"\n\t\t\t\t\t\t\t\t\t\t\t\twidth:164px;height:164px;\t\t\t\t\t\t\t\t\t\t\t\t\">\n\t\t\t\t\t\t\t\t\t\t\t\t\t\t\t\t\t\t\t\t\t\t\t\t\t\t\t\t<a data-fancybox=\"gallery_fancybox\" href=\"https:\/\/woerrlein-naturfoto.de\/wordpress\/wp-content\/uploads\/Flamingo_5578L_v.jpg\" title=\"Rosaflamingo - Bild-Nr. Dieter_5578L\" >\n\t\t\t\t\t\t\t\t\t\t\t\t\t\t\t\t<img decoding=\"async\" width=&quot;158&quot; height=&quot;158&quot; style=\"width:158px; height:158px; border-width: 3px; border-color:#F1F1F1;border: 3px solid #F1F1F1\" alt=\"Rosaflamingo\" title=\"Rosaflamingo - Bild-Nr. Dieter_5578L\" src=\"https:\/\/woerrlein-naturfoto.de\/wordpress\/wp-content\/uploads\/Flamingo_5578L_v-200x200.jpg\" rel=\"https:\/\/woerrlein-naturfoto.de\/wordpress\/wp-content\/uploads\/Flamingo_5578L_v.jpg\" \/>\t\t\t\t\t\t\t\t\t\t\t\t\t\t\t<\/a>\n\t\t\t\t\t\t\t\t\t\t\t\t\t\t\t\t\t\t\t\t\t\t\t\t\t\t<\/p>\n\t\t\t\t\t\t\t\t\t\t\t\t\t\t\t\t\t\t\t\t\t\t\t\t\t<div \n\t\t\t\t\t\t\t\t\t\t\t\t\tstyle=\"width:164px;\"\t\t\t\t\t\t\t\t\t\t\t\t\tclass=\"gllr_single_image_text gllr_single_image_text_under\">Rosaflamingo - Bild-Nr. Dieter_5578L&nbsp;<\/div>\n\t\t\t\t\t\t\t\t\t\t\t\t\t\t\t\t\t\t\t\t\t\t\t<\/div><!-- .gllr_image_block -->\n\t\t\t\t\t\t\t\t\t\t\t\t\t\t\t\t\t\t\t\t\t<\/div><!-- .gllr_image_row -->\n\t\t\t\t\t\t\t\t\t\t\t\t\t\t\t\t\t\t\t\t\t\t<div class=\"gllr_image_row\">\n\t\t\t\t\t\t\t\t\t\t\t\t\t\t\t\t\t\t\t\t\t<div class=\"gllr_image_block\">\n\t\t\t\t\t\t\t\t\t\t\t\t<p style=\"\n\t\t\t\t\t\t\t\t\t\t\t\twidth:164px;height:164px;\t\t\t\t\t\t\t\t\t\t\t\t\">\n\t\t\t\t\t\t\t\t\t\t\t\t\t\t\t\t\t\t\t\t\t\t\t\t\t\t\t\t<a data-fancybox=\"gallery_fancybox\" href=\"https:\/\/woerrlein-naturfoto.de\/wordpress\/wp-content\/uploads\/Flamingo_5586L_v.jpg\" title=\"Rosaflamingo - Bild-Nr. Dieter_5586L\" >\n\t\t\t\t\t\t\t\t\t\t\t\t\t\t\t\t<img decoding=\"async\" width=&quot;158&quot; height=&quot;158&quot; style=\"width:158px; height:158px; border-width: 3px; border-color:#F1F1F1;border: 3px solid #F1F1F1\" alt=\"Rosaflamingo\" title=\"Rosaflamingo - Bild-Nr. Dieter_5586L\" src=\"https:\/\/woerrlein-naturfoto.de\/wordpress\/wp-content\/uploads\/Flamingo_5586L_v-200x200.jpg\" rel=\"https:\/\/woerrlein-naturfoto.de\/wordpress\/wp-content\/uploads\/Flamingo_5586L_v.jpg\" \/>\t\t\t\t\t\t\t\t\t\t\t\t\t\t\t<\/a>\n\t\t\t\t\t\t\t\t\t\t\t\t\t\t\t\t\t\t\t\t\t\t\t\t\t\t<\/p>\n\t\t\t\t\t\t\t\t\t\t\t\t\t\t\t\t\t\t\t\t\t\t\t\t\t<div \n\t\t\t\t\t\t\t\t\t\t\t\t\tstyle=\"width:164px;\"\t\t\t\t\t\t\t\t\t\t\t\t\tclass=\"gllr_single_image_text gllr_single_image_text_under\">Rosaflamingo - Bild-Nr. Dieter_5586L&nbsp;<\/div>\n\t\t\t\t\t\t\t\t\t\t\t\t\t\t\t\t\t\t\t\t\t\t\t<\/div><!-- .gllr_image_block -->\n\t\t\t\t\t\t\t\t\t\t\t\t\t\t\t\t\t\t\t\t\t<div class=\"clear\"><\/div>\n\t\t\t\t\t\t\t\t\t\t<\/div><!-- .gllr_image_row -->\n\t\t\t\t\t\t\t\t\t\t\t\t\t\t\t\t\t<\/div><!-- .gallery.clearfix -->\n\t\t\t\t\t\t\t\t\t\t\t\t\t\t<\/div><!-- .gallery_box_single -->\n\t\t\t\t\t\t<div class=\"gllr_clear\"><\/div>\n\t\t\t\t\t\t<\/code><\/p>\n<p>zur Beschreibung <a title=\"Rosaflamingo\" href=\"http:\/\/woerrlein-naturfoto.de\/wordpress\/rosaflamingo\/\">Flamingos<\/a><a title=\"V\u00f6gel von A-Z\" href=\"http:\/\/woerrlein-naturfoto.de\/wordpress\/voegel\/voegel_von_a-z\/\"><br \/>\nV\u00f6gel von A-Z<\/a><a href=\"http:\/\/woerrlein-naturfoto.de\/wordpress\/voegel\/\"><br \/>\nV\u00f6gel<\/a><\/p>\n","protected":false},"excerpt":{"rendered":"<p>V\u00f6gel V\u00f6gel von A-Z zur Beschreibung Flamingos zur Beschreibung Flamingos V\u00f6gel von A-Z V\u00f6gel<\/p>\n","protected":false},"author":1,"featured_media":0,"parent":7,"menu_order":0,"comment_status":"closed","ping_status":"closed","template":"page-templates\/full-width.php","meta":{"footnotes":""},"class_list":["post-42","page","type-page","status-publish","hentry"],"_links":{"self":[{"href":"https:\/\/woerrlein-naturfoto.de\/wordpress\/wp-json\/wp\/v2\/pages\/42","targetHints":{"allow":["GET"]}}],"collection":[{"href":"https:\/\/woerrlein-naturfoto.de\/wordpress\/wp-json\/wp\/v2\/pages"}],"about":[{"href":"https:\/\/woerrlein-naturfoto.de\/wordpress\/wp-json\/wp\/v2\/types\/page"}],"author":[{"embeddable":true,"href":"https:\/\/woerrlein-naturfoto.de\/wordpress\/wp-json\/wp\/v2\/users\/1"}],"replies":[{"embeddable":true,"href":"https:\/\/woerrlein-naturfoto.de\/wordpress\/wp-json\/wp\/v2\/comments?post=42"}],"version-history":[{"count":12,"href":"https:\/\/woerrlein-naturfoto.de\/wordpress\/wp-json\/wp\/v2\/pages\/42\/revisions"}],"predecessor-version":[{"id":4728,"href":"https:\/\/woerrlein-naturfoto.de\/wordpress\/wp-json\/wp\/v2\/pages\/42\/revisions\/4728"}],"up":[{"embeddable":true,"href":"https:\/\/woerrlein-naturfoto.de\/wordpress\/wp-json\/wp\/v2\/pages\/7"}],"wp:attachment":[{"href":"https:\/\/woerrlein-naturfoto.de\/wordpress\/wp-json\/wp\/v2\/media?parent=42"}],"curies":[{"name":"wp","href":"https:\/\/api.w.org\/{rel}","templated":true}]}}