{"id":4008,"date":"2015-01-12T21:17:02","date_gmt":"2015-01-12T19:17:02","guid":{"rendered":"http:\/\/woerrlein-naturfoto.de\/wordpress\/?page_id=4008"},"modified":"2015-02-11T22:21:09","modified_gmt":"2015-02-11T21:21:09","slug":"wasserlaeufer","status":"publish","type":"page","link":"https:\/\/woerrlein-naturfoto.de\/wordpress\/wanzen-wasserlaeufer-a-z\/wasserlaeufer\/","title":{"rendered":"Wasserl\u00e4ufer"},"content":{"rendered":"<p><a href=\"http:\/\/woerrlein-naturfoto.de\/wordpress\/insekten\/\"><span style=\"color: #ffff66;\">Insekten<\/span> <\/a>-&gt;<a href=\"http:\/\/woerrlein-naturfoto.de\/wordpress\/hauptseite-insekten\/insekten\/wanzen-wasserlaeufer-2\/\"> <span style=\"color: #ffff66;\">Wanzen, Wasserl\u00e4ufer<\/span><\/a><br \/>\n<a title=\"Insekten A-Z\" href=\"http:\/\/woerrlein-naturfoto.de\/wordpress\/insekten-a-z\/\">Insekten von A-Z<\/a><br \/>\nzur Galerie <a title=\"Wanzen, Wasserl\u00e4ufer\" href=\"http:\/\/woerrlein-naturfoto.de\/wordpress\/hauptseite-insekten\/insekten\/wanzen-wasserlaeufer-2\/\">Wanzen, Wasserl\u00e4ufer<\/a><\/p>\n<p><img loading=\"lazy\" decoding=\"async\" class=\"alignleft wp-image-3979\" src=\"http:\/\/woerrlein-naturfoto.de\/wordpress\/wp-content\/uploads\/Wasserlaeufer_61396_v--600x400.jpg\" alt=\"Wasserlaeufer_61396_v-.jpg\" width=\"600\" height=\"400\" srcset=\"https:\/\/woerrlein-naturfoto.de\/wordpress\/wp-content\/uploads\/Wasserlaeufer_61396_v--600x400.jpg 600w, https:\/\/woerrlein-naturfoto.de\/wordpress\/wp-content\/uploads\/Wasserlaeufer_61396_v--120x80.jpg 120w, https:\/\/woerrlein-naturfoto.de\/wordpress\/wp-content\/uploads\/Wasserlaeufer_61396_v-.jpg 1000w\" sizes=\"auto, (max-width: 600px) 100vw, 600px\" \/>Die <b>Wasserl\u00e4ufer<\/b> (Gerridae &#8211; umgangssprachlich und regional auch <b>Schneider<\/b> oder <b>Wasserschneider<\/b>) sind eine Familie innerhalb der Unterordnung der Wanzen. Sie kommen in Europa mit 16 Arten vor, davon leben 10 Arten der Gattung <i>Gerris<\/i> in Mitteleuropa. Die Arten sind sehr schwer voneinander zu unterscheiden. Wasserl\u00e4ufer leben in m\u00e4\u00dfig belastetem Wasser und ben\u00f6tigen eine Wassertemperatur von 11-15\u00a0\u00b0C. Sie ern\u00e4hren sich r\u00e4uberisch von verschiedenen Insekten, die ins Wasser fallen. Die ums \u00dcberleben rudernden Tiere reizen die empfindlichen Vibrationssinnesorgane in den Beinen, wodurch die Beute geortet werden kann. Die Fortbewegung erfolgt mit gleichm\u00e4\u00dfigem Rudern der mittleren Beinpaare, wobei die Tiere mit bis zu 1,5 m\/s sehr schnell werden k\u00f6nnen. Ebenso k\u00f6nnen auch 30 bis 40 Zentimeter hohe und weite Spr\u00fcnge beobachtet werden.<\/p>\n<p>Zur Galerie <a title=\"Wanzen, Wasserl\u00e4ufer\" href=\"http:\/\/woerrlein-naturfoto.de\/wordpress\/hauptseite-insekten\/insekten\/wanzen-wasserlaeufer-2\/\">Wanzen, Wasserl\u00e4ufer<\/a><\/p>\n<p>&nbsp;<\/p>\n<p><em>Quelle des Textauszuges und weitere Infos bei <\/em><a href=\"http:\/\/de.wikipedia.org\/wiki\/Wasserl%C3%A4ufer\" target=\"_blank\">Wikipedia<\/a><em> (<\/em><a href=\"http:\/\/www.gnu.org\/licenses\/fdl-1.3.txt\" target=\"_blank\">GNU-Lizenz<\/a><em>)\u2013 mein Dank gilt den <\/em><a href=\"http:\/\/de.wikipedia.org\/w\/index.php?title=Wasserl%C3%A4ufer&amp;action=history\" target=\"_blank\">Autoren<\/a><em>.<\/em><\/p>\n","protected":false},"excerpt":{"rendered":"<p>Insekten -&gt; Wanzen, Wasserl\u00e4ufer Insekten von A-Z zur Galerie Wanzen, Wasserl\u00e4ufer Die Wasserl\u00e4ufer (Gerridae &#8211; umgangssprachlich und regional auch Schneider oder Wasserschneider) sind eine Familie innerhalb der Unterordnung der Wanzen. Sie kommen in Europa mit 16 Arten vor, davon leben 10 Arten der Gattung Gerris in Mitteleuropa. Die Arten sind sehr schwer voneinander zu unterscheiden. &hellip; <a href=\"https:\/\/woerrlein-naturfoto.de\/wordpress\/wanzen-wasserlaeufer-a-z\/wasserlaeufer\/\" class=\"more-link\"><span class=\"screen-reader-text\">Wasserl\u00e4ufer<\/span> weiterlesen <span class=\"meta-nav\">&rarr;<\/span><\/a><\/p>\n","protected":false},"author":1,"featured_media":0,"parent":3992,"menu_order":0,"comment_status":"closed","ping_status":"closed","template":"page-templates\/full-width.php","meta":{"footnotes":""},"class_list":["post-4008","page","type-page","status-publish","hentry"],"_links":{"self":[{"href":"https:\/\/woerrlein-naturfoto.de\/wordpress\/wp-json\/wp\/v2\/pages\/4008","targetHints":{"allow":["GET"]}}],"collection":[{"href":"https:\/\/woerrlein-naturfoto.de\/wordpress\/wp-json\/wp\/v2\/pages"}],"about":[{"href":"https:\/\/woerrlein-naturfoto.de\/wordpress\/wp-json\/wp\/v2\/types\/page"}],"author":[{"embeddable":true,"href":"https:\/\/woerrlein-naturfoto.de\/wordpress\/wp-json\/wp\/v2\/users\/1"}],"replies":[{"embeddable":true,"href":"https:\/\/woerrlein-naturfoto.de\/wordpress\/wp-json\/wp\/v2\/comments?post=4008"}],"version-history":[{"count":3,"href":"https:\/\/woerrlein-naturfoto.de\/wordpress\/wp-json\/wp\/v2\/pages\/4008\/revisions"}],"predecessor-version":[{"id":5843,"href":"https:\/\/woerrlein-naturfoto.de\/wordpress\/wp-json\/wp\/v2\/pages\/4008\/revisions\/5843"}],"up":[{"embeddable":true,"href":"https:\/\/woerrlein-naturfoto.de\/wordpress\/wp-json\/wp\/v2\/pages\/3992"}],"wp:attachment":[{"href":"https:\/\/woerrlein-naturfoto.de\/wordpress\/wp-json\/wp\/v2\/media?parent=4008"}],"curies":[{"name":"wp","href":"https:\/\/api.w.org\/{rel}","templated":true}]}}