{"id":4004,"date":"2015-01-12T21:06:05","date_gmt":"2015-01-12T19:06:05","guid":{"rendered":"http:\/\/woerrlein-naturfoto.de\/wordpress\/?page_id=4004"},"modified":"2015-02-11T22:19:49","modified_gmt":"2015-02-11T21:19:49","slug":"rotbeinige-baumwanze","status":"publish","type":"page","link":"https:\/\/woerrlein-naturfoto.de\/wordpress\/wanzen-wasserlaeufer-a-z\/rotbeinige-baumwanze\/","title":{"rendered":"Rotbeinige Baumwanze"},"content":{"rendered":"<p><a href=\"http:\/\/woerrlein-naturfoto.de\/wordpress\/insekten\/\"><span style=\"color: #ffff66;\">Insekten<\/span> <\/a>-&gt;<a href=\"http:\/\/woerrlein-naturfoto.de\/wordpress\/hauptseite-insekten\/insekten\/wanzen-wasserlaeufer-2\/\"> <span style=\"color: #ffff66;\">Wanzen, Wasserl\u00e4ufer<\/span><\/a><br \/>\n<a title=\"Insekten A-Z\" href=\"http:\/\/woerrlein-naturfoto.de\/wordpress\/insekten-a-z\/\">Insekten von A-Z<\/a><br \/>\nzur Galerie <a title=\"Wanzen, Wasserl\u00e4ufer\" href=\"http:\/\/woerrlein-naturfoto.de\/wordpress\/hauptseite-insekten\/insekten\/wanzen-wasserlaeufer-2\/\">Wanzen, Wasserl\u00e4ufer<\/a><\/p>\n<p><img loading=\"lazy\" decoding=\"async\" class=\"alignleft wp-image-3985\" src=\"http:\/\/woerrlein-naturfoto.de\/wordpress\/wp-content\/uploads\/RotbeinigeBaumwanze_21839-600x400.jpg\" alt=\"RotbeinigeBaumwanze_21839.jpg\" width=\"600\" height=\"400\" srcset=\"https:\/\/woerrlein-naturfoto.de\/wordpress\/wp-content\/uploads\/RotbeinigeBaumwanze_21839-600x400.jpg 600w, https:\/\/woerrlein-naturfoto.de\/wordpress\/wp-content\/uploads\/RotbeinigeBaumwanze_21839-120x80.jpg 120w, https:\/\/woerrlein-naturfoto.de\/wordpress\/wp-content\/uploads\/RotbeinigeBaumwanze_21839.jpg 1000w\" sizes=\"auto, (max-width: 600px) 100vw, 600px\" \/>Die <b>Rotbeinige Baumwanze<\/b> (<i>Pentatoma rufipes<\/i>) geh\u00f6rt zur Familie der Baumwanzen. Das <a title=\"Epitheton\" href=\"http:\/\/de.wikipedia.org\/wiki\/Epitheton\" target=\"_blank\">Epitheton<\/a> <i>rufipes<\/i> bedeutet \u201erotf\u00fc\u00dfig\u201c beziehungsweise \u201erotbeinig\u201c und nimmt auf die roten Beine der Wanze Bezug. Sie ist eine der gr\u00f6\u00dften mitteleurop\u00e4ischen Wanzenarten. Die Rotbeinige Baumwanze erreicht K\u00f6rperl\u00e4ngen zwischen 13 und 15 Millimeter. Sie ist im Herbst dunkelbraun, im Sommer heller, meist bronzefarben gef\u00e4rbt. Die Seitenr\u00e4nder des Halsschildes sind stark nach oben geschwungen und laufen in fast rechteckig gewinkelte und jeweils mit einem spitzen Zahn versehene Lappen aus. Das Schildchen ist an der Spitze leuchtend orange gef\u00e4rbt. Die Beine und das erste Segment der F\u00fchler sind meist rotbraun.<\/p>\n<p>Zur Galerie <a title=\"Wanzen, Wasserl\u00e4ufer\" href=\"http:\/\/woerrlein-naturfoto.de\/wordpress\/hauptseite-insekten\/insekten\/wanzen-wasserlaeufer-2\/\">Wanzen, Wasserl\u00e4ufer<\/a><\/p>\n<p>&nbsp;<\/p>\n<p><em>Quelle des Textauszuges und weitere Infos bei <\/em><a href=\"http:\/\/de.wikipedia.org\/wiki\/Rotbeinige_Baumwanze\" target=\"_blank\">Wikipedia<\/a><em> (<\/em><a href=\"http:\/\/www.gnu.org\/licenses\/fdl-1.3.txt\" target=\"_blank\">GNU-Lizenz<\/a><em>)\u2013 mein Dank gilt den <\/em><a href=\"http:\/\/de.wikipedia.org\/w\/index.php?title=Rotbeinige_Baumwanze&amp;action=history\" target=\"_blank\">Autoren<\/a><em>.<\/em><\/p>\n","protected":false},"excerpt":{"rendered":"<p>Insekten -&gt; Wanzen, Wasserl\u00e4ufer Insekten von A-Z zur Galerie Wanzen, Wasserl\u00e4ufer Die Rotbeinige Baumwanze (Pentatoma rufipes) geh\u00f6rt zur Familie der Baumwanzen. Das Epitheton rufipes bedeutet \u201erotf\u00fc\u00dfig\u201c beziehungsweise \u201erotbeinig\u201c und nimmt auf die roten Beine der Wanze Bezug. Sie ist eine der gr\u00f6\u00dften mitteleurop\u00e4ischen Wanzenarten. Die Rotbeinige Baumwanze erreicht K\u00f6rperl\u00e4ngen zwischen 13 und 15 Millimeter. Sie &hellip; <a href=\"https:\/\/woerrlein-naturfoto.de\/wordpress\/wanzen-wasserlaeufer-a-z\/rotbeinige-baumwanze\/\" class=\"more-link\"><span class=\"screen-reader-text\">Rotbeinige Baumwanze<\/span> weiterlesen <span class=\"meta-nav\">&rarr;<\/span><\/a><\/p>\n","protected":false},"author":1,"featured_media":0,"parent":3992,"menu_order":0,"comment_status":"closed","ping_status":"closed","template":"page-templates\/full-width.php","meta":{"footnotes":""},"class_list":["post-4004","page","type-page","status-publish","hentry"],"_links":{"self":[{"href":"https:\/\/woerrlein-naturfoto.de\/wordpress\/wp-json\/wp\/v2\/pages\/4004","targetHints":{"allow":["GET"]}}],"collection":[{"href":"https:\/\/woerrlein-naturfoto.de\/wordpress\/wp-json\/wp\/v2\/pages"}],"about":[{"href":"https:\/\/woerrlein-naturfoto.de\/wordpress\/wp-json\/wp\/v2\/types\/page"}],"author":[{"embeddable":true,"href":"https:\/\/woerrlein-naturfoto.de\/wordpress\/wp-json\/wp\/v2\/users\/1"}],"replies":[{"embeddable":true,"href":"https:\/\/woerrlein-naturfoto.de\/wordpress\/wp-json\/wp\/v2\/comments?post=4004"}],"version-history":[{"count":3,"href":"https:\/\/woerrlein-naturfoto.de\/wordpress\/wp-json\/wp\/v2\/pages\/4004\/revisions"}],"predecessor-version":[{"id":5841,"href":"https:\/\/woerrlein-naturfoto.de\/wordpress\/wp-json\/wp\/v2\/pages\/4004\/revisions\/5841"}],"up":[{"embeddable":true,"href":"https:\/\/woerrlein-naturfoto.de\/wordpress\/wp-json\/wp\/v2\/pages\/3992"}],"wp:attachment":[{"href":"https:\/\/woerrlein-naturfoto.de\/wordpress\/wp-json\/wp\/v2\/media?parent=4004"}],"curies":[{"name":"wp","href":"https:\/\/api.w.org\/{rel}","templated":true}]}}