{"id":4002,"date":"2015-01-12T20:59:02","date_gmt":"2015-01-12T18:59:02","guid":{"rendered":"http:\/\/woerrlein-naturfoto.de\/wordpress\/?page_id=4002"},"modified":"2015-02-11T22:18:50","modified_gmt":"2015-02-11T21:18:50","slug":"purpur-baumwanze","status":"publish","type":"page","link":"https:\/\/woerrlein-naturfoto.de\/wordpress\/wanzen-wasserlaeufer-a-z\/purpur-baumwanze\/","title":{"rendered":"Purpur-Baumwanze"},"content":{"rendered":"<p><a href=\"http:\/\/woerrlein-naturfoto.de\/wordpress\/insekten\/\"><span style=\"color: #ffff66;\">Insekten<\/span> <\/a>-&gt;<a href=\"http:\/\/woerrlein-naturfoto.de\/wordpress\/hauptseite-insekten\/insekten\/wanzen-wasserlaeufer-2\/\"> <span style=\"color: #ffff66;\">Wanzen, Wasserl\u00e4ufer<\/span><\/a><br \/>\n<a title=\"Insekten A-Z\" href=\"http:\/\/woerrlein-naturfoto.de\/wordpress\/insekten-a-z\/\">Insekten von A-Z<\/a><br \/>\nzur Galerie <a title=\"Wanzen, Wasserl\u00e4ufer\" href=\"http:\/\/woerrlein-naturfoto.de\/wordpress\/hauptseite-insekten\/insekten\/wanzen-wasserlaeufer-2\/\">Wanzen, Wasserl\u00e4ufer<\/a><\/p>\n<p><img loading=\"lazy\" decoding=\"async\" class=\"alignleft wp-image-3986\" src=\"http:\/\/woerrlein-naturfoto.de\/wordpress\/wp-content\/uploads\/PurpurBaumwanzen_18171-400x600.jpg\" alt=\"PurpurBaumwanzen_18171.jpg\" width=\"267\" height=\"400\" srcset=\"https:\/\/woerrlein-naturfoto.de\/wordpress\/wp-content\/uploads\/PurpurBaumwanzen_18171-400x600.jpg 400w, https:\/\/woerrlein-naturfoto.de\/wordpress\/wp-content\/uploads\/PurpurBaumwanzen_18171.jpg 567w\" sizes=\"auto, (max-width: 267px) 100vw, 267px\" \/>Die <b>Purpur-Baumwanze<\/b> (<em>Carpocoris purpureipennis<\/em>) geh\u00f6rt zur Familie der Baumwanzen. Sie erreicht eine K\u00f6rperl\u00e4nge von 11 bis 14 Millimetern. Die Schildchen haben eine Stufe und einen konkaven aber nicht gekerbten Seitenrand. Die Schildchenspitze ist braun und die Seiten des Hinterleibes sind hell-dunkel gemustert.<br \/>\nPurpur-Baumwanzen sind vor allem auf Dolden- und Korbbl\u00fctlern, und auf der K\u00f6nigskerze zu finden.<br \/>\nZur Galerie <a title=\"Wanzen, Wasserl\u00e4ufer\" href=\"http:\/\/woerrlein-naturfoto.de\/wordpress\/hauptseite-insekten\/insekten\/wanzen-wasserlaeufer-2\/\">Wanzen, Wasserl\u00e4ufer<\/a><\/p>\n<p>&nbsp;<\/p>\n<p>Textquelle: Sauers Naturf\u00fchrer &#8211; Wanzen und Zikaden<\/p>\n<p>&nbsp;<\/p>\n","protected":false},"excerpt":{"rendered":"<p>Insekten -&gt; Wanzen, Wasserl\u00e4ufer Insekten von A-Z zur Galerie Wanzen, Wasserl\u00e4ufer Die Purpur-Baumwanze (Carpocoris purpureipennis) geh\u00f6rt zur Familie der Baumwanzen. Sie erreicht eine K\u00f6rperl\u00e4nge von 11 bis 14 Millimetern. Die Schildchen haben eine Stufe und einen konkaven aber nicht gekerbten Seitenrand. Die Schildchenspitze ist braun und die Seiten des Hinterleibes sind hell-dunkel gemustert. Purpur-Baumwanzen sind &hellip; <a href=\"https:\/\/woerrlein-naturfoto.de\/wordpress\/wanzen-wasserlaeufer-a-z\/purpur-baumwanze\/\" class=\"more-link\"><span class=\"screen-reader-text\">Purpur-Baumwanze<\/span> weiterlesen <span class=\"meta-nav\">&rarr;<\/span><\/a><\/p>\n","protected":false},"author":1,"featured_media":0,"parent":3992,"menu_order":0,"comment_status":"closed","ping_status":"closed","template":"page-templates\/full-width.php","meta":{"footnotes":""},"class_list":["post-4002","page","type-page","status-publish","hentry"],"_links":{"self":[{"href":"https:\/\/woerrlein-naturfoto.de\/wordpress\/wp-json\/wp\/v2\/pages\/4002","targetHints":{"allow":["GET"]}}],"collection":[{"href":"https:\/\/woerrlein-naturfoto.de\/wordpress\/wp-json\/wp\/v2\/pages"}],"about":[{"href":"https:\/\/woerrlein-naturfoto.de\/wordpress\/wp-json\/wp\/v2\/types\/page"}],"author":[{"embeddable":true,"href":"https:\/\/woerrlein-naturfoto.de\/wordpress\/wp-json\/wp\/v2\/users\/1"}],"replies":[{"embeddable":true,"href":"https:\/\/woerrlein-naturfoto.de\/wordpress\/wp-json\/wp\/v2\/comments?post=4002"}],"version-history":[{"count":3,"href":"https:\/\/woerrlein-naturfoto.de\/wordpress\/wp-json\/wp\/v2\/pages\/4002\/revisions"}],"predecessor-version":[{"id":5840,"href":"https:\/\/woerrlein-naturfoto.de\/wordpress\/wp-json\/wp\/v2\/pages\/4002\/revisions\/5840"}],"up":[{"embeddable":true,"href":"https:\/\/woerrlein-naturfoto.de\/wordpress\/wp-json\/wp\/v2\/pages\/3992"}],"wp:attachment":[{"href":"https:\/\/woerrlein-naturfoto.de\/wordpress\/wp-json\/wp\/v2\/media?parent=4002"}],"curies":[{"name":"wp","href":"https:\/\/api.w.org\/{rel}","templated":true}]}}