{"id":3994,"date":"2015-01-12T13:48:39","date_gmt":"2015-01-12T11:48:39","guid":{"rendered":"http:\/\/woerrlein-naturfoto.de\/wordpress\/?page_id=3994"},"modified":"2015-02-11T22:17:28","modified_gmt":"2015-02-11T21:17:28","slug":"gartenwanze","status":"publish","type":"page","link":"https:\/\/woerrlein-naturfoto.de\/wordpress\/wanzen-wasserlaeufer-a-z\/gartenwanze\/","title":{"rendered":"Gartenwanze"},"content":{"rendered":"<p><a href=\"http:\/\/woerrlein-naturfoto.de\/wordpress\/insekten\/\"><span style=\"color: #ffff66;\">Insekten<\/span> <\/a>-&gt;<a href=\"http:\/\/woerrlein-naturfoto.de\/wordpress\/hauptseite-insekten\/insekten\/wanzen-wasserlaeufer-2\/\"> <span style=\"color: #ffff66;\">Wanzen, Wasserl\u00e4ufer<\/span><\/a><br \/>\n<a title=\"Insekten A-Z\" href=\"http:\/\/woerrlein-naturfoto.de\/wordpress\/insekten-a-z\/\">Insekten von A-Z<\/a><br \/>\nzur Galerie <a title=\"Wanzen, Wasserl\u00e4ufer\" href=\"http:\/\/woerrlein-naturfoto.de\/wordpress\/hauptseite-insekten\/insekten\/wanzen-wasserlaeufer-2\/\">Wanzen, Wasserl\u00e4ufer<\/a><\/p>\n<p><img loading=\"lazy\" decoding=\"async\" class=\"alignleft wp-image-3982\" src=\"http:\/\/woerrlein-naturfoto.de\/wordpress\/wp-content\/uploads\/Gartenwanze_15802-600x400.jpg\" alt=\"Gartenwanze_15802.jpg\" width=\"600\" height=\"400\" \/>Die <b>Graue Gartenwanze<\/b> (<i>Rhaphigaster nebulosa<\/i>) geh\u00f6rt zur Familie der Baumwanzen. Sie wird gelegentlich auch als Graue Feldwanze bezeichnet. Die Graue Gartenwanze erreicht eine L\u00e4nge von 14 bis 16 Millimeter. Sie ist schmutzig graugelb bis braun gef\u00e4rbt mit ungleichm\u00e4\u00dfig verteilten Punktgruben auf der K\u00f6rperoberseite. Die Membran der Vorderfl\u00fcgel ist h\u00e4ufig dunkelbraun gefleckt. Der Seitenrand des Hinterleibs ist mit einem schwarzgelbem Muster versehen. Die F\u00fchler sind schwarzgelb geringelt, dabei ist das dritte und f\u00fcnfte F\u00fchlerglied hellgelb gef\u00e4rbt. Die Weibchen kleben im sp\u00e4ten Fr\u00fchling etwa 40 Eier in Streifen oder Scheiben an Pflanzenteile. Die schl\u00fcpfenden jungen Wanzen sind in ihrer F\u00e4rbung variabel und fl\u00fcgellos. Erst ab dem dritten <a title=\"Nymphe (Zoologie)\" href=\"http:\/\/de.wikipedia.org\/wiki\/Nymphe_%28Zoologie%29\" target=\"_blank\">Nymphenstadium<\/a> sind kurze Stummelfl\u00fcgel erkennbar. Zur Feindabwehr besitzen die Jungwanzen Stinkdr\u00fcsen auf dem R\u00fccken, bei den adulten Tieren befinden sich diese an der Unterseite der Brust. Bei Bedrohung wird ein stark riechendes Sekret abgegeben.<\/p>\n<p>Zur Galerie <a title=\"Wanzen, Wasserl\u00e4ufer\" href=\"http:\/\/woerrlein-naturfoto.de\/wordpress\/hauptseite-insekten\/insekten\/wanzen-wasserlaeufer-2\/\">Wanzen, Wasserl\u00e4ufer<\/a><\/p>\n<p>&nbsp;<\/p>\n<p><em>Quelle des Textauszuges und weitere Infos bei <\/em><a href=\"http:\/\/de.wikipedia.org\/wiki\/Graue_Gartenwanze\" target=\"_blank\">Wikipedia<\/a><em> (<\/em><a href=\"http:\/\/www.gnu.org\/licenses\/fdl-1.3.txt\" target=\"_blank\">GNU-Lizenz<\/a><em>)\u2013 mein Dank gilt den <\/em><a href=\"http:\/\/de.wikipedia.org\/w\/index.php?title=Graue_Gartenwanze&amp;action=history\" target=\"_blank\">Autoren<\/a><em>.<\/em><\/p>\n","protected":false},"excerpt":{"rendered":"<p>Insekten -&gt; Wanzen, Wasserl\u00e4ufer Insekten von A-Z zur Galerie Wanzen, Wasserl\u00e4ufer Die Graue Gartenwanze (Rhaphigaster nebulosa) geh\u00f6rt zur Familie der Baumwanzen. Sie wird gelegentlich auch als Graue Feldwanze bezeichnet. Die Graue Gartenwanze erreicht eine L\u00e4nge von 14 bis 16 Millimeter. Sie ist schmutzig graugelb bis braun gef\u00e4rbt mit ungleichm\u00e4\u00dfig verteilten Punktgruben auf der K\u00f6rperoberseite. Die &hellip; <a href=\"https:\/\/woerrlein-naturfoto.de\/wordpress\/wanzen-wasserlaeufer-a-z\/gartenwanze\/\" class=\"more-link\"><span class=\"screen-reader-text\">Gartenwanze<\/span> weiterlesen <span class=\"meta-nav\">&rarr;<\/span><\/a><\/p>\n","protected":false},"author":1,"featured_media":0,"parent":3992,"menu_order":0,"comment_status":"closed","ping_status":"closed","template":"page-templates\/full-width.php","meta":{"footnotes":""},"class_list":["post-3994","page","type-page","status-publish","hentry"],"_links":{"self":[{"href":"https:\/\/woerrlein-naturfoto.de\/wordpress\/wp-json\/wp\/v2\/pages\/3994","targetHints":{"allow":["GET"]}}],"collection":[{"href":"https:\/\/woerrlein-naturfoto.de\/wordpress\/wp-json\/wp\/v2\/pages"}],"about":[{"href":"https:\/\/woerrlein-naturfoto.de\/wordpress\/wp-json\/wp\/v2\/types\/page"}],"author":[{"embeddable":true,"href":"https:\/\/woerrlein-naturfoto.de\/wordpress\/wp-json\/wp\/v2\/users\/1"}],"replies":[{"embeddable":true,"href":"https:\/\/woerrlein-naturfoto.de\/wordpress\/wp-json\/wp\/v2\/comments?post=3994"}],"version-history":[{"count":6,"href":"https:\/\/woerrlein-naturfoto.de\/wordpress\/wp-json\/wp\/v2\/pages\/3994\/revisions"}],"predecessor-version":[{"id":5838,"href":"https:\/\/woerrlein-naturfoto.de\/wordpress\/wp-json\/wp\/v2\/pages\/3994\/revisions\/5838"}],"up":[{"embeddable":true,"href":"https:\/\/woerrlein-naturfoto.de\/wordpress\/wp-json\/wp\/v2\/pages\/3992"}],"wp:attachment":[{"href":"https:\/\/woerrlein-naturfoto.de\/wordpress\/wp-json\/wp\/v2\/media?parent=3994"}],"curies":[{"name":"wp","href":"https:\/\/api.w.org\/{rel}","templated":true}]}}