{"id":3963,"date":"2015-01-11T18:20:27","date_gmt":"2015-01-11T16:20:27","guid":{"rendered":"http:\/\/woerrlein-naturfoto.de\/wordpress\/?page_id=3963"},"modified":"2020-08-30T16:14:11","modified_gmt":"2020-08-30T14:14:11","slug":"zitronenfalter","status":"publish","type":"page","link":"https:\/\/woerrlein-naturfoto.de\/wordpress\/weisslinge-a-z\/zitronenfalter\/","title":{"rendered":"Zitronenfalter"},"content":{"rendered":"<p><a href=\"http:\/\/woerrlein-naturfoto.de\/wordpress\/insekten\/\"><span style=\"color: #ffff66;\">Insekten<\/span> <\/a>-&gt;<a href=\"http:\/\/woerrlein-naturfoto.de\/wordpress\/hauptseite-insekten\/insekten\/schmetterlinge-2\/\"> <span style=\"color: #ffff66;\">Schmetterlinge<\/span><\/a><br \/>\n<a title=\"Insekten A-Z\" href=\"http:\/\/woerrlein-naturfoto.de\/wordpress\/insekten-a-z\/\">Insekten von A-Z<\/a><br \/>\nzur Galerie <a href=\"https:\/\/woerrlein-naturfoto.de\/wordpress\/hauptseite-insekten\/insekten\/schmetterlinge-2\/weisslinge-2\/\">Wei\u00dflinge<\/a><\/p>\n<p><img loading=\"lazy\" decoding=\"async\" class=\"alignleft wp-image-3891\" src=\"http:\/\/woerrlein-naturfoto.de\/wordpress\/wp-content\/uploads\/Zitronenfalter_34703-600x400.jpg\" alt=\"Zitronenfalter_34703.jpg\" width=\"600\" height=\"400\" \/>Der <b>Zitronenfalter<\/b> (<i>Gonepteryx rhamni<\/i>) ist ein Schmetterling (Tagfalter) aus der Familie der Wei\u00dflinge. Der Zitronenfalter ist <a title=\"Insekt des Jahres\" href=\"http:\/\/de.wikipedia.org\/wiki\/Insekt_des_Jahres\" target=\"_blank\" rel=\"noopener noreferrer\">Insekt des Jahres<\/a> <a title=\"2002\" href=\"http:\/\/de.wikipedia.org\/wiki\/2002\">2002<\/a>. Die Falter erreichen eine Fl\u00fcgelspannweite von 50 bis 55 Millimetern. Sie haben intensiv zitronengelb (M\u00e4nnchen) bzw. blass gr\u00fcnlich-wei\u00df (Weibchen) gef\u00e4rbte Vorder- und Hinterfl\u00fcgel. Die Weibchen k\u00f6nnen auf den ersten Blick mit dem Gro\u00dfen Kohlwei\u00dfling (<i>Pieris brassicae<\/i>) verwechselt werden, jedoch kann man sie anhand der charakteristischen Fl\u00fcgelform gut voneinander unterscheiden. Alle vier Fl\u00fcgel der Zitronenfalter sind an den Spitzen deutlich zugespitzt. Beide Geschlechter haben je einen orangen Augenfleck auf ihren Fl\u00fcgeloberseiten, auf den Unterseiten sind diese br\u00e4unlich gef\u00e4rbt. Die Fl\u00fcgeladern sind deutlich sichtbar und treten stark hervor. Am Fl\u00fcgelansatz, auf der Oberseite des K\u00f6rpers, dem Kopf und den F\u00fchlern sind sie dunkelviolett gef\u00e4rbt.<\/p>\n<p><strong>Flugzeit:<\/strong>\u00a0\u00a0\u00a0\u00a0 Februar bis Oktober in einer Generation<\/p>\n<p>Zur Galerie <a href=\"https:\/\/woerrlein-naturfoto.de\/wordpress\/hauptseite-insekten\/insekten\/schmetterlinge-2\/weisslinge-2\/\">Wei\u00dflinge<\/a><\/p>\n<p>&nbsp;<\/p>\n<p><em>Quelle des Textauszuges und weitere Infos bei <\/em><a href=\"http:\/\/de.wikipedia.org\/wiki\/Zitronenfalter\" target=\"_blank\" rel=\"noopener noreferrer\">Wikipedia<\/a><em> (<\/em><a href=\"http:\/\/www.gnu.org\/licenses\/fdl-1.3.txt\" target=\"_blank\" rel=\"noopener noreferrer\">GNU-Lizenz<\/a><em>)\u2013 mein Dank gilt den <\/em><a href=\"http:\/\/de.wikipedia.org\/w\/index.php?title=Zitronenfalter&amp;action=history\" target=\"_blank\" rel=\"noopener noreferrer\">Autoren<\/a><em>.<\/em><\/p>\n","protected":false},"excerpt":{"rendered":"<p>Insekten -&gt; Schmetterlinge Insekten von A-Z zur Galerie Wei\u00dflinge Der Zitronenfalter (Gonepteryx rhamni) ist ein Schmetterling (Tagfalter) aus der Familie der Wei\u00dflinge. Der Zitronenfalter ist Insekt des Jahres 2002. Die Falter erreichen eine Fl\u00fcgelspannweite von 50 bis 55 Millimetern. Sie haben intensiv zitronengelb (M\u00e4nnchen) bzw. blass gr\u00fcnlich-wei\u00df (Weibchen) gef\u00e4rbte Vorder- und Hinterfl\u00fcgel. Die Weibchen k\u00f6nnen &hellip; <a href=\"https:\/\/woerrlein-naturfoto.de\/wordpress\/weisslinge-a-z\/zitronenfalter\/\" class=\"more-link\"><span class=\"screen-reader-text\">Zitronenfalter<\/span> weiterlesen <span class=\"meta-nav\">&rarr;<\/span><\/a><\/p>\n","protected":false},"author":1,"featured_media":0,"parent":12524,"menu_order":0,"comment_status":"closed","ping_status":"closed","template":"page-templates\/full-width.php","meta":{"footnotes":""},"class_list":["post-3963","page","type-page","status-publish","hentry"],"_links":{"self":[{"href":"https:\/\/woerrlein-naturfoto.de\/wordpress\/wp-json\/wp\/v2\/pages\/3963","targetHints":{"allow":["GET"]}}],"collection":[{"href":"https:\/\/woerrlein-naturfoto.de\/wordpress\/wp-json\/wp\/v2\/pages"}],"about":[{"href":"https:\/\/woerrlein-naturfoto.de\/wordpress\/wp-json\/wp\/v2\/types\/page"}],"author":[{"embeddable":true,"href":"https:\/\/woerrlein-naturfoto.de\/wordpress\/wp-json\/wp\/v2\/users\/1"}],"replies":[{"embeddable":true,"href":"https:\/\/woerrlein-naturfoto.de\/wordpress\/wp-json\/wp\/v2\/comments?post=3963"}],"version-history":[{"count":6,"href":"https:\/\/woerrlein-naturfoto.de\/wordpress\/wp-json\/wp\/v2\/pages\/3963\/revisions"}],"predecessor-version":[{"id":12529,"href":"https:\/\/woerrlein-naturfoto.de\/wordpress\/wp-json\/wp\/v2\/pages\/3963\/revisions\/12529"}],"up":[{"embeddable":true,"href":"https:\/\/woerrlein-naturfoto.de\/wordpress\/wp-json\/wp\/v2\/pages\/12524"}],"wp:attachment":[{"href":"https:\/\/woerrlein-naturfoto.de\/wordpress\/wp-json\/wp\/v2\/media?parent=3963"}],"curies":[{"name":"wp","href":"https:\/\/api.w.org\/{rel}","templated":true}]}}