{"id":3961,"date":"2015-01-11T18:13:04","date_gmt":"2015-01-11T16:13:04","guid":{"rendered":"http:\/\/woerrlein-naturfoto.de\/wordpress\/?page_id=3961"},"modified":"2019-10-02T15:32:56","modified_gmt":"2019-10-02T13:32:56","slug":"sechsfleck-widderchen","status":"publish","type":"page","link":"https:\/\/woerrlein-naturfoto.de\/wordpress\/nachtfalter-a-z\/sechsfleck-widderchen\/","title":{"rendered":"Sechsfleck-Widderchen"},"content":{"rendered":"<p><a href=\"http:\/\/woerrlein-naturfoto.de\/wordpress\/insekten\/\"><span style=\"color: #ffff66;\">Insekten<\/span> <\/a>-&gt;<a href=\"http:\/\/woerrlein-naturfoto.de\/wordpress\/hauptseite-insekten\/insekten\/schmetterlinge-2\/\"> <span style=\"color: #ffff66;\">Schmetterlinge<\/span><\/a>-&gt;<a href=\"https:\/\/woerrlein-naturfoto.de\/wordpress\/hauptseite-insekten\/insekten\/schmetterlinge-2\/nachtfalter\/\"><span style=\"color: #ffff66;\">Nachtfalter<\/span><\/a><br \/>\n<a title=\"Insekten A-Z\" href=\"http:\/\/woerrlein-naturfoto.de\/wordpress\/insekten-a-z\/\">Insekten von A-Z<\/a><br \/>\nzur Galerie <a href=\"https:\/\/woerrlein-naturfoto.de\/wordpress\/hauptseite-insekten\/insekten\/schmetterlinge-2\/nachtfalter\/\">Nachtfalter<\/a><\/p>\n<p><img loading=\"lazy\" decoding=\"async\" class=\"alignleft wp-image-3882\" src=\"http:\/\/woerrlein-naturfoto.de\/wordpress\/wp-content\/uploads\/Widderchen_9980_v-400x600.jpg\" alt=\"Widderchen_9980_v.jpg\" width=\"267\" height=\"400\" srcset=\"https:\/\/woerrlein-naturfoto.de\/wordpress\/wp-content\/uploads\/Widderchen_9980_v-400x600.jpg 400w, https:\/\/woerrlein-naturfoto.de\/wordpress\/wp-content\/uploads\/Widderchen_9980_v.jpg 567w\" sizes=\"auto, (max-width: 267px) 100vw, 267px\" \/>Das <b>Sechsfleck-Widderchen<\/b> (<i>Zygaena filipendulae<\/i>), auch <b>Blutstr\u00f6pfchen<\/b> oder <b>Erdeichel-Widderchen<\/b> genannt, ist ein Schmetterling (Nachtfalter) aus der Familie Widderchen. Die Art wird auch als Sechsfleck-Rotwidderchen bezeichnet. Das Sechsfleck-Widderchen zeichnet sich durch sechs rote Flecken auf den Vorderfl\u00fcgeln aus, wobei die beiden vorderen Flecken miteinander verschmelzen k\u00f6nnen. Die Hinterfl\u00fcgel sind intensiv rot gef\u00e4rbt. Diese auff\u00e4llige F\u00e4rbung mit den schwarz-rot gef\u00e4rbten Fl\u00fcgeln signalisiert Fressfeinden, dass die Art giftig ist (Warnfarbe). Die Falter erreichen eine Fl\u00fcgelspannweite von etwa 38 Millimeter. Die Raupen sind etwa 22 Millimeter lang und zeichnen sich durch eine schwarze Kopfkapsel aus. Sie sind gedrungen gebaut und verj\u00fcngen sich an beiden Enden abrupt. Die Weibchen legen von Juli bis August die Eier auf den Futterpflanzen ab. Zu den Raupenfutterpflanzen z\u00e4hlen Hornklee und Kronwicken. Die Raupen fressen bis in den Herbst hinein, \u00fcberwintern und sind im darauf folgenden Jahr im Juni ausgewachsen. Ein Teil der Raupen kann ein zweites Mal \u00fcberwintern.<\/p>\n<p><strong>Flugzeit:<\/strong>\u00a0\u00a0\u00a0\u00a0 Juni bis Juli in einer Generation<\/p>\n<p>Zur Galerie <a href=\"https:\/\/woerrlein-naturfoto.de\/wordpress\/hauptseite-insekten\/insekten\/schmetterlinge-2\/nachtfalter\/\">Nachtfalter<\/a><\/p>\n<p>&nbsp;<\/p>\n<p><em>Quelle des Textauszuges und weitere Infos bei <\/em><a href=\"http:\/\/de.wikipedia.org\/wiki\/Sechsfleck-Widderchen\" target=\"_blank\" rel=\"noopener noreferrer\">Wikipedia<\/a><em> (<\/em><a href=\"http:\/\/www.gnu.org\/licenses\/fdl-1.3.txt\" target=\"_blank\" rel=\"noopener noreferrer\">GNU-Lizenz<\/a><em>)\u2013 mein Dank gilt den <\/em><a href=\"http:\/\/de.wikipedia.org\/w\/index.php?title=Sechsfleck-Widderchen&amp;action=history\" target=\"_blank\" rel=\"noopener noreferrer\">Autoren<\/a><em>.<\/em><\/p>\n","protected":false},"excerpt":{"rendered":"<p>Insekten -&gt; Schmetterlinge-&gt;Nachtfalter Insekten von A-Z zur Galerie Nachtfalter Das Sechsfleck-Widderchen (Zygaena filipendulae), auch Blutstr\u00f6pfchen oder Erdeichel-Widderchen genannt, ist ein Schmetterling (Nachtfalter) aus der Familie Widderchen. Die Art wird auch als Sechsfleck-Rotwidderchen bezeichnet. Das Sechsfleck-Widderchen zeichnet sich durch sechs rote Flecken auf den Vorderfl\u00fcgeln aus, wobei die beiden vorderen Flecken miteinander verschmelzen k\u00f6nnen. Die Hinterfl\u00fcgel &hellip; <a href=\"https:\/\/woerrlein-naturfoto.de\/wordpress\/nachtfalter-a-z\/sechsfleck-widderchen\/\" class=\"more-link\"><span class=\"screen-reader-text\">Sechsfleck-Widderchen<\/span> weiterlesen <span class=\"meta-nav\">&rarr;<\/span><\/a><\/p>\n","protected":false},"author":1,"featured_media":0,"parent":11172,"menu_order":0,"comment_status":"closed","ping_status":"closed","template":"page-templates\/full-width.php","meta":{"footnotes":""},"class_list":["post-3961","page","type-page","status-publish","hentry"],"_links":{"self":[{"href":"https:\/\/woerrlein-naturfoto.de\/wordpress\/wp-json\/wp\/v2\/pages\/3961","targetHints":{"allow":["GET"]}}],"collection":[{"href":"https:\/\/woerrlein-naturfoto.de\/wordpress\/wp-json\/wp\/v2\/pages"}],"about":[{"href":"https:\/\/woerrlein-naturfoto.de\/wordpress\/wp-json\/wp\/v2\/types\/page"}],"author":[{"embeddable":true,"href":"https:\/\/woerrlein-naturfoto.de\/wordpress\/wp-json\/wp\/v2\/users\/1"}],"replies":[{"embeddable":true,"href":"https:\/\/woerrlein-naturfoto.de\/wordpress\/wp-json\/wp\/v2\/comments?post=3961"}],"version-history":[{"count":5,"href":"https:\/\/woerrlein-naturfoto.de\/wordpress\/wp-json\/wp\/v2\/pages\/3961\/revisions"}],"predecessor-version":[{"id":11200,"href":"https:\/\/woerrlein-naturfoto.de\/wordpress\/wp-json\/wp\/v2\/pages\/3961\/revisions\/11200"}],"up":[{"embeddable":true,"href":"https:\/\/woerrlein-naturfoto.de\/wordpress\/wp-json\/wp\/v2\/pages\/11172"}],"wp:attachment":[{"href":"https:\/\/woerrlein-naturfoto.de\/wordpress\/wp-json\/wp\/v2\/media?parent=3961"}],"curies":[{"name":"wp","href":"https:\/\/api.w.org\/{rel}","templated":true}]}}