{"id":3959,"date":"2015-01-11T18:05:21","date_gmt":"2015-01-11T16:05:21","guid":{"rendered":"http:\/\/woerrlein-naturfoto.de\/wordpress\/?page_id=3959"},"modified":"2022-07-20T15:15:51","modified_gmt":"2022-07-20T13:15:51","slug":"silbergruener-blaeuling","status":"publish","type":"page","link":"https:\/\/woerrlein-naturfoto.de\/wordpress\/blaeulinge-a-z\/silbergruener-blaeuling\/","title":{"rendered":"Silbergr\u00fcner Bl\u00e4uling"},"content":{"rendered":"<p><a href=\"http:\/\/woerrlein-naturfoto.de\/wordpress\/insekten\/\"><span style=\"color: #ffff66;\">Insekten<\/span> <\/a>-&gt;<a href=\"http:\/\/woerrlein-naturfoto.de\/wordpress\/hauptseite-insekten\/insekten\/schmetterlinge-2\/\"> <span style=\"color: #ffff66;\">Schmetterlinge<\/span><\/a><br \/>\n<a title=\"Insekten A-Z\" href=\"http:\/\/woerrlein-naturfoto.de\/wordpress\/insekten-a-z\/\">Insekten von A-Z<\/a><br \/>\nzur Galerie <a href=\"https:\/\/woerrlein-naturfoto.de\/wordpress\/hauptseite-insekten\/insekten\/schmetterlinge-2\/blaeulinge\/\">Bl\u00e4ulinge I<\/a><\/p>\n<p><img loading=\"lazy\" decoding=\"async\" class=\"alignleft wp-image-3879\" src=\"http:\/\/woerrlein-naturfoto.de\/wordpress\/wp-content\/uploads\/SilbergruenerBlaeuling_62421_v-400x600.jpg\" alt=\"SilbergruenerBlaeuling_62421_v.jpg\" width=\"267\" height=\"400\" srcset=\"https:\/\/woerrlein-naturfoto.de\/wordpress\/wp-content\/uploads\/SilbergruenerBlaeuling_62421_v-400x600.jpg 400w, https:\/\/woerrlein-naturfoto.de\/wordpress\/wp-content\/uploads\/SilbergruenerBlaeuling_62421_v.jpg 567w\" sizes=\"auto, (max-width: 267px) 100vw, 267px\" \/>Der <b>Silbergr\u00fcne Bl\u00e4uling<\/b> (<i>Polyommatus coridon<\/i>) ist ein Schmetterling (Tagfalter) aus der Familie der Bl\u00e4ulinge. Die Art besiedelt trockene und sonnige, schwach bewachsene Habitate und kommt trotz des R\u00fcckgangs solcher Lebensr\u00e4ume meist noch h\u00e4ufig und in gro\u00dfen Individuenzahlen vor. Wie bei vielen Bl\u00e4ulingen leben auch die Raupen des Silbergr\u00fcnen Bl\u00e4ulings in Symbiose mit Ameisen.<br \/>\nDie Falter erreichen eine Fl\u00fcgelspannweite von 30 bis 35 Millimeter. Die Fl\u00fcgeloberseiten der M\u00e4nnchen sind hell silbrig- bis gr\u00fcnblau gef\u00e4rbt, au\u00dfen am Fl\u00fcgelrand sind sie dunkel. Das Blau kann je nach Vorkommen und Unterart unterschiedlich ausgebildet sein. Der Au\u00dfenrand ist wei\u00df mit dunklen Flecken gefranst. Die Weibchen kommen in zwei Farbvarianten vor. Bei der einen Variante sind die Fl\u00fcgeloberseiten dunkelbraun, am Ansatz nur wenig bl\u00e4ulich gest\u00e4ubt und tragen entlang des Au\u00dfenrandes, am Hinterfl\u00fcgel kr\u00e4ftiger, vorne nur schwach, eine Reihe von orangen, an der Au\u00dfenseite schwarz gef\u00e4rbte Flecke. Bei der anderen Variante sind die Fl\u00fcgeloberseiten intensiver blau gef\u00e4rbt als bei den M\u00e4nnchen und besitzen vor dem Au\u00dfenrand (Submarginalregion) eine braune F\u00e4rbung.<\/p>\n<p><strong>Flugzeit:<\/strong>\u00a0\u00a0\u00a0\u00a0 Juli bis August in einer Generation<\/p>\n<p>Zur Galerie <a href=\"https:\/\/woerrlein-naturfoto.de\/wordpress\/hauptseite-insekten\/insekten\/schmetterlinge-2\/blaeulinge\/\">Bl\u00e4ulinge I<\/a><\/p>\n<p>&nbsp;<\/p>\n<p><em>Quelle des Textauszuges und weitere Infos bei <\/em><a href=\"http:\/\/de.wikipedia.org\/wiki\/Silbergr%C3%BCner_Bl%C3%A4uling\" target=\"_blank\" rel=\"noopener noreferrer\">Wikipedia<\/a><em> (<\/em><a href=\"http:\/\/www.gnu.org\/licenses\/fdl-1.3.txt\" target=\"_blank\" rel=\"noopener noreferrer\">GNU-Lizenz<\/a><em>)\u2013 mein Dank gilt den <\/em><a href=\"http:\/\/de.wikipedia.org\/w\/index.php?title=Silbergr%C3%BCner_Bl%C3%A4uling&amp;action=history\" target=\"_blank\" rel=\"noopener noreferrer\">Autoren<\/a><em>.<\/em><\/p>\n","protected":false},"excerpt":{"rendered":"<p>Insekten -&gt; Schmetterlinge Insekten von A-Z zur Galerie Bl\u00e4ulinge I Der Silbergr\u00fcne Bl\u00e4uling (Polyommatus coridon) ist ein Schmetterling (Tagfalter) aus der Familie der Bl\u00e4ulinge. Die Art besiedelt trockene und sonnige, schwach bewachsene Habitate und kommt trotz des R\u00fcckgangs solcher Lebensr\u00e4ume meist noch h\u00e4ufig und in gro\u00dfen Individuenzahlen vor. Wie bei vielen Bl\u00e4ulingen leben auch die &hellip; <a href=\"https:\/\/woerrlein-naturfoto.de\/wordpress\/blaeulinge-a-z\/silbergruener-blaeuling\/\" class=\"more-link\"><span class=\"screen-reader-text\">Silbergr\u00fcner Bl\u00e4uling<\/span> weiterlesen <span class=\"meta-nav\">&rarr;<\/span><\/a><\/p>\n","protected":false},"author":1,"featured_media":0,"parent":11125,"menu_order":0,"comment_status":"closed","ping_status":"closed","template":"page-templates\/full-width.php","meta":{"footnotes":""},"class_list":["post-3959","page","type-page","status-publish","hentry"],"_links":{"self":[{"href":"https:\/\/woerrlein-naturfoto.de\/wordpress\/wp-json\/wp\/v2\/pages\/3959","targetHints":{"allow":["GET"]}}],"collection":[{"href":"https:\/\/woerrlein-naturfoto.de\/wordpress\/wp-json\/wp\/v2\/pages"}],"about":[{"href":"https:\/\/woerrlein-naturfoto.de\/wordpress\/wp-json\/wp\/v2\/types\/page"}],"author":[{"embeddable":true,"href":"https:\/\/woerrlein-naturfoto.de\/wordpress\/wp-json\/wp\/v2\/users\/1"}],"replies":[{"embeddable":true,"href":"https:\/\/woerrlein-naturfoto.de\/wordpress\/wp-json\/wp\/v2\/comments?post=3959"}],"version-history":[{"count":5,"href":"https:\/\/woerrlein-naturfoto.de\/wordpress\/wp-json\/wp\/v2\/pages\/3959\/revisions"}],"predecessor-version":[{"id":15019,"href":"https:\/\/woerrlein-naturfoto.de\/wordpress\/wp-json\/wp\/v2\/pages\/3959\/revisions\/15019"}],"up":[{"embeddable":true,"href":"https:\/\/woerrlein-naturfoto.de\/wordpress\/wp-json\/wp\/v2\/pages\/11125"}],"wp:attachment":[{"href":"https:\/\/woerrlein-naturfoto.de\/wordpress\/wp-json\/wp\/v2\/media?parent=3959"}],"curies":[{"name":"wp","href":"https:\/\/api.w.org\/{rel}","templated":true}]}}