{"id":3956,"date":"2015-01-11T17:53:07","date_gmt":"2015-01-11T15:53:07","guid":{"rendered":"http:\/\/woerrlein-naturfoto.de\/wordpress\/?page_id=3956"},"modified":"2022-07-20T18:16:44","modified_gmt":"2022-07-20T16:16:44","slug":"schwalbenschwanz","status":"publish","type":"page","link":"https:\/\/woerrlein-naturfoto.de\/wordpress\/ritterfalter-a-z\/schwalbenschwanz\/","title":{"rendered":"Schwalbenschwanz"},"content":{"rendered":"<p><span style=\"color: #ffff00;\"><a href=\"http:\/\/woerrlein-naturfoto.de\/wordpress\/insekten\/\"><span style=\"color: #ffff66;\"><span style=\"color: #ffff00;\">Insekten<\/span><\/span><\/a><\/span> -&gt; <span style=\"color: #ffff00;\"><a href=\"http:\/\/woerrlein-naturfoto.de\/wordpress\/hauptseite-insekten\/insekten\/schmetterlinge-2\/\"><span style=\"color: #ffff66;\"><span style=\"color: #ffff00;\">Schmetterlinge<\/span><\/span><\/a><\/span>-&gt;<a href=\"https:\/\/woerrlein-naturfoto.de\/wordpress\/hauptseite-insekten\/insekten\/schmetterlinge-2\/Ritterfalter\/\"><span style=\"color: #ffff66;\"><span style=\"color: #ffff00;\">Ritterfalter<\/span><\/span><\/a><br \/>\n<a title=\"Insekten A-Z\" href=\"http:\/\/woerrlein-naturfoto.de\/wordpress\/insekten-a-z\/\">Insekten von A-Z<\/a><br \/>\nzur Galerie <a href=\"https:\/\/woerrlein-naturfoto.de\/wordpress\/hauptseite-insekten\/insekten\/schmetterlinge-2\/ritterfalter\/\">Ritterfalter<\/a><\/p>\n<p><img loading=\"lazy\" decoding=\"async\" class=\"alignleft wp-image-3876\" src=\"http:\/\/woerrlein-naturfoto.de\/wordpress\/wp-content\/uploads\/Schwalbenschwanz_44610_v-600x400.jpg\" alt=\"Schwalbenschwanz_44610_v.jpg\" width=\"600\" height=\"400\" srcset=\"https:\/\/woerrlein-naturfoto.de\/wordpress\/wp-content\/uploads\/Schwalbenschwanz_44610_v-600x400.jpg 600w, https:\/\/woerrlein-naturfoto.de\/wordpress\/wp-content\/uploads\/Schwalbenschwanz_44610_v-120x80.jpg 120w, https:\/\/woerrlein-naturfoto.de\/wordpress\/wp-content\/uploads\/Schwalbenschwanz_44610_v.jpg 1000w\" sizes=\"auto, (max-width: 600px) 100vw, 600px\" \/>Der <b>Schwalbenschwanz<\/b> (<i>Papilio machaon<\/i>) ist ein Schmetterling aus der Familie der Ritterfalter. Der Schwalbenschwanz ist neben dem Segelfalter einer der gr\u00f6\u00dften und auff\u00e4lligsten Tagfalter des deutschsprachigen Raums und hat eine Fl\u00fcgelspannweite von 50 bis 75 Millimetern. Er ist gelb und schwarz gemustert mit einer blauen Binde und roten Augenflecken an der hinteren Innenseite der Hinterfl\u00fcgel. An den Hinterfl\u00fcgeln stehen kurze, gr\u00f6\u00dftenteils schwarz gef\u00e4rbte \u201eSchw\u00e4nzchen\u201c ab. Er hat lange Haare an den Vorderbeinen, die als Putzk\u00e4mmchen dienen.<br \/>\nDie zweite Generation eines Jahres unterscheidet sich durch kr\u00e4ftige Farben und gelb best\u00e4ubte schwarze Zeichnungselemente von der ersten Generation des Jahres. <i>Papilio machaon<\/i> lebt in ein bis drei Generationen in sonnigem und offenen Gel\u00e4nde, wie z. B. mageren Gr\u00fcnlandbest\u00e4nden und auf Trockenrasen. Auf Ackerfl\u00e4chen wird er nur vereinzelt gefunden, in G\u00e4rten vor allem, wenn dort M\u00f6hren, Dill und Fenchel angebaut werden.<\/p>\n<p><strong>Flugzeit:<\/strong>\u00a0\u00a0\u00a0\u00a0 April bis Oktober in mehreren Generationen<\/p>\n<p>Zur Galerie <a href=\"https:\/\/woerrlein-naturfoto.de\/wordpress\/hauptseite-insekten\/insekten\/schmetterlinge-2\/ritterfalter\/\">Ritterfalter<\/a><\/p>\n<p>&nbsp;<\/p>\n<p><em>Quelle des Textauszuges und weitere Infos bei <\/em><a href=\"http:\/\/de.wikipedia.org\/wiki\/Schwalbenschwanz_%28Schmetterling%29\" target=\"_blank\" rel=\"noopener noreferrer\">Wikipedia<\/a><em> (<\/em><a href=\"http:\/\/www.gnu.org\/licenses\/fdl-1.3.txt\" target=\"_blank\" rel=\"noopener noreferrer\">GNU-Lizenz<\/a><em>)\u2013 mein Dank gilt den <\/em><a href=\"http:\/\/de.wikipedia.org\/w\/index.php?title=Schwalbenschwanz_%28Schmetterling%29&amp;action=history\" target=\"_blank\" rel=\"noopener noreferrer\">Autoren<\/a><em>.<\/em><\/p>\n","protected":false},"excerpt":{"rendered":"<p>Insekten -&gt; Schmetterlinge-&gt;Ritterfalter Insekten von A-Z zur Galerie Ritterfalter Der Schwalbenschwanz (Papilio machaon) ist ein Schmetterling aus der Familie der Ritterfalter. Der Schwalbenschwanz ist neben dem Segelfalter einer der gr\u00f6\u00dften und auff\u00e4lligsten Tagfalter des deutschsprachigen Raums und hat eine Fl\u00fcgelspannweite von 50 bis 75 Millimetern. Er ist gelb und schwarz gemustert mit einer blauen Binde &hellip; <a href=\"https:\/\/woerrlein-naturfoto.de\/wordpress\/ritterfalter-a-z\/schwalbenschwanz\/\" class=\"more-link\"><span class=\"screen-reader-text\">Schwalbenschwanz<\/span> weiterlesen <span class=\"meta-nav\">&rarr;<\/span><\/a><\/p>\n","protected":false},"author":1,"featured_media":0,"parent":15075,"menu_order":0,"comment_status":"closed","ping_status":"closed","template":"page-templates\/full-width.php","meta":{"footnotes":""},"class_list":["post-3956","page","type-page","status-publish","hentry"],"_links":{"self":[{"href":"https:\/\/woerrlein-naturfoto.de\/wordpress\/wp-json\/wp\/v2\/pages\/3956","targetHints":{"allow":["GET"]}}],"collection":[{"href":"https:\/\/woerrlein-naturfoto.de\/wordpress\/wp-json\/wp\/v2\/pages"}],"about":[{"href":"https:\/\/woerrlein-naturfoto.de\/wordpress\/wp-json\/wp\/v2\/types\/page"}],"author":[{"embeddable":true,"href":"https:\/\/woerrlein-naturfoto.de\/wordpress\/wp-json\/wp\/v2\/users\/1"}],"replies":[{"embeddable":true,"href":"https:\/\/woerrlein-naturfoto.de\/wordpress\/wp-json\/wp\/v2\/comments?post=3956"}],"version-history":[{"count":8,"href":"https:\/\/woerrlein-naturfoto.de\/wordpress\/wp-json\/wp\/v2\/pages\/3956\/revisions"}],"predecessor-version":[{"id":15084,"href":"https:\/\/woerrlein-naturfoto.de\/wordpress\/wp-json\/wp\/v2\/pages\/3956\/revisions\/15084"}],"up":[{"embeddable":true,"href":"https:\/\/woerrlein-naturfoto.de\/wordpress\/wp-json\/wp\/v2\/pages\/15075"}],"wp:attachment":[{"href":"https:\/\/woerrlein-naturfoto.de\/wordpress\/wp-json\/wp\/v2\/media?parent=3956"}],"curies":[{"name":"wp","href":"https:\/\/api.w.org\/{rel}","templated":true}]}}