{"id":3954,"date":"2015-01-11T17:46:14","date_gmt":"2015-01-11T15:46:14","guid":{"rendered":"http:\/\/woerrlein-naturfoto.de\/wordpress\/?page_id=3954"},"modified":"2019-10-02T15:03:19","modified_gmt":"2019-10-02T13:03:19","slug":"schachbrettfalter","status":"publish","type":"page","link":"https:\/\/woerrlein-naturfoto.de\/wordpress\/edelfalter-a-z\/schachbrettfalter\/","title":{"rendered":"Schachbrettfalter"},"content":{"rendered":"<p><span style=\"color: #ffff00;\"><a href=\"http:\/\/woerrlein-naturfoto.de\/wordpress\/insekten\/\"><span style=\"color: #ffff66;\">Insekten<\/span><\/a><\/span> -&gt; <span style=\"color: #ffff00;\"><a href=\"http:\/\/woerrlein-naturfoto.de\/wordpress\/hauptseite-insekten\/insekten\/schmetterlinge-2\/\"><span style=\"color: #ffff66;\">Schmetterlinge<\/span><\/a><\/span>-&gt;<a href=\"https:\/\/woerrlein-naturfoto.de\/wordpress\/hauptseite-insekten\/insekten\/schmetterlinge-2\/edelfalter\/\"><span style=\"color: #ffff66;\">Edelfalter<\/span><\/a><br \/>\n<a title=\"Insekten A-Z\" href=\"http:\/\/woerrlein-naturfoto.de\/wordpress\/insekten-a-z\/\">Insekten von A-Z<\/a><br \/>\nzur Galerie <a href=\"https:\/\/woerrlein-naturfoto.de\/wordpress\/hauptseite-insekten\/insekten\/schmetterlinge-2\/edelfalter\/\">Edelfalter<\/a><\/p>\n<p><img loading=\"lazy\" decoding=\"async\" class=\"alignleft wp-image-3875\" src=\"http:\/\/woerrlein-naturfoto.de\/wordpress\/wp-content\/uploads\/Schachbrettfalter_44386_v-600x400.jpg\" alt=\"Schachbrettfalter_44386_v.jpg\" width=\"600\" height=\"400\" \/>Das <b>Schachbrett<\/b>, oder auch <b>Damenbrett<\/b> (<i>Melanargia galathea<\/i>) ist ein Schmetterling (Tagfalter) aus der Familie der Edelfalter. Das Schachbrett ist eine sehr variable Art und bildete eine Anzahl \u00f6rtlicher Formen aus. Der Falter ist <a title=\"Schmetterling des Jahres\" href=\"https:\/\/de.wikipedia.org\/wiki\/Schmetterling_des_Jahres\" target=\"_blank\" rel=\"noopener noreferrer\">Schmetterling des Jahres<\/a> 2019.<sup id=\"cite_ref-2\" class=\"reference\"><\/sup><br \/>\nDie Falter erreichen eine Fl\u00fcgelspannweite von 37 bis 52 Millimetern. Ihre Fl\u00fcgeloberseiten sind schachbrettartig schwarz oder dunkelbraun und wei\u00df gefleckt. Die Fl\u00fcgelunterseiten sind \u00fcberwiegend wei\u00df bis hellbr\u00e4unlich gef\u00e4rbt und haben mehrere graue Flecken, deren Rand etwas dunkler gef\u00e4rbt ist. Das Schachbrett ist in Mitteleuropa h\u00e4ufig. in S\u00fcddeutschland ist das Schachbrett wesentlich h\u00e4ufiger vertreten als in Mittel- und Westdeutschland. Es lebt in wenig feuchten, grasbewachsenen Gegenden, wie beispielsweise auf Wiesen und Lichtungen und an Stra\u00dfenr\u00e4ndern und B\u00f6schungen, bevorzugt mit kalkigem Boden. Auch Kalkmagerrasen an sonnigen H\u00e4ngen z\u00e4hlen zu den bevorzugten Standorten.<\/p>\n<p><strong>Flugzeit:<\/strong>\u00a0\u00a0\u00a0\u00a0 Juli bis August in einer Generation<\/p>\n<p>Zur Galerie <a href=\"https:\/\/woerrlein-naturfoto.de\/wordpress\/hauptseite-insekten\/insekten\/schmetterlinge-2\/edelfalter\/\">Edelfalter<\/a><\/p>\n<p>&nbsp;<\/p>\n<p><em>Quelle des Textauszuges und weitere Infos bei <\/em><a href=\"http:\/\/de.wikipedia.org\/wiki\/Schachbrett_%28Schmetterling%29\" target=\"_blank\" rel=\"noopener noreferrer\">Wikipedia<\/a><em> (<\/em><a href=\"http:\/\/www.gnu.org\/licenses\/fdl-1.3.txt\" target=\"_blank\" rel=\"noopener noreferrer\">GNU-Lizenz<\/a><em>)\u2013 mein Dank gilt den <\/em><a href=\"http:\/\/de.wikipedia.org\/w\/index.php?title=Schachbrett_%28Schmetterling%29&amp;action=history\" target=\"_blank\" rel=\"noopener noreferrer\">Autoren<\/a><em>.<\/em><\/p>\n","protected":false},"excerpt":{"rendered":"<p>Insekten -&gt; Schmetterlinge-&gt;Edelfalter Insekten von A-Z zur Galerie Edelfalter Das Schachbrett, oder auch Damenbrett (Melanargia galathea) ist ein Schmetterling (Tagfalter) aus der Familie der Edelfalter. Das Schachbrett ist eine sehr variable Art und bildete eine Anzahl \u00f6rtlicher Formen aus. Der Falter ist Schmetterling des Jahres 2019. Die Falter erreichen eine Fl\u00fcgelspannweite von 37 bis 52 &hellip; <a href=\"https:\/\/woerrlein-naturfoto.de\/wordpress\/edelfalter-a-z\/schachbrettfalter\/\" class=\"more-link\"><span class=\"screen-reader-text\">Schachbrettfalter<\/span> weiterlesen <span class=\"meta-nav\">&rarr;<\/span><\/a><\/p>\n","protected":false},"author":1,"featured_media":0,"parent":11134,"menu_order":0,"comment_status":"closed","ping_status":"closed","template":"page-templates\/full-width.php","meta":{"footnotes":""},"class_list":["post-3954","page","type-page","status-publish","hentry"],"_links":{"self":[{"href":"https:\/\/woerrlein-naturfoto.de\/wordpress\/wp-json\/wp\/v2\/pages\/3954","targetHints":{"allow":["GET"]}}],"collection":[{"href":"https:\/\/woerrlein-naturfoto.de\/wordpress\/wp-json\/wp\/v2\/pages"}],"about":[{"href":"https:\/\/woerrlein-naturfoto.de\/wordpress\/wp-json\/wp\/v2\/types\/page"}],"author":[{"embeddable":true,"href":"https:\/\/woerrlein-naturfoto.de\/wordpress\/wp-json\/wp\/v2\/users\/1"}],"replies":[{"embeddable":true,"href":"https:\/\/woerrlein-naturfoto.de\/wordpress\/wp-json\/wp\/v2\/comments?post=3954"}],"version-history":[{"count":6,"href":"https:\/\/woerrlein-naturfoto.de\/wordpress\/wp-json\/wp\/v2\/pages\/3954\/revisions"}],"predecessor-version":[{"id":11169,"href":"https:\/\/woerrlein-naturfoto.de\/wordpress\/wp-json\/wp\/v2\/pages\/3954\/revisions\/11169"}],"up":[{"embeddable":true,"href":"https:\/\/woerrlein-naturfoto.de\/wordpress\/wp-json\/wp\/v2\/pages\/11134"}],"wp:attachment":[{"href":"https:\/\/woerrlein-naturfoto.de\/wordpress\/wp-json\/wp\/v2\/media?parent=3954"}],"curies":[{"name":"wp","href":"https:\/\/api.w.org\/{rel}","templated":true}]}}