{"id":3952,"date":"2015-01-11T17:32:33","date_gmt":"2015-01-11T15:32:33","guid":{"rendered":"http:\/\/woerrlein-naturfoto.de\/wordpress\/?page_id=3952"},"modified":"2019-10-02T15:31:31","modified_gmt":"2019-10-02T13:31:31","slug":"pantherspanner","status":"publish","type":"page","link":"https:\/\/woerrlein-naturfoto.de\/wordpress\/nachtfalter-a-z\/pantherspanner\/","title":{"rendered":"Pantherspanner"},"content":{"rendered":"<p><a href=\"http:\/\/woerrlein-naturfoto.de\/wordpress\/insekten\/\"><span style=\"color: #ffff66;\">Insekten<\/span> <\/a>-&gt;<a href=\"http:\/\/woerrlein-naturfoto.de\/wordpress\/hauptseite-insekten\/insekten\/schmetterlinge-2\/\"> <span style=\"color: #ffff66;\">Schmetterlinge<\/span><\/a>-&gt;<a href=\"https:\/\/woerrlein-naturfoto.de\/wordpress\/hauptseite-insekten\/insekten\/schmetterlinge-2\/nachtfalter\/\"><span style=\"color: #ffff66;\">Nachtfalter<\/span><\/a><br \/>\n<a title=\"Insekten A-Z\" href=\"http:\/\/woerrlein-naturfoto.de\/wordpress\/insekten-a-z\/\">Insekten von A-Z<\/a><br \/>\nzur Galerie <a href=\"https:\/\/woerrlein-naturfoto.de\/wordpress\/hauptseite-insekten\/insekten\/schmetterlinge-2\/nachtfalter\/\">Nachtfalter<\/a><br \/>\n<img loading=\"lazy\" decoding=\"async\" class=\"alignleft wp-image-3874\" src=\"http:\/\/woerrlein-naturfoto.de\/wordpress\/wp-content\/uploads\/Pantherspanner_66503_v-600x400.jpg\" alt=\"Pantherspanner_66503_v.jpg\" width=\"600\" height=\"400\" srcset=\"https:\/\/woerrlein-naturfoto.de\/wordpress\/wp-content\/uploads\/Pantherspanner_66503_v-600x400.jpg 600w, https:\/\/woerrlein-naturfoto.de\/wordpress\/wp-content\/uploads\/Pantherspanner_66503_v-120x80.jpg 120w, https:\/\/woerrlein-naturfoto.de\/wordpress\/wp-content\/uploads\/Pantherspanner_66503_v.jpg 1000w\" sizes=\"auto, (max-width: 600px) 100vw, 600px\" \/>Der <b>Pantherspanner<\/b> oder <b>Gelbe Fleckenspanner<\/b> (<i>Pseudopanthera macularia<\/i>) ist ein Schmetterling (Nachtfalter) aus der Familie der Spanner. Die Falter erreichen eine Fl\u00fcgelspannweite von 23 bis 28 Millimetern. Sie haben eine hell- bis dottergelbe Fl\u00fcgelgrundf\u00e4rbung wobei beide Fl\u00fcgelpaare mit zahlreichen gro\u00dfen und kleinen, braunen, violett schimmernden Flecken bedeckt sind, die gr\u00f6\u00dftenteils in mehreren l\u00fcckigen Querbinden angeordnet sind. Die Anzahl und Ausdehnung dieser Flecken variiert. Die Fl\u00fcgelunterseiten sind ebenfalls gelb mit Flecken. Die tagaktiven Falter kann man h\u00e4ufig beim Bl\u00fctenbesuch finden.<\/p>\n<p><strong>Flugzeit:<\/strong>\u00a0\u00a0\u00a0\u00a0 April bis Juni in einer Generation<\/p>\n<p>Zur Galerie <a href=\"https:\/\/woerrlein-naturfoto.de\/wordpress\/hauptseite-insekten\/insekten\/schmetterlinge-2\/nachtfalter\/\">Nachtfalter<\/a><\/p>\n<p>&nbsp;<\/p>\n<p><em>Quelle des Textauszuges und weitere Infos bei <\/em><a href=\"http:\/\/de.wikipedia.org\/wiki\/Pantherspanner\" target=\"_blank\" rel=\"noopener noreferrer\">Wikipedia<\/a><em> (<\/em><a href=\"http:\/\/www.gnu.org\/licenses\/fdl-1.3.txt\" target=\"_blank\" rel=\"noopener noreferrer\">GNU-Lizenz<\/a><em>)\u2013 mein Dank gilt den <\/em><a href=\"http:\/\/de.wikipedia.org\/w\/index.php?title=Pantherspanner&amp;action=history\" target=\"_blank\" rel=\"noopener noreferrer\">Autoren<\/a><em>.<\/em><\/p>\n","protected":false},"excerpt":{"rendered":"<p>Insekten -&gt; Schmetterlinge-&gt;Nachtfalter Insekten von A-Z zur Galerie Nachtfalter Der Pantherspanner oder Gelbe Fleckenspanner (Pseudopanthera macularia) ist ein Schmetterling (Nachtfalter) aus der Familie der Spanner. Die Falter erreichen eine Fl\u00fcgelspannweite von 23 bis 28 Millimetern. Sie haben eine hell- bis dottergelbe Fl\u00fcgelgrundf\u00e4rbung wobei beide Fl\u00fcgelpaare mit zahlreichen gro\u00dfen und kleinen, braunen, violett schimmernden Flecken bedeckt &hellip; <a href=\"https:\/\/woerrlein-naturfoto.de\/wordpress\/nachtfalter-a-z\/pantherspanner\/\" class=\"more-link\"><span class=\"screen-reader-text\">Pantherspanner<\/span> weiterlesen <span class=\"meta-nav\">&rarr;<\/span><\/a><\/p>\n","protected":false},"author":1,"featured_media":0,"parent":11172,"menu_order":0,"comment_status":"closed","ping_status":"closed","template":"page-templates\/full-width.php","meta":{"footnotes":""},"class_list":["post-3952","page","type-page","status-publish","hentry"],"_links":{"self":[{"href":"https:\/\/woerrlein-naturfoto.de\/wordpress\/wp-json\/wp\/v2\/pages\/3952","targetHints":{"allow":["GET"]}}],"collection":[{"href":"https:\/\/woerrlein-naturfoto.de\/wordpress\/wp-json\/wp\/v2\/pages"}],"about":[{"href":"https:\/\/woerrlein-naturfoto.de\/wordpress\/wp-json\/wp\/v2\/types\/page"}],"author":[{"embeddable":true,"href":"https:\/\/woerrlein-naturfoto.de\/wordpress\/wp-json\/wp\/v2\/users\/1"}],"replies":[{"embeddable":true,"href":"https:\/\/woerrlein-naturfoto.de\/wordpress\/wp-json\/wp\/v2\/comments?post=3952"}],"version-history":[{"count":6,"href":"https:\/\/woerrlein-naturfoto.de\/wordpress\/wp-json\/wp\/v2\/pages\/3952\/revisions"}],"predecessor-version":[{"id":15165,"href":"https:\/\/woerrlein-naturfoto.de\/wordpress\/wp-json\/wp\/v2\/pages\/3952\/revisions\/15165"}],"up":[{"embeddable":true,"href":"https:\/\/woerrlein-naturfoto.de\/wordpress\/wp-json\/wp\/v2\/pages\/11172"}],"wp:attachment":[{"href":"https:\/\/woerrlein-naturfoto.de\/wordpress\/wp-json\/wp\/v2\/media?parent=3952"}],"curies":[{"name":"wp","href":"https:\/\/api.w.org\/{rel}","templated":true}]}}