{"id":3944,"date":"2015-01-11T16:58:37","date_gmt":"2015-01-11T14:58:37","guid":{"rendered":"http:\/\/woerrlein-naturfoto.de\/wordpress\/?page_id=3944"},"modified":"2020-08-30T17:48:33","modified_gmt":"2020-08-30T15:48:33","slug":"kleines-ochsenauge","status":"publish","type":"page","link":"https:\/\/woerrlein-naturfoto.de\/wordpress\/edelfalter-a-z\/kleines-ochsenauge\/","title":{"rendered":"Kleines Ochsenauge"},"content":{"rendered":"<p><a href=\"http:\/\/woerrlein-naturfoto.de\/wordpress\/insekten\/\"><span style=\"color: #ffff66;\">Insekten<\/span> <\/a>-&gt;<a href=\"http:\/\/woerrlein-naturfoto.de\/wordpress\/hauptseite-insekten\/insekten\/schmetterlinge-2\/\"> <span style=\"color: #ffff66;\">Schmetterlinge<\/span><\/a><br \/>\n<a title=\"Insekten A-Z\" href=\"http:\/\/woerrlein-naturfoto.de\/wordpress\/insekten-a-z\/\">Insekten von A-Z<\/a><br \/>\nzur Galerie <a href=\"https:\/\/woerrlein-naturfoto.de\/wordpress\/hauptseite-insekten\/insekten\/schmetterlinge-2\/edelfalter\/\">Edelfalter<\/a><\/p>\n<p><img loading=\"lazy\" decoding=\"async\" class=\"alignleft wp-image-3873\" src=\"http:\/\/woerrlein-naturfoto.de\/wordpress\/wp-content\/uploads\/kleinesOchsenauge_20837L_v-600x400.jpg\" alt=\"kleinesOchsenauge_20837L_v.jpg\" width=\"600\" height=\"400\" srcset=\"https:\/\/woerrlein-naturfoto.de\/wordpress\/wp-content\/uploads\/kleinesOchsenauge_20837L_v-600x400.jpg 600w, https:\/\/woerrlein-naturfoto.de\/wordpress\/wp-content\/uploads\/kleinesOchsenauge_20837L_v-120x80.jpg 120w, https:\/\/woerrlein-naturfoto.de\/wordpress\/wp-content\/uploads\/kleinesOchsenauge_20837L_v.jpg 1000w\" sizes=\"auto, (max-width: 600px) 100vw, 600px\" \/><\/p>\n<p>Das <b>Kleine Ochsenauge<\/b> (<i>Hyponephele lycaon<\/i>) ist ein Schmetterling aus der Unterfamilie der Augenfalter. Das kleine Ochsenauge hat eine Spannweite von 36 bis 42 Millimetern. Die Art zeigt einen <a title=\"Sexualdimorphismus\" href=\"http:\/\/de.wikipedia.org\/wiki\/Sexualdimorphismus\" target=\"_blank\" rel=\"noopener noreferrer\">Sexualdimorphismus<\/a>: das M\u00e4nnchen hat auf der Oberseite der Vorderfl\u00fcgel einen Fleck mit Duftschuppen, das Weibchen hat auf dem Vorderfl\u00fcgel zwei schwarze Augenflecken. Das Kleine Ochsenauge ist eine bevorzugt kontinental verbreitete Art und liebt trocken-warme, steppenartige oder geb\u00fcschreiche, grasige Flecken zwischen Felsen. Es fliegt relativ schnell und knapp \u00fcber dem Boden. Mit zusammengeklappten Fl\u00fcgeln am Boden sitzend ist es sehr gut getarnt. Bei der Nahrungssuche werden Bl\u00fchpflanzen wie <a title=\"Skabiosen\" href=\"http:\/\/de.wikipedia.org\/wiki\/Skabiosen\" target=\"_blank\" rel=\"noopener noreferrer\">Skabiosen<\/a> bevorzugt.<\/p>\n<p><strong>Flugzeit:<\/strong>\u00a0\u00a0\u00a0\u00a0 Juni bis September in einer Generation<\/p>\n<p>Zur Galerie <a href=\"https:\/\/woerrlein-naturfoto.de\/wordpress\/hauptseite-insekten\/insekten\/schmetterlinge-2\/edelfalter\/\">Edelfalter<\/a><\/p>\n<p>&nbsp;<\/p>\n<p><em>Quelle des Textauszuges und weitere Infos bei <\/em><a href=\"http:\/\/de.wikipedia.org\/wiki\/Kleines_Ochsenauge\" target=\"_blank\" rel=\"noopener noreferrer\">Wikipedia<\/a><em> (<\/em><a href=\"http:\/\/www.gnu.org\/licenses\/fdl-1.3.txt\" target=\"_blank\" rel=\"noopener noreferrer\">GNU-Lizenz<\/a><em>)\u2013 mein Dank gilt den <\/em><a href=\"http:\/\/de.wikipedia.org\/w\/index.php?title=Kleines_Ochsenauge&amp;action=history\" target=\"_blank\" rel=\"noopener noreferrer\">Autoren<\/a><em>.<\/em><\/p>\n","protected":false},"excerpt":{"rendered":"<p>Insekten -&gt; Schmetterlinge Insekten von A-Z zur Galerie Edelfalter Das Kleine Ochsenauge (Hyponephele lycaon) ist ein Schmetterling aus der Unterfamilie der Augenfalter. Das kleine Ochsenauge hat eine Spannweite von 36 bis 42 Millimetern. Die Art zeigt einen Sexualdimorphismus: das M\u00e4nnchen hat auf der Oberseite der Vorderfl\u00fcgel einen Fleck mit Duftschuppen, das Weibchen hat auf dem &hellip; <a href=\"https:\/\/woerrlein-naturfoto.de\/wordpress\/edelfalter-a-z\/kleines-ochsenauge\/\" class=\"more-link\"><span class=\"screen-reader-text\">Kleines Ochsenauge<\/span> weiterlesen <span class=\"meta-nav\">&rarr;<\/span><\/a><\/p>\n","protected":false},"author":1,"featured_media":0,"parent":11134,"menu_order":0,"comment_status":"closed","ping_status":"closed","template":"page-templates\/full-width.php","meta":{"footnotes":""},"class_list":["post-3944","page","type-page","status-publish","hentry"],"_links":{"self":[{"href":"https:\/\/woerrlein-naturfoto.de\/wordpress\/wp-json\/wp\/v2\/pages\/3944","targetHints":{"allow":["GET"]}}],"collection":[{"href":"https:\/\/woerrlein-naturfoto.de\/wordpress\/wp-json\/wp\/v2\/pages"}],"about":[{"href":"https:\/\/woerrlein-naturfoto.de\/wordpress\/wp-json\/wp\/v2\/types\/page"}],"author":[{"embeddable":true,"href":"https:\/\/woerrlein-naturfoto.de\/wordpress\/wp-json\/wp\/v2\/users\/1"}],"replies":[{"embeddable":true,"href":"https:\/\/woerrlein-naturfoto.de\/wordpress\/wp-json\/wp\/v2\/comments?post=3944"}],"version-history":[{"count":7,"href":"https:\/\/woerrlein-naturfoto.de\/wordpress\/wp-json\/wp\/v2\/pages\/3944\/revisions"}],"predecessor-version":[{"id":12558,"href":"https:\/\/woerrlein-naturfoto.de\/wordpress\/wp-json\/wp\/v2\/pages\/3944\/revisions\/12558"}],"up":[{"embeddable":true,"href":"https:\/\/woerrlein-naturfoto.de\/wordpress\/wp-json\/wp\/v2\/pages\/11134"}],"wp:attachment":[{"href":"https:\/\/woerrlein-naturfoto.de\/wordpress\/wp-json\/wp\/v2\/media?parent=3944"}],"curies":[{"name":"wp","href":"https:\/\/api.w.org\/{rel}","templated":true}]}}