{"id":3940,"date":"2015-01-11T16:44:02","date_gmt":"2015-01-11T14:44:02","guid":{"rendered":"http:\/\/woerrlein-naturfoto.de\/wordpress\/?page_id=3940"},"modified":"2019-10-02T15:31:16","modified_gmt":"2019-10-02T13:31:16","slug":"kleespanner","status":"publish","type":"page","link":"https:\/\/woerrlein-naturfoto.de\/wordpress\/nachtfalter-a-z\/kleespanner\/","title":{"rendered":"Kleespanner"},"content":{"rendered":"<p><a href=\"http:\/\/woerrlein-naturfoto.de\/wordpress\/insekten\/\"><span style=\"color: #ffff66;\">Insekten<\/span> <\/a>-&gt;<a href=\"http:\/\/woerrlein-naturfoto.de\/wordpress\/hauptseite-insekten\/insekten\/schmetterlinge-2\/\"> <span style=\"color: #ffff66;\">Schmetterlinge<\/span><\/a>-&gt;<a href=\"https:\/\/woerrlein-naturfoto.de\/wordpress\/hauptseite-insekten\/insekten\/schmetterlinge-2\/nachtfalter\/\"><span style=\"color: #ffff66;\">Nachtfalter<\/span><\/a><br \/>\n<a title=\"Insekten A-Z\" href=\"http:\/\/woerrlein-naturfoto.de\/wordpress\/insekten-a-z\/\">Insekten von A-Z<\/a><br \/>\nzur Galerie <a href=\"https:\/\/woerrlein-naturfoto.de\/wordpress\/hauptseite-insekten\/insekten\/schmetterlinge-2\/nachtfalter\/\">Nachtfalter<\/a><\/p>\n<p><img loading=\"lazy\" decoding=\"async\" class=\"alignleft wp-image-3871\" src=\"http:\/\/woerrlein-naturfoto.de\/wordpress\/wp-content\/uploads\/Kleespanner_62038_v-600x400.jpg\" alt=\"Kleespanner_62038_v.jpg\" width=\"600\" height=\"400\" srcset=\"https:\/\/woerrlein-naturfoto.de\/wordpress\/wp-content\/uploads\/Kleespanner_62038_v-600x400.jpg 600w, https:\/\/woerrlein-naturfoto.de\/wordpress\/wp-content\/uploads\/Kleespanner_62038_v-120x80.jpg 120w, https:\/\/woerrlein-naturfoto.de\/wordpress\/wp-content\/uploads\/Kleespanner_62038_v.jpg 1000w\" sizes=\"auto, (max-width: 600px) 100vw, 600px\" \/>Der <b>Gitterspanner<\/b> (<i>Chiasmia clathrata<\/i>), auch <b>Kleekr\u00e4uterrasen-Gitterstriemenspanner<\/b> oder <b>Kleespanner<\/b>, ist ein Schmetterling (Nachtfalter) aus der Familie der Spanner. Die Art fliegt, obwohl sie zu den Nachtfaltern geh\u00f6rt, auch am Tag. Der Falter hat eine Fl\u00fcgelspannweite bis zu 25 Millimetern. Vorder- und Hinterfl\u00fcgel sind wei\u00df bis gelb und mehr oder weniger dunkel best\u00e4ubt. Die Vorderfl\u00fcgel weisen vier schwarze bis dunkelbraune Querlinien auf, auf den Hinterfl\u00fcgeln sind es drei Querlinien. Mit der grob radialstrahligen dunklen Fl\u00fcgel\u00e4derung entsteht ein Gittermuster, das dem Falter den Namen gab. Die F\u00e4rbung variiert im Grunde wenig, jedoch ist die Zeichnung ziemlich variabel. Die Querlinien flie\u00dfen oft zusammen. Der Falter hat eine Fl\u00fcgelspannweite bis zu 25 Millimetern. Vorder- und Hinterfl\u00fcgel sind wei\u00df bis gelb und mehr oder weniger dunkel best\u00e4ubt. Die Vorderfl\u00fcgel weisen vier schwarze bis dunkelbraune Querlinien auf, auf den Hinterfl\u00fcgeln sind es drei Querlinien. Mit der grob radialstrahligen dunklen Fl\u00fcgel\u00e4derung entsteht ein Gittermuster, das dem Falter den Namen gab. Die F\u00e4rbung variiert im Grunde wenig, jedoch ist die Zeichnung ziemlich variabel. Die Querlinien flie\u00dfen oft zusammen.<\/p>\n<p><strong>Flugzeit:<\/strong>\u00a0\u00a0\u00a0\u00a0 April bis August in zwei Generationen<\/p>\n<p>Zur Galerie <a href=\"https:\/\/woerrlein-naturfoto.de\/wordpress\/hauptseite-insekten\/insekten\/schmetterlinge-2\/nachtfalter\/\">Nachtfalter<\/a><\/p>\n<p>&nbsp;<\/p>\n<p><em>Quelle des Textauszuges und weitere Infos bei <\/em><a href=\"http:\/\/de.wikipedia.org\/wiki\/Gitterspanner\" target=\"_blank\" rel=\"noopener noreferrer\">Wikipedia<\/a><em> (<\/em><a href=\"http:\/\/www.gnu.org\/licenses\/fdl-1.3.txt\" target=\"_blank\" rel=\"noopener noreferrer\">GNU-Lizenz<\/a><em>)\u2013 mein Dank gilt den <\/em><a href=\"http:\/\/de.wikipedia.org\/w\/index.php?title=Gitterspanner&amp;action=history\" target=\"_blank\" rel=\"noopener noreferrer\">Autoren<\/a><em>.<\/em><\/p>\n","protected":false},"excerpt":{"rendered":"<p>Insekten -&gt; Schmetterlinge-&gt;Nachtfalter Insekten von A-Z zur Galerie Nachtfalter Der Gitterspanner (Chiasmia clathrata), auch Kleekr\u00e4uterrasen-Gitterstriemenspanner oder Kleespanner, ist ein Schmetterling (Nachtfalter) aus der Familie der Spanner. Die Art fliegt, obwohl sie zu den Nachtfaltern geh\u00f6rt, auch am Tag. Der Falter hat eine Fl\u00fcgelspannweite bis zu 25 Millimetern. Vorder- und Hinterfl\u00fcgel sind wei\u00df bis gelb und &hellip; <a href=\"https:\/\/woerrlein-naturfoto.de\/wordpress\/nachtfalter-a-z\/kleespanner\/\" class=\"more-link\"><span class=\"screen-reader-text\">Kleespanner<\/span> weiterlesen <span class=\"meta-nav\">&rarr;<\/span><\/a><\/p>\n","protected":false},"author":1,"featured_media":0,"parent":11172,"menu_order":0,"comment_status":"closed","ping_status":"closed","template":"page-templates\/full-width.php","meta":{"footnotes":""},"class_list":["post-3940","page","type-page","status-publish","hentry"],"_links":{"self":[{"href":"https:\/\/woerrlein-naturfoto.de\/wordpress\/wp-json\/wp\/v2\/pages\/3940","targetHints":{"allow":["GET"]}}],"collection":[{"href":"https:\/\/woerrlein-naturfoto.de\/wordpress\/wp-json\/wp\/v2\/pages"}],"about":[{"href":"https:\/\/woerrlein-naturfoto.de\/wordpress\/wp-json\/wp\/v2\/types\/page"}],"author":[{"embeddable":true,"href":"https:\/\/woerrlein-naturfoto.de\/wordpress\/wp-json\/wp\/v2\/users\/1"}],"replies":[{"embeddable":true,"href":"https:\/\/woerrlein-naturfoto.de\/wordpress\/wp-json\/wp\/v2\/comments?post=3940"}],"version-history":[{"count":5,"href":"https:\/\/woerrlein-naturfoto.de\/wordpress\/wp-json\/wp\/v2\/pages\/3940\/revisions"}],"predecessor-version":[{"id":11195,"href":"https:\/\/woerrlein-naturfoto.de\/wordpress\/wp-json\/wp\/v2\/pages\/3940\/revisions\/11195"}],"up":[{"embeddable":true,"href":"https:\/\/woerrlein-naturfoto.de\/wordpress\/wp-json\/wp\/v2\/pages\/11172"}],"wp:attachment":[{"href":"https:\/\/woerrlein-naturfoto.de\/wordpress\/wp-json\/wp\/v2\/media?parent=3940"}],"curies":[{"name":"wp","href":"https:\/\/api.w.org\/{rel}","templated":true}]}}