{"id":3932,"date":"2015-01-11T16:10:33","date_gmt":"2015-01-11T14:10:33","guid":{"rendered":"http:\/\/woerrlein-naturfoto.de\/wordpress\/?page_id=3932"},"modified":"2022-07-20T15:12:12","modified_gmt":"2022-07-20T13:12:12","slug":"hauhechel-blaeuling","status":"publish","type":"page","link":"https:\/\/woerrlein-naturfoto.de\/wordpress\/blaeulinge-a-z\/hauhechel-blaeuling\/","title":{"rendered":"Hauhechel-Bl\u00e4uling"},"content":{"rendered":"<p><a href=\"http:\/\/woerrlein-naturfoto.de\/wordpress\/insekten\/\"><span style=\"color: #ffff66;\">Insekten<\/span> <\/a>-&gt;<a href=\"http:\/\/woerrlein-naturfoto.de\/wordpress\/hauptseite-insekten\/insekten\/schmetterlinge-2\/\"> <span style=\"color: #ffff66;\">Schmetterlinge<\/span><\/a><br \/>\n<a title=\"Insekten A-Z\" href=\"http:\/\/woerrlein-naturfoto.de\/wordpress\/insekten-a-z\/\">Insekten von A-Z<\/a><br \/>\nzur Galerie <a href=\"https:\/\/woerrlein-naturfoto.de\/wordpress\/hauptseite-insekten\/insekten\/schmetterlinge-2\/blaeulinge\/\">Bl\u00e4ulinge I<\/a><\/p>\n<p><img loading=\"lazy\" decoding=\"async\" class=\"alignleft wp-image-3895\" src=\"http:\/\/woerrlein-naturfoto.de\/wordpress\/wp-content\/uploads\/Blaeulinge_10097-400x600.jpg\" alt=\"Blaeulinge_10097.jpg\" width=\"267\" height=\"400\" \/>Der <b>Hauhechel-Bl\u00e4uling<\/b> (<i>Polyommatus icarus<\/i>) ist ein Schmetterling (Tagfalter) aus der Familie der Bl\u00e4ulinge (Lycaenidae). Innerhalb seiner Familie stellt er die h\u00e4ufigste und verbreitetste Art dar und wird daher auch als <b>Gemeiner Bl\u00e4uling<\/b> bezeichnet. Der Hauhechel-Bl\u00e4uling hat eine Fl\u00fcgelspannweite von 25 bis 30 Millimetern. Auch bei dieser Art findet man den bei Schmetterlingen h\u00e4ufigen <a class=\"mw-redirect\" title=\"Geschlechtsdimorphismus\" href=\"http:\/\/de.wikipedia.org\/wiki\/Geschlechtsdimorphismus\" target=\"_blank\" rel=\"noopener noreferrer\">Geschlechtsdimorphismus<\/a>, das hei\u00dft M\u00e4nnchen und Weibchen sehen sehr unterschiedlich aus. W\u00e4hrend M\u00e4nnchen oberseits ein kr\u00e4ftiges, leicht ins Violett gehende Blau zeigen, ist das Weibchen auf der Oberseite unauff\u00e4lliger braun mit variablem Blauanteil. Er besiedelt ganz Europa, Nordafrika und Asien, in den Alpen steigt er bis zu einer H\u00f6he von 2.000 Metern. Der Lebensraum von <i>Polyommatus icarus<\/i> umfasst offene Bereiche, die feucht bis trocken sein k\u00f6nnen.<\/p>\n<p><strong>Flugzeit:<\/strong>\u00a0\u00a0\u00a0\u00a0 April bis Oktober in mehreren Generationen<\/p>\n<p>Zur Galerie <a href=\"https:\/\/woerrlein-naturfoto.de\/wordpress\/hauptseite-insekten\/insekten\/schmetterlinge-2\/blaeulinge\/\">Bl\u00e4ulinge I<\/a><\/p>\n<p>&nbsp;<\/p>\n<p><em>Quelle des Textauszuges und weitere Infos bei <\/em><a href=\"http:\/\/de.wikipedia.org\/wiki\/Hauhechel-Bl%C3%A4uling\" target=\"_blank\" rel=\"noopener noreferrer\">Wikipedia<\/a><em> (<\/em><a href=\"http:\/\/www.gnu.org\/licenses\/fdl-1.3.txt\" target=\"_blank\" rel=\"noopener noreferrer\">GNU-Lizenz<\/a><em>)\u2013 mein Dank gilt den <\/em><a href=\"http:\/\/de.wikipedia.org\/w\/index.php?title=Hauhechel-Bl%C3%A4uling&amp;action=history\" target=\"_blank\" rel=\"noopener noreferrer\">Autoren<\/a><em>.<\/em><\/p>\n","protected":false},"excerpt":{"rendered":"<p>Insekten -&gt; Schmetterlinge Insekten von A-Z zur Galerie Bl\u00e4ulinge I Der Hauhechel-Bl\u00e4uling (Polyommatus icarus) ist ein Schmetterling (Tagfalter) aus der Familie der Bl\u00e4ulinge (Lycaenidae). Innerhalb seiner Familie stellt er die h\u00e4ufigste und verbreitetste Art dar und wird daher auch als Gemeiner Bl\u00e4uling bezeichnet. Der Hauhechel-Bl\u00e4uling hat eine Fl\u00fcgelspannweite von 25 bis 30 Millimetern. Auch bei &hellip; <a href=\"https:\/\/woerrlein-naturfoto.de\/wordpress\/blaeulinge-a-z\/hauhechel-blaeuling\/\" class=\"more-link\"><span class=\"screen-reader-text\">Hauhechel-Bl\u00e4uling<\/span> weiterlesen <span class=\"meta-nav\">&rarr;<\/span><\/a><\/p>\n","protected":false},"author":1,"featured_media":0,"parent":11125,"menu_order":0,"comment_status":"closed","ping_status":"closed","template":"page-templates\/full-width.php","meta":{"footnotes":""},"class_list":["post-3932","page","type-page","status-publish","hentry"],"_links":{"self":[{"href":"https:\/\/woerrlein-naturfoto.de\/wordpress\/wp-json\/wp\/v2\/pages\/3932","targetHints":{"allow":["GET"]}}],"collection":[{"href":"https:\/\/woerrlein-naturfoto.de\/wordpress\/wp-json\/wp\/v2\/pages"}],"about":[{"href":"https:\/\/woerrlein-naturfoto.de\/wordpress\/wp-json\/wp\/v2\/types\/page"}],"author":[{"embeddable":true,"href":"https:\/\/woerrlein-naturfoto.de\/wordpress\/wp-json\/wp\/v2\/users\/1"}],"replies":[{"embeddable":true,"href":"https:\/\/woerrlein-naturfoto.de\/wordpress\/wp-json\/wp\/v2\/comments?post=3932"}],"version-history":[{"count":5,"href":"https:\/\/woerrlein-naturfoto.de\/wordpress\/wp-json\/wp\/v2\/pages\/3932\/revisions"}],"predecessor-version":[{"id":15013,"href":"https:\/\/woerrlein-naturfoto.de\/wordpress\/wp-json\/wp\/v2\/pages\/3932\/revisions\/15013"}],"up":[{"embeddable":true,"href":"https:\/\/woerrlein-naturfoto.de\/wordpress\/wp-json\/wp\/v2\/pages\/11125"}],"wp:attachment":[{"href":"https:\/\/woerrlein-naturfoto.de\/wordpress\/wp-json\/wp\/v2\/media?parent=3932"}],"curies":[{"name":"wp","href":"https:\/\/api.w.org\/{rel}","templated":true}]}}