{"id":3928,"date":"2015-01-11T15:50:44","date_gmt":"2015-01-11T13:50:44","guid":{"rendered":"http:\/\/woerrlein-naturfoto.de\/wordpress\/?page_id=3928"},"modified":"2019-10-02T15:30:05","modified_gmt":"2019-10-02T13:30:05","slug":"gammaeule","status":"publish","type":"page","link":"https:\/\/woerrlein-naturfoto.de\/wordpress\/nachtfalter-a-z\/gammaeule\/","title":{"rendered":"Gammaeule"},"content":{"rendered":"<p><a href=\"http:\/\/woerrlein-naturfoto.de\/wordpress\/insekten\/\"><span style=\"color: #ffff66;\">Insekten<\/span> <\/a>-&gt;<a href=\"http:\/\/woerrlein-naturfoto.de\/wordpress\/hauptseite-insekten\/insekten\/schmetterlinge-2\/\"> <span style=\"color: #ffff66;\">Schmetterlinge<\/span><\/a>-&gt;<a href=\"https:\/\/woerrlein-naturfoto.de\/wordpress\/hauptseite-insekten\/insekten\/schmetterlinge-2\/nachtfalter\/\"><span style=\"color: #ffff66;\">Nachtfalter<\/span><\/a><br \/>\n<a title=\"Insekten A-Z\" href=\"http:\/\/woerrlein-naturfoto.de\/wordpress\/insekten-a-z\/\">Insekten von A-Z<\/a><br \/>\nzur Galerie <a href=\"https:\/\/woerrlein-naturfoto.de\/wordpress\/hauptseite-insekten\/insekten\/schmetterlinge-2\/nachtfalter\/\">Nachtfalter<\/a><\/p>\n<p><img loading=\"lazy\" decoding=\"async\" class=\"alignleft wp-image-3888\" src=\"http:\/\/woerrlein-naturfoto.de\/wordpress\/wp-content\/uploads\/Gammaeule_9652-600x400.jpg\" alt=\"Gammaeule_9652.jpg\" width=\"600\" height=\"400\" \/>Die <b>Gammaeule<\/b> (<i>Autographa gamma<\/i>), auch <b>Pistoleneule<\/b> genannt, ist ein Schmetterling (Nachtfalter) aus der Familie der Eulenfalter. Bei der Gammaeule handelt es sich um einen mittelgro\u00dfen Falter mit einer Fl\u00fcgelspannweite von 35 bis 40 Millimeter. Er ist grau bis braun gef\u00e4rbt und besitzt wie viele Arten der Unterfamilie Plusiinae eine charakteristische Zeichnung auf den Vorderfl\u00fcgeln, die dem Gamma aus dem griechischen Alphabet \u00e4hnelt und von dem sich auch der Name ableitet.<br \/>\nDie Weibchen bevorzugen bei der Eiablage l\u00fcckigen Bewuchs mit umgebenden offenen Bodenfl\u00e4chen. Daraus ergibt sich u.\u00a0a. eine Vorliebe f\u00fcr in Garten und Feld angebaute Pflanzen. Die Eier werden von Mai bis August einzeln oder in kleinen Gruppen abgelegt.<\/p>\n<p><strong>Flugzeit:<\/strong>\u00a0\u00a0\u00a0\u00a0 April bis Oktober in mehreren Generationen<\/p>\n<p>Zur Galerie <a href=\"https:\/\/woerrlein-naturfoto.de\/wordpress\/hauptseite-insekten\/insekten\/schmetterlinge-2\/nachtfalter\/\">Nachtfalter<\/a><\/p>\n<p>&nbsp;<\/p>\n<p><em>Quelle des Textauszuges und weitere Infos bei <\/em><a href=\"http:\/\/de.wikipedia.org\/wiki\/Gammaeule\" target=\"_blank\" rel=\"noopener noreferrer\">Wikipedia<\/a><em> (<\/em><a href=\"http:\/\/www.gnu.org\/licenses\/fdl-1.3.txt\" target=\"_blank\" rel=\"noopener noreferrer\">GNU-Lizenz<\/a><em>)\u2013 mein Dank gilt den <\/em><a href=\"http:\/\/de.wikipedia.org\/w\/index.php?title=Gammaeule&amp;action=history\" target=\"_blank\" rel=\"noopener noreferrer\">Autoren<\/a><em>.<\/em><\/p>\n<p>&nbsp;<\/p>\n<p>&nbsp;<\/p>\n","protected":false},"excerpt":{"rendered":"<p>Insekten -&gt; Schmetterlinge-&gt;Nachtfalter Insekten von A-Z zur Galerie Nachtfalter Die Gammaeule (Autographa gamma), auch Pistoleneule genannt, ist ein Schmetterling (Nachtfalter) aus der Familie der Eulenfalter. Bei der Gammaeule handelt es sich um einen mittelgro\u00dfen Falter mit einer Fl\u00fcgelspannweite von 35 bis 40 Millimeter. Er ist grau bis braun gef\u00e4rbt und besitzt wie viele Arten der &hellip; <a href=\"https:\/\/woerrlein-naturfoto.de\/wordpress\/nachtfalter-a-z\/gammaeule\/\" class=\"more-link\"><span class=\"screen-reader-text\">Gammaeule<\/span> weiterlesen <span class=\"meta-nav\">&rarr;<\/span><\/a><\/p>\n","protected":false},"author":1,"featured_media":0,"parent":11172,"menu_order":0,"comment_status":"closed","ping_status":"closed","template":"page-templates\/full-width.php","meta":{"footnotes":""},"class_list":["post-3928","page","type-page","status-publish","hentry"],"_links":{"self":[{"href":"https:\/\/woerrlein-naturfoto.de\/wordpress\/wp-json\/wp\/v2\/pages\/3928","targetHints":{"allow":["GET"]}}],"collection":[{"href":"https:\/\/woerrlein-naturfoto.de\/wordpress\/wp-json\/wp\/v2\/pages"}],"about":[{"href":"https:\/\/woerrlein-naturfoto.de\/wordpress\/wp-json\/wp\/v2\/types\/page"}],"author":[{"embeddable":true,"href":"https:\/\/woerrlein-naturfoto.de\/wordpress\/wp-json\/wp\/v2\/users\/1"}],"replies":[{"embeddable":true,"href":"https:\/\/woerrlein-naturfoto.de\/wordpress\/wp-json\/wp\/v2\/comments?post=3928"}],"version-history":[{"count":5,"href":"https:\/\/woerrlein-naturfoto.de\/wordpress\/wp-json\/wp\/v2\/pages\/3928\/revisions"}],"predecessor-version":[{"id":11192,"href":"https:\/\/woerrlein-naturfoto.de\/wordpress\/wp-json\/wp\/v2\/pages\/3928\/revisions\/11192"}],"up":[{"embeddable":true,"href":"https:\/\/woerrlein-naturfoto.de\/wordpress\/wp-json\/wp\/v2\/pages\/11172"}],"wp:attachment":[{"href":"https:\/\/woerrlein-naturfoto.de\/wordpress\/wp-json\/wp\/v2\/media?parent=3928"}],"curies":[{"name":"wp","href":"https:\/\/api.w.org\/{rel}","templated":true}]}}