{"id":3803,"date":"2015-01-07T00:29:19","date_gmt":"2015-01-06T22:29:19","guid":{"rendered":"http:\/\/woerrlein-naturfoto.de\/wordpress\/?page_id=3803"},"modified":"2015-02-11T22:57:27","modified_gmt":"2015-02-11T21:57:27","slug":"sandlaufkaefer","status":"publish","type":"page","link":"https:\/\/woerrlein-naturfoto.de\/wordpress\/kaefer-a-z\/sandlaufkaefer\/","title":{"rendered":"Sandlaufk\u00e4fer"},"content":{"rendered":"<p><a href=\"http:\/\/woerrlein-naturfoto.de\/wordpress\/insekten\/\"><span style=\"color: #ffff66;\">Insekten<\/span> <\/a>-&gt;<a href=\"http:\/\/woerrlein-naturfoto.de\/wordpress\/hauptseite-insekten\/insekten\/kaefer-2\/\"> <span style=\"color: #ffff66;\">K\u00e4fer<\/span><\/a><br \/>\n<a title=\"Insekten A-Z\" href=\"http:\/\/woerrlein-naturfoto.de\/wordpress\/insekten-a-z\/\">Insekten von A-Z<\/a><br \/>\nzur Galerie <a title=\"K\u00e4fer\" href=\"http:\/\/woerrlein-naturfoto.de\/wordpress\/hauptseite-insekten\/insekten\/kaefer-2\/\">K\u00e4fer<\/a><\/p>\n<p><img loading=\"lazy\" decoding=\"async\" class=\"alignleft wp-image-3779\" src=\"http:\/\/woerrlein-naturfoto.de\/wordpress\/wp-content\/uploads\/Sandlaufkaefer_MW28592_gros-600x400.jpg\" alt=\"Sandlaufkaefer_MW28592_gros.jpg\" width=\"600\" height=\"400\" \/>Die <b>Sandlaufk\u00e4fer<\/b> (Cicindelinae), in \u00e4lteren Texten auch <b>Sandk\u00e4fer<\/b> genannt, sind eine Unterfamilie innerhalb der Familie der Laufk\u00e4fer. Sie sind weltweit mit etwa 2000 Arten in 130 Gattungen verbreitet. In Europa kommen sie mit 121 Arten und Unterarten vor, In Mitteleuropa sind 12 Arten bekannt. Von manchen Systematikern werden die Sandlaufk\u00e4fer als eigene Familie gesehen. Im s\u00fcdlichen Europa wird diese Gruppe schnell artenreicher (beispielsweise Italien mit \u00fcber 20 Arten).<\/p>\n<p>Zur Galerie <a title=\"K\u00e4fer\" href=\"http:\/\/woerrlein-naturfoto.de\/wordpress\/hauptseite-insekten\/insekten\/kaefer-2\/\">K\u00e4fer<\/a><\/p>\n<p>&nbsp;<\/p>\n<p><em>Quelle des Textauszuges und weitere Infos bei <\/em><a href=\"http:\/\/de.wikipedia.org\/wiki\/Sandlaufk%C3%A4fer\" target=\"_blank\">Wikipedia<\/a><em> (<\/em><a href=\"http:\/\/www.gnu.org\/licenses\/fdl-1.3.txt\" target=\"_blank\">GNU-Lizenz<\/a><em>)\u2013 mein Dank gilt den <\/em><a href=\"http:\/\/de.wikipedia.org\/w\/index.php?title=Sandlaufk%C3%A4fer&amp;action=history\" target=\"_blank\">Autoren<\/a><em>.<\/em><\/p>\n","protected":false},"excerpt":{"rendered":"<p>Insekten -&gt; K\u00e4fer Insekten von A-Z zur Galerie K\u00e4fer Die Sandlaufk\u00e4fer (Cicindelinae), in \u00e4lteren Texten auch Sandk\u00e4fer genannt, sind eine Unterfamilie innerhalb der Familie der Laufk\u00e4fer. Sie sind weltweit mit etwa 2000 Arten in 130 Gattungen verbreitet. In Europa kommen sie mit 121 Arten und Unterarten vor, In Mitteleuropa sind 12 Arten bekannt. Von manchen &hellip; <a href=\"https:\/\/woerrlein-naturfoto.de\/wordpress\/kaefer-a-z\/sandlaufkaefer\/\" class=\"more-link\"><span class=\"screen-reader-text\">Sandlaufk\u00e4fer<\/span> weiterlesen <span class=\"meta-nav\">&rarr;<\/span><\/a><\/p>\n","protected":false},"author":1,"featured_media":0,"parent":3789,"menu_order":0,"comment_status":"closed","ping_status":"closed","template":"page-templates\/full-width.php","meta":{"footnotes":""},"class_list":["post-3803","page","type-page","status-publish","hentry"],"_links":{"self":[{"href":"https:\/\/woerrlein-naturfoto.de\/wordpress\/wp-json\/wp\/v2\/pages\/3803","targetHints":{"allow":["GET"]}}],"collection":[{"href":"https:\/\/woerrlein-naturfoto.de\/wordpress\/wp-json\/wp\/v2\/pages"}],"about":[{"href":"https:\/\/woerrlein-naturfoto.de\/wordpress\/wp-json\/wp\/v2\/types\/page"}],"author":[{"embeddable":true,"href":"https:\/\/woerrlein-naturfoto.de\/wordpress\/wp-json\/wp\/v2\/users\/1"}],"replies":[{"embeddable":true,"href":"https:\/\/woerrlein-naturfoto.de\/wordpress\/wp-json\/wp\/v2\/comments?post=3803"}],"version-history":[{"count":3,"href":"https:\/\/woerrlein-naturfoto.de\/wordpress\/wp-json\/wp\/v2\/pages\/3803\/revisions"}],"predecessor-version":[{"id":5891,"href":"https:\/\/woerrlein-naturfoto.de\/wordpress\/wp-json\/wp\/v2\/pages\/3803\/revisions\/5891"}],"up":[{"embeddable":true,"href":"https:\/\/woerrlein-naturfoto.de\/wordpress\/wp-json\/wp\/v2\/pages\/3789"}],"wp:attachment":[{"href":"https:\/\/woerrlein-naturfoto.de\/wordpress\/wp-json\/wp\/v2\/media?parent=3803"}],"curies":[{"name":"wp","href":"https:\/\/api.w.org\/{rel}","templated":true}]}}