{"id":3801,"date":"2015-01-07T00:19:40","date_gmt":"2015-01-06T22:19:40","guid":{"rendered":"http:\/\/woerrlein-naturfoto.de\/wordpress\/?page_id=3801"},"modified":"2015-02-11T22:56:51","modified_gmt":"2015-02-11T21:56:51","slug":"rotgelber-weichkaefer","status":"publish","type":"page","link":"https:\/\/woerrlein-naturfoto.de\/wordpress\/kaefer-a-z\/rotgelber-weichkaefer\/","title":{"rendered":"Rotgelber Weichk\u00e4fer"},"content":{"rendered":"<p><a href=\"http:\/\/woerrlein-naturfoto.de\/wordpress\/insekten\/\"><span style=\"color: #ffff66;\">Insekten<\/span> <\/a>-&gt;<a href=\"http:\/\/woerrlein-naturfoto.de\/wordpress\/hauptseite-insekten\/insekten\/kaefer-2\/\"> <span style=\"color: #ffff66;\">K\u00e4fer<\/span><\/a><br \/>\n<a title=\"Insekten A-Z\" href=\"http:\/\/woerrlein-naturfoto.de\/wordpress\/insekten-a-z\/\">Insekten von A-Z<\/a><br \/>\nzur Galerie <a title=\"K\u00e4fer\" href=\"http:\/\/woerrlein-naturfoto.de\/wordpress\/hauptseite-insekten\/insekten\/kaefer-2\/\">K\u00e4fer<\/a><\/p>\n<p><img loading=\"lazy\" decoding=\"async\" class=\"alignleft wp-image-3776\" src=\"http:\/\/woerrlein-naturfoto.de\/wordpress\/wp-content\/uploads\/RotGelberWeichkaefer_44158_v-400x600.jpg\" alt=\"RotGelberWeichkaefer_44158_v.jpg\" width=\"267\" height=\"400\" \/>Der <b>Rote<\/b> oder <b>Rotgelbe Weichk\u00e4fer<\/b> (<i>Rhagonycha fulva<\/i>) ist ein K\u00e4fer aus der Familie der Weichk\u00e4fer. Rote Weichk\u00e4fer werden 7 bis 10 Millimeter lang. Sie sind fast am ganzen K\u00f6rper rotgelb gef\u00e4rbt, nur die hinteren Enden der Deckfl\u00fcgel sind dunkel, bei manchen Tieren auch nach vorne auslaufend gef\u00e4rbt. Ihre F\u00fchler sind lang und fadenf\u00f6rmig. Die ersten beiden Glieder sind r\u00f6tlich, die restlichen sind braun. Die Beine sind orange, nur die beilf\u00f6rmigen und breiten Tarsen sind dunkel. Die tagaktiven Tiere jagen vor allem auf Bl\u00fcten nach kleinen Insekten. Oft findet man die Tiere in gro\u00dfer Zahl gemeinsam auf Doldenbl\u00fcten sitzen. Nach der recht lange dauernden Paarung legen die Weibchen die Eier ab. Die Larven jagen am Boden nach Schnecken und Insekten. Nach einem Jahr und mehreren H\u00e4utungen verpuppen sie sich.<\/p>\n<p>Zur Galerie <a title=\"K\u00e4fer\" href=\"http:\/\/woerrlein-naturfoto.de\/wordpress\/hauptseite-insekten\/insekten\/kaefer-2\/\">K\u00e4fer<\/a><\/p>\n<p>&nbsp;<\/p>\n<p><em>Quelle des Textauszuges und weitere Infos bei <\/em><a href=\"http:\/\/de.wikipedia.org\/wiki\/Roter_Weichk%C3%A4fer\" target=\"_blank\">Wikipedia<\/a><em> (<\/em><a href=\"http:\/\/www.gnu.org\/licenses\/fdl-1.3.txt\" target=\"_blank\">GNU-Lizenz<\/a><em>)\u2013 mein Dank gilt den <\/em><a href=\"http:\/\/de.wikipedia.org\/w\/index.php?title=Roter_Weichk%C3%A4fer&amp;action=history\" target=\"_blank\">Autoren<\/a><em>.<\/em><\/p>\n<p>&nbsp;<\/p>\n","protected":false},"excerpt":{"rendered":"<p>Insekten -&gt; K\u00e4fer Insekten von A-Z zur Galerie K\u00e4fer Der Rote oder Rotgelbe Weichk\u00e4fer (Rhagonycha fulva) ist ein K\u00e4fer aus der Familie der Weichk\u00e4fer. Rote Weichk\u00e4fer werden 7 bis 10 Millimeter lang. Sie sind fast am ganzen K\u00f6rper rotgelb gef\u00e4rbt, nur die hinteren Enden der Deckfl\u00fcgel sind dunkel, bei manchen Tieren auch nach vorne auslaufend &hellip; <a href=\"https:\/\/woerrlein-naturfoto.de\/wordpress\/kaefer-a-z\/rotgelber-weichkaefer\/\" class=\"more-link\"><span class=\"screen-reader-text\">Rotgelber Weichk\u00e4fer<\/span> weiterlesen <span class=\"meta-nav\">&rarr;<\/span><\/a><\/p>\n","protected":false},"author":1,"featured_media":0,"parent":3789,"menu_order":0,"comment_status":"closed","ping_status":"closed","template":"page-templates\/full-width.php","meta":{"footnotes":""},"class_list":["post-3801","page","type-page","status-publish","hentry"],"_links":{"self":[{"href":"https:\/\/woerrlein-naturfoto.de\/wordpress\/wp-json\/wp\/v2\/pages\/3801","targetHints":{"allow":["GET"]}}],"collection":[{"href":"https:\/\/woerrlein-naturfoto.de\/wordpress\/wp-json\/wp\/v2\/pages"}],"about":[{"href":"https:\/\/woerrlein-naturfoto.de\/wordpress\/wp-json\/wp\/v2\/types\/page"}],"author":[{"embeddable":true,"href":"https:\/\/woerrlein-naturfoto.de\/wordpress\/wp-json\/wp\/v2\/users\/1"}],"replies":[{"embeddable":true,"href":"https:\/\/woerrlein-naturfoto.de\/wordpress\/wp-json\/wp\/v2\/comments?post=3801"}],"version-history":[{"count":3,"href":"https:\/\/woerrlein-naturfoto.de\/wordpress\/wp-json\/wp\/v2\/pages\/3801\/revisions"}],"predecessor-version":[{"id":5890,"href":"https:\/\/woerrlein-naturfoto.de\/wordpress\/wp-json\/wp\/v2\/pages\/3801\/revisions\/5890"}],"up":[{"embeddable":true,"href":"https:\/\/woerrlein-naturfoto.de\/wordpress\/wp-json\/wp\/v2\/pages\/3789"}],"wp:attachment":[{"href":"https:\/\/woerrlein-naturfoto.de\/wordpress\/wp-json\/wp\/v2\/media?parent=3801"}],"curies":[{"name":"wp","href":"https:\/\/api.w.org\/{rel}","templated":true}]}}