{"id":3797,"date":"2015-01-07T00:01:03","date_gmt":"2015-01-06T22:01:03","guid":{"rendered":"http:\/\/woerrlein-naturfoto.de\/wordpress\/?page_id=3797"},"modified":"2015-02-11T22:56:19","modified_gmt":"2015-02-11T21:56:19","slug":"roter-fliegenkaefer","status":"publish","type":"page","link":"https:\/\/woerrlein-naturfoto.de\/wordpress\/kaefer-a-z\/roter-fliegenkaefer\/","title":{"rendered":"Roter Fliegenk\u00e4fer"},"content":{"rendered":"<p><a href=\"http:\/\/woerrlein-naturfoto.de\/wordpress\/insekten\/\"><span style=\"color: #ffff66;\">Insekten<\/span> <\/a>-&gt;<a href=\"http:\/\/woerrlein-naturfoto.de\/wordpress\/hauptseite-insekten\/insekten\/kaefer-2\/\"> <span style=\"color: #ffff66;\">K\u00e4fer<\/span><\/a><br \/>\n<a title=\"Insekten A-Z\" href=\"http:\/\/woerrlein-naturfoto.de\/wordpress\/insekten-a-z\/\">Insekten von A-Z<\/a><br \/>\nzur Galerie <a title=\"K\u00e4fer\" href=\"http:\/\/woerrlein-naturfoto.de\/wordpress\/hauptseite-insekten\/insekten\/kaefer-2\/\">K\u00e4fer<\/a><\/p>\n<p><img loading=\"lazy\" decoding=\"async\" class=\"alignleft wp-image-3775\" src=\"http:\/\/woerrlein-naturfoto.de\/wordpress\/wp-content\/uploads\/Roter_Fliegenkaefer_3200L_v-600x400.jpg\" alt=\"Roter_Fliegenkaefer_3200L_v.jpg\" width=\"600\" height=\"400\" \/>Der <b>Rote Fliegenk\u00e4fer<\/b> (<i>Cantharis rufa<\/i>) ist ein K\u00e4fer aus der Familie der Weichk\u00e4fer. Die K\u00e4fer erreichen eine K\u00f6rperl\u00e4nge von 8,5 bis 10 Millimetern. Kopf und Halsschild sind hellrot gef\u00e4rbt, die Deckfl\u00fcgel\u00a0 sind gelbbraun. Der Halsschild ist breit und abgerundet, allerdings nicht halbkreisf\u00f6rmig wie beim \u00e4hnlichen Variablen Weichk\u00e4fer (<i>Cantharis livida<\/i>). Die F\u00fchler sind hellrot, an den Enden aber dunkler als an der Basis. Die Beine sind gelb. Die Art kommt in fast ganz Europa und auch n\u00f6rdlich des Polarkreises und auf den Britischen Inseln vor. \u00d6stlich erstreckt sich ihre Verbreitung bis nach Sibirien. Man findet sie vom Flachland bis in niedrige Berglagen. Sie sind h\u00e4ufig und sitzen oft auf Getreide\u00e4hren.<\/p>\n<p>Zur Galerie <a title=\"K\u00e4fer\" href=\"http:\/\/woerrlein-naturfoto.de\/wordpress\/hauptseite-insekten\/insekten\/kaefer-2\/\">K\u00e4fer<\/a><\/p>\n<p>&nbsp;<\/p>\n<p><em>Quelle des Textauszuges und weitere Infos bei <\/em><a href=\"http:\/\/de.wikipedia.org\/wiki\/Roter_Fliegenk%C3%A4fer\" target=\"_blank\">Wikipedia<\/a><em> (<\/em><a href=\"http:\/\/www.gnu.org\/licenses\/fdl-1.3.txt\" target=\"_blank\">GNU-Lizenz<\/a><em>)\u2013 mein Dank gilt den <\/em><a href=\"http:\/\/de.wikipedia.org\/w\/index.php?title=Roter_Fliegenk%C3%A4fer&amp;action=history\" target=\"_blank\">Autoren<\/a><em>.<\/em><\/p>\n","protected":false},"excerpt":{"rendered":"<p>Insekten -&gt; K\u00e4fer Insekten von A-Z zur Galerie K\u00e4fer Der Rote Fliegenk\u00e4fer (Cantharis rufa) ist ein K\u00e4fer aus der Familie der Weichk\u00e4fer. Die K\u00e4fer erreichen eine K\u00f6rperl\u00e4nge von 8,5 bis 10 Millimetern. Kopf und Halsschild sind hellrot gef\u00e4rbt, die Deckfl\u00fcgel\u00a0 sind gelbbraun. Der Halsschild ist breit und abgerundet, allerdings nicht halbkreisf\u00f6rmig wie beim \u00e4hnlichen Variablen &hellip; <a href=\"https:\/\/woerrlein-naturfoto.de\/wordpress\/kaefer-a-z\/roter-fliegenkaefer\/\" class=\"more-link\"><span class=\"screen-reader-text\">Roter Fliegenk\u00e4fer<\/span> weiterlesen <span class=\"meta-nav\">&rarr;<\/span><\/a><\/p>\n","protected":false},"author":1,"featured_media":0,"parent":3789,"menu_order":0,"comment_status":"closed","ping_status":"closed","template":"page-templates\/full-width.php","meta":{"footnotes":""},"class_list":["post-3797","page","type-page","status-publish","hentry"],"_links":{"self":[{"href":"https:\/\/woerrlein-naturfoto.de\/wordpress\/wp-json\/wp\/v2\/pages\/3797","targetHints":{"allow":["GET"]}}],"collection":[{"href":"https:\/\/woerrlein-naturfoto.de\/wordpress\/wp-json\/wp\/v2\/pages"}],"about":[{"href":"https:\/\/woerrlein-naturfoto.de\/wordpress\/wp-json\/wp\/v2\/types\/page"}],"author":[{"embeddable":true,"href":"https:\/\/woerrlein-naturfoto.de\/wordpress\/wp-json\/wp\/v2\/users\/1"}],"replies":[{"embeddable":true,"href":"https:\/\/woerrlein-naturfoto.de\/wordpress\/wp-json\/wp\/v2\/comments?post=3797"}],"version-history":[{"count":5,"href":"https:\/\/woerrlein-naturfoto.de\/wordpress\/wp-json\/wp\/v2\/pages\/3797\/revisions"}],"predecessor-version":[{"id":5889,"href":"https:\/\/woerrlein-naturfoto.de\/wordpress\/wp-json\/wp\/v2\/pages\/3797\/revisions\/5889"}],"up":[{"embeddable":true,"href":"https:\/\/woerrlein-naturfoto.de\/wordpress\/wp-json\/wp\/v2\/pages\/3789"}],"wp:attachment":[{"href":"https:\/\/woerrlein-naturfoto.de\/wordpress\/wp-json\/wp\/v2\/media?parent=3797"}],"curies":[{"name":"wp","href":"https:\/\/api.w.org\/{rel}","templated":true}]}}