{"id":3792,"date":"2015-01-06T23:46:47","date_gmt":"2015-01-06T21:46:47","guid":{"rendered":"http:\/\/woerrlein-naturfoto.de\/wordpress\/?page_id=3792"},"modified":"2015-02-11T22:55:37","modified_gmt":"2015-02-11T21:55:37","slug":"pillendreher","status":"publish","type":"page","link":"https:\/\/woerrlein-naturfoto.de\/wordpress\/kaefer-a-z\/pillendreher\/","title":{"rendered":"Pillendreher"},"content":{"rendered":"<p><a href=\"http:\/\/woerrlein-naturfoto.de\/wordpress\/insekten\/\"><span style=\"color: #ffff66;\">Insekten<\/span> <\/a>-&gt;<a href=\"http:\/\/woerrlein-naturfoto.de\/wordpress\/hauptseite-insekten\/insekten\/kaefer-2\/\"> <span style=\"color: #ffff66;\">K\u00e4fer<\/span><\/a><br \/>\n<a title=\"Insekten A-Z\" href=\"http:\/\/woerrlein-naturfoto.de\/wordpress\/insekten-a-z\/\">Insekten von A-Z<\/a><br \/>\nzur Galerie <a title=\"K\u00e4fer\" href=\"http:\/\/woerrlein-naturfoto.de\/wordpress\/hauptseite-insekten\/insekten\/kaefer-2\/\">K\u00e4fer<\/a><\/p>\n<p><img loading=\"lazy\" decoding=\"async\" class=\"alignleft wp-image-3785\" src=\"http:\/\/woerrlein-naturfoto.de\/wordpress\/wp-content\/uploads\/Pillendreher_05783L-600x400.jpg\" alt=\"\" width=\"600\" height=\"400\" \/>Der <b>Heilige Pillendreher<\/b> (<i>Scarabaeus sacer<\/i>) ist ein K\u00e4fer aus der Familie der Blatthornk\u00e4fer. Heilige Pillendreher werden etwa drei Zentimeter lang. Der Chitin-Panzer besitzt eine schwarze Grundf\u00e4rbung, die oft eine gr\u00fcnliche Schattierung aufweist. Der K\u00f6rper ist insgesamt oval gebaut, eher gedrungen als gestreckt, wobei der Thorax breiter ist als das Abdomen. Der Kopf ist durch Forts\u00e4tze an den Seiten verbreitert und sehr flach. Die Vorderseite des Kopfes ist stark gezackt. Insgesamt erinnert seine Form sehr an eine Schaufel. Die F\u00fchler sind sehr kurz und verdicken sich am Ende zu einer Keule. Die Vorderbeine sind, \u00e4hnlich dem Kopf, flach und gezackt, sodass auch sie sehr gut als Schaufel verwendet werden k\u00f6nnen. Sie ern\u00e4hren sich vom Kot pflanzenfressender S\u00e4ugetiere und werden deshalb auch Koprophagen (Kotfresser) genannt. Nach der Paarung formt der K\u00e4fer eine Kugel aus Dung, die seine K\u00f6rpermasse oft um ein Vielfaches \u00fcbertrifft. Diese Kugel klemmt er dann zwischen seine Hinterbeine und rollt sie r\u00fcckw\u00e4rts laufend vor sich her, bis er eine geeignete Stelle findet und die Kugel mit Hilfe von Kopf und Vorderbeinen im Boden vergr\u00e4bt. Das Weibchen legt die Eier dann an die vergrabene Kotkugel, von der sich die Larven sp\u00e4ter ern\u00e4hren.<\/p>\n<p>Zur Galerie <a title=\"K\u00e4fer\" href=\"http:\/\/woerrlein-naturfoto.de\/wordpress\/hauptseite-insekten\/insekten\/kaefer-2\/\">K\u00e4fer<\/a><\/p>\n<p>&nbsp;<\/p>\n<p><em>Quelle des Textauszuges und weitere Infos bei <\/em><a href=\"http:\/\/de.wikipedia.org\/wiki\/Heiliger_Pillendreher\" target=\"_blank\">Wikipedia<\/a><em> (<\/em><a href=\"http:\/\/www.gnu.org\/licenses\/fdl-1.3.txt\" target=\"_blank\">GNU-Lizenz<\/a><em>)\u2013 mein Dank gilt den <\/em><a href=\"http:\/\/de.wikipedia.org\/w\/index.php?title=Heiliger_Pillendreher&amp;action=history\" target=\"_blank\">Autoren<\/a><em>.<\/em><\/p>\n","protected":false},"excerpt":{"rendered":"<p>Insekten -&gt; K\u00e4fer Insekten von A-Z zur Galerie K\u00e4fer Der Heilige Pillendreher (Scarabaeus sacer) ist ein K\u00e4fer aus der Familie der Blatthornk\u00e4fer. Heilige Pillendreher werden etwa drei Zentimeter lang. Der Chitin-Panzer besitzt eine schwarze Grundf\u00e4rbung, die oft eine gr\u00fcnliche Schattierung aufweist. Der K\u00f6rper ist insgesamt oval gebaut, eher gedrungen als gestreckt, wobei der Thorax breiter &hellip; <a href=\"https:\/\/woerrlein-naturfoto.de\/wordpress\/kaefer-a-z\/pillendreher\/\" class=\"more-link\"><span class=\"screen-reader-text\">Pillendreher<\/span> weiterlesen <span class=\"meta-nav\">&rarr;<\/span><\/a><\/p>\n","protected":false},"author":1,"featured_media":0,"parent":3789,"menu_order":0,"comment_status":"closed","ping_status":"closed","template":"page-templates\/full-width.php","meta":{"footnotes":""},"class_list":["post-3792","page","type-page","status-publish","hentry"],"_links":{"self":[{"href":"https:\/\/woerrlein-naturfoto.de\/wordpress\/wp-json\/wp\/v2\/pages\/3792","targetHints":{"allow":["GET"]}}],"collection":[{"href":"https:\/\/woerrlein-naturfoto.de\/wordpress\/wp-json\/wp\/v2\/pages"}],"about":[{"href":"https:\/\/woerrlein-naturfoto.de\/wordpress\/wp-json\/wp\/v2\/types\/page"}],"author":[{"embeddable":true,"href":"https:\/\/woerrlein-naturfoto.de\/wordpress\/wp-json\/wp\/v2\/users\/1"}],"replies":[{"embeddable":true,"href":"https:\/\/woerrlein-naturfoto.de\/wordpress\/wp-json\/wp\/v2\/comments?post=3792"}],"version-history":[{"count":5,"href":"https:\/\/woerrlein-naturfoto.de\/wordpress\/wp-json\/wp\/v2\/pages\/3792\/revisions"}],"predecessor-version":[{"id":5888,"href":"https:\/\/woerrlein-naturfoto.de\/wordpress\/wp-json\/wp\/v2\/pages\/3792\/revisions\/5888"}],"up":[{"embeddable":true,"href":"https:\/\/woerrlein-naturfoto.de\/wordpress\/wp-json\/wp\/v2\/pages\/3789"}],"wp:attachment":[{"href":"https:\/\/woerrlein-naturfoto.de\/wordpress\/wp-json\/wp\/v2\/media?parent=3792"}],"curies":[{"name":"wp","href":"https:\/\/api.w.org\/{rel}","templated":true}]}}