{"id":3759,"date":"2015-01-06T18:02:00","date_gmt":"2015-01-06T16:02:00","guid":{"rendered":"http:\/\/woerrlein-naturfoto.de\/wordpress\/?page_id=3759"},"modified":"2017-11-18T16:47:48","modified_gmt":"2017-11-18T15:47:48","slug":"feldwespe","status":"publish","type":"page","link":"https:\/\/woerrlein-naturfoto.de\/wordpress\/hautfluegler-zweifluegler-a-z\/feldwespe\/","title":{"rendered":"Heide-Feldwespe"},"content":{"rendered":"<p><a href=\"http:\/\/woerrlein-naturfoto.de\/wordpress\/insekten\/\"><span style=\"color: #ffff66;\">Insekten<\/span> <\/a>-&gt;<a href=\"http:\/\/woerrlein-naturfoto.de\/wordpress\/hauptseite-insekten\/insekten\/hautfluegler-zweifluegler-2\/\"> <span style=\"color: #ffff66;\">Hautfl\u00fcgler, Zweifl\u00fcgler<\/span><\/a><br \/>\n<a title=\"Insekten A-Z\" href=\"http:\/\/woerrlein-naturfoto.de\/wordpress\/insekten-a-z\/\">Insekten von A-Z<\/a><br \/>\nzur Galerie <a href=\"http:\/\/woerrlein-naturfoto.de\/wordpress\/hauptseite-insekten\/insekten\/hautfluegler-zweifluegler-2\/\">Hautfl\u00fcgler, Zweifl\u00fcgler<\/a><\/p>\n<p><img loading=\"lazy\" decoding=\"async\" class=\"alignleft wp-image-3762\" src=\"http:\/\/woerrlein-naturfoto.de\/wordpress\/wp-content\/uploads\/Feldwespen_18171L-600x400.jpg\" alt=\"Feldwespen_18171L.jpg\" width=\"600\" height=\"400\" srcset=\"https:\/\/woerrlein-naturfoto.de\/wordpress\/wp-content\/uploads\/Feldwespen_18171L-600x400.jpg 600w, https:\/\/woerrlein-naturfoto.de\/wordpress\/wp-content\/uploads\/Feldwespen_18171L-120x80.jpg 120w, https:\/\/woerrlein-naturfoto.de\/wordpress\/wp-content\/uploads\/Feldwespen_18171L.jpg 1000w\" sizes=\"auto, (max-width: 600px) 100vw, 600px\" \/>Die <b>Heide-Feldwespe<\/b> (<i>Polistes nimpha<\/i>) ist ein Hautfl\u00fcgler aus der Familie der Faltenwespen.<br \/>\nDie Tiere kommen von S\u00fcd- \u00fcber Mitteleuropa \u00f6stlich bis nach Zentralasien vor. Ihre Verbreitung erstreckt sich im Norden etwa auf H\u00f6he von Brandenburg. Man findet die Art bevorzugt an trocken-warmen Standorte auf Trockenrasen und Heiden, im S\u00fcden findet man sie auch in R\u00f6hricht. Die Flugzeit ist von Mai bis September. Ihre kleinen Waben heften die Feldwespen mit einem zentralen Stiel an Pflanzen und andere geeignete Substrate wie Holz und Steine an. Als eine gut zu verteidigende Engstelle gegen Ameisen dient der meist recht kurze Stiel zwischen Wabe und Substrat. Meist werden die Nester an w\u00e4rmebeg\u00fcnstigten, s\u00fcdexponierten Stellen gebaut. Alle Feldwespenarten bauen ihre Waben vertikal und ohne sch\u00fctzende H\u00fclle, die Waben liegen stets offen und frei.<\/p>\n<p>Zur Galerie <a href=\"http:\/\/woerrlein-naturfoto.de\/wordpress\/hauptseite-insekten\/insekten\/hautfluegler-zweifluegler-2\/\">Hautfl\u00fcgler, Zweifl\u00fcgler<\/a><\/p>\n<p>&nbsp;<\/p>\n<p><em>Quelle des Textauszuges und weitere Infos bei <\/em><a href=\"http:\/\/de.wikipedia.org\/wiki\/Feldwespen\" target=\"_blank\" rel=\"noopener noreferrer\">Wikipedia<\/a><em> (<\/em><a href=\"http:\/\/www.gnu.org\/licenses\/fdl-1.3.txt\" target=\"_blank\" rel=\"noopener noreferrer\">GNU-Lizenz<\/a><em>)\u2013 mein Dank gilt den <\/em><a href=\"https:\/\/de.wikipedia.org\/w\/index.php?title=Heide-Feldwespe&amp;action=history\" target=\"_blank\" rel=\"noopener noreferrer\">Autoren<\/a><em>.<\/em><\/p>\n","protected":false},"excerpt":{"rendered":"<p>Insekten -&gt; Hautfl\u00fcgler, Zweifl\u00fcgler Insekten von A-Z zur Galerie Hautfl\u00fcgler, Zweifl\u00fcgler Die Heide-Feldwespe (Polistes nimpha) ist ein Hautfl\u00fcgler aus der Familie der Faltenwespen. Die Tiere kommen von S\u00fcd- \u00fcber Mitteleuropa \u00f6stlich bis nach Zentralasien vor. Ihre Verbreitung erstreckt sich im Norden etwa auf H\u00f6he von Brandenburg. Man findet die Art bevorzugt an trocken-warmen Standorte auf &hellip; <a href=\"https:\/\/woerrlein-naturfoto.de\/wordpress\/hautfluegler-zweifluegler-a-z\/feldwespe\/\" class=\"more-link\"><span class=\"screen-reader-text\">Heide-Feldwespe<\/span> weiterlesen <span class=\"meta-nav\">&rarr;<\/span><\/a><\/p>\n","protected":false},"author":1,"featured_media":0,"parent":3739,"menu_order":0,"comment_status":"closed","ping_status":"closed","template":"page-templates\/full-width.php","meta":{"footnotes":""},"class_list":["post-3759","page","type-page","status-publish","hentry"],"_links":{"self":[{"href":"https:\/\/woerrlein-naturfoto.de\/wordpress\/wp-json\/wp\/v2\/pages\/3759","targetHints":{"allow":["GET"]}}],"collection":[{"href":"https:\/\/woerrlein-naturfoto.de\/wordpress\/wp-json\/wp\/v2\/pages"}],"about":[{"href":"https:\/\/woerrlein-naturfoto.de\/wordpress\/wp-json\/wp\/v2\/types\/page"}],"author":[{"embeddable":true,"href":"https:\/\/woerrlein-naturfoto.de\/wordpress\/wp-json\/wp\/v2\/users\/1"}],"replies":[{"embeddable":true,"href":"https:\/\/woerrlein-naturfoto.de\/wordpress\/wp-json\/wp\/v2\/comments?post=3759"}],"version-history":[{"count":7,"href":"https:\/\/woerrlein-naturfoto.de\/wordpress\/wp-json\/wp\/v2\/pages\/3759\/revisions"}],"predecessor-version":[{"id":9343,"href":"https:\/\/woerrlein-naturfoto.de\/wordpress\/wp-json\/wp\/v2\/pages\/3759\/revisions\/9343"}],"up":[{"embeddable":true,"href":"https:\/\/woerrlein-naturfoto.de\/wordpress\/wp-json\/wp\/v2\/pages\/3739"}],"wp:attachment":[{"href":"https:\/\/woerrlein-naturfoto.de\/wordpress\/wp-json\/wp\/v2\/media?parent=3759"}],"curies":[{"name":"wp","href":"https:\/\/api.w.org\/{rel}","templated":true}]}}