{"id":3753,"date":"2015-01-06T17:42:44","date_gmt":"2015-01-06T15:42:44","guid":{"rendered":"http:\/\/woerrlein-naturfoto.de\/wordpress\/?page_id=3753"},"modified":"2025-06-06T16:56:15","modified_gmt":"2025-06-06T14:56:15","slug":"schwebfliege","status":"publish","type":"page","link":"https:\/\/woerrlein-naturfoto.de\/wordpress\/hautfluegler-zweifluegler-a-z\/schwebfliege\/","title":{"rendered":"Schwebfliegen"},"content":{"rendered":"<p><a href=\"http:\/\/woerrlein-naturfoto.de\/wordpress\/insekten\/\"><span style=\"color: #ffff66;\">Insekten<\/span> <\/a>-&gt;<a href=\"http:\/\/woerrlein-naturfoto.de\/wordpress\/hauptseite-insekten\/insekten\/hautfluegler-zweifluegler-2\/\"> <span style=\"color: #ffff66;\">Hautfl\u00fcgler, Zweifl\u00fcgler<\/span><\/a><br \/>\n<a title=\"Insekten A-Z\" href=\"http:\/\/woerrlein-naturfoto.de\/wordpress\/insekten-a-z\/\">Insekten von A-Z<\/a><br \/>\nzur Galerie <a href=\"http:\/\/woerrlein-naturfoto.de\/wordpress\/hauptseite-insekten\/insekten\/hautfluegler-zweifluegler-2\/\">Hautfl\u00fcgler, Zweifl\u00fcgler<\/a><\/p>\n<p><img loading=\"lazy\" decoding=\"async\" class=\"alignleft wp-image-20272\" src=\"https:\/\/woerrlein-naturfoto.de\/wordpress\/wp-content\/uploads\/2025\/06\/Schwebfliege_44246_Ausschnitt.jpg\" alt=\"\" width=\"600\" height=\"400\" srcset=\"https:\/\/woerrlein-naturfoto.de\/wordpress\/wp-content\/uploads\/2025\/06\/Schwebfliege_44246_Ausschnitt.jpg 600w, https:\/\/woerrlein-naturfoto.de\/wordpress\/wp-content\/uploads\/2025\/06\/Schwebfliege_44246_Ausschnitt-120x80.jpg 120w\" sizes=\"auto, (max-width: 600px) 100vw, 600px\" \/><\/p>\n<p>Die <b>Schwebfliegen<\/b> (Syrphidae), auch <b>Stehfliegen<\/b> oder <b>Schwirrfliegen<\/b> genannt, stellen eine Familie der Ordnung Zweifl\u00fcgler dar. Innerhalb dieser werden sie den Fliegen zugeordnet. Sie kommen in etwa 6000 Arten vor, davon 1800 in der <a title=\"Pal\u00e4arktis\" href=\"http:\/\/de.wikipedia.org\/wiki\/Pal%C3%A4arktis\" target=\"_blank\" rel=\"noopener\">Pal\u00e4arktis<\/a>. Innerhalb der Schwebfliegen gibt es eine ganze Reihe verschiedener Arten, entsprechend abwechslungsreich ist auch ihr Aussehen. Etliche Schwebfliegenarten haben hummel-, wespen- oder bienen\u00e4hnliche Formen und Zeichnungen. Sie k\u00f6nnen leicht mit diesen verwechselt werden, sind aber harmlos. Diese <a title=\"Mimikry\" href=\"http:\/\/de.wikipedia.org\/wiki\/Mimikry\" target=\"_blank\" rel=\"noopener\">Mimikry<\/a> t\u00e4uscht den Fressfeinden der Schwebfliegen eine nicht vorhandene Gef\u00e4hrlichkeit vor, da sie im Gegensatz zu ihren \u201eVorbildern\u201c keinen Stachel besitzen. Der K\u00f6rper kann sowohl gedrungen als auch lang und schlank sein, au\u00dferdem gibt es behaarte und unbehaarte Arten. Das auff\u00e4lligste und namensgebende Merkmal ist ihre F\u00e4higkeit, mit hoher Konstanz, auch bei bewegter Luft, fliegend auf einer Stelle zu verharren.<\/p>\n<p>Zur Galerie <a href=\"http:\/\/woerrlein-naturfoto.de\/wordpress\/hauptseite-insekten\/insekten\/hautfluegler-zweifluegler-2\/\">Hautfl\u00fcgler, Zweifl\u00fcgler<\/a><\/p>\n<p>&nbsp;<\/p>\n<p><em>Quelle des Textauszuges und weitere Infos bei <\/em><a href=\"http:\/\/de.wikipedia.org\/wiki\/Schwebfliegen\" target=\"_blank\" rel=\"noopener\">Wikipedia<\/a><em> (<\/em><a href=\"http:\/\/www.gnu.org\/licenses\/fdl-1.3.txt\" target=\"_blank\" rel=\"noopener\">GNU-Lizenz<\/a><em>)\u2013 mein Dank gilt den <\/em><a href=\"http:\/\/de.wikipedia.org\/w\/index.php?title=Schwebfliegen&amp;action=history\" target=\"_blank\" rel=\"noopener\">Autoren<\/a><em>.<\/em><\/p>\n","protected":false},"excerpt":{"rendered":"<p>Insekten -&gt; Hautfl\u00fcgler, Zweifl\u00fcgler Insekten von A-Z zur Galerie Hautfl\u00fcgler, Zweifl\u00fcgler Die Schwebfliegen (Syrphidae), auch Stehfliegen oder Schwirrfliegen genannt, stellen eine Familie der Ordnung Zweifl\u00fcgler dar. Innerhalb dieser werden sie den Fliegen zugeordnet. Sie kommen in etwa 6000 Arten vor, davon 1800 in der Pal\u00e4arktis. Innerhalb der Schwebfliegen gibt es eine ganze Reihe verschiedener Arten, &hellip; <a href=\"https:\/\/woerrlein-naturfoto.de\/wordpress\/hautfluegler-zweifluegler-a-z\/schwebfliege\/\" class=\"more-link\"><span class=\"screen-reader-text\">Schwebfliegen<\/span> weiterlesen <span class=\"meta-nav\">&rarr;<\/span><\/a><\/p>\n","protected":false},"author":1,"featured_media":0,"parent":3739,"menu_order":0,"comment_status":"closed","ping_status":"closed","template":"page-templates\/full-width.php","meta":{"footnotes":""},"class_list":["post-3753","page","type-page","status-publish","hentry"],"_links":{"self":[{"href":"https:\/\/woerrlein-naturfoto.de\/wordpress\/wp-json\/wp\/v2\/pages\/3753","targetHints":{"allow":["GET"]}}],"collection":[{"href":"https:\/\/woerrlein-naturfoto.de\/wordpress\/wp-json\/wp\/v2\/pages"}],"about":[{"href":"https:\/\/woerrlein-naturfoto.de\/wordpress\/wp-json\/wp\/v2\/types\/page"}],"author":[{"embeddable":true,"href":"https:\/\/woerrlein-naturfoto.de\/wordpress\/wp-json\/wp\/v2\/users\/1"}],"replies":[{"embeddable":true,"href":"https:\/\/woerrlein-naturfoto.de\/wordpress\/wp-json\/wp\/v2\/comments?post=3753"}],"version-history":[{"count":6,"href":"https:\/\/woerrlein-naturfoto.de\/wordpress\/wp-json\/wp\/v2\/pages\/3753\/revisions"}],"predecessor-version":[{"id":20276,"href":"https:\/\/woerrlein-naturfoto.de\/wordpress\/wp-json\/wp\/v2\/pages\/3753\/revisions\/20276"}],"up":[{"embeddable":true,"href":"https:\/\/woerrlein-naturfoto.de\/wordpress\/wp-json\/wp\/v2\/pages\/3739"}],"wp:attachment":[{"href":"https:\/\/woerrlein-naturfoto.de\/wordpress\/wp-json\/wp\/v2\/media?parent=3753"}],"curies":[{"name":"wp","href":"https:\/\/api.w.org\/{rel}","templated":true}]}}