{"id":3751,"date":"2015-01-06T17:31:37","date_gmt":"2015-01-06T15:31:37","guid":{"rendered":"http:\/\/woerrlein-naturfoto.de\/wordpress\/?page_id=3751"},"modified":"2025-06-06T16:57:14","modified_gmt":"2025-06-06T14:57:14","slug":"hummel","status":"publish","type":"page","link":"https:\/\/woerrlein-naturfoto.de\/wordpress\/hautfluegler-zweifluegler-a-z\/hummel\/","title":{"rendered":"Hummeln"},"content":{"rendered":"<p><a href=\"http:\/\/woerrlein-naturfoto.de\/wordpress\/insekten\/\"><span style=\"color: #ffff66;\">Insekten<\/span> <\/a>-&gt;<a href=\"http:\/\/woerrlein-naturfoto.de\/wordpress\/hauptseite-insekten\/insekten\/hautfluegler-zweifluegler-2\/\"> <span style=\"color: #ffff66;\">Hautfl\u00fcgler, Zweifl\u00fcgler<\/span><\/a><br \/>\n<a title=\"Insekten A-Z\" href=\"http:\/\/woerrlein-naturfoto.de\/wordpress\/insekten-a-z\/\">Insekten von A-Z<\/a><br \/>\nzur Galerie <a href=\"http:\/\/woerrlein-naturfoto.de\/wordpress\/hauptseite-insekten\/insekten\/hautfluegler-zweifluegler-2\/\">Hautfl\u00fcgler, Zweifl\u00fcgler<\/a><\/p>\n<p><img loading=\"lazy\" decoding=\"async\" class=\"alignleft wp-image-14750\" src=\"https:\/\/woerrlein-naturfoto.de\/wordpress\/wp-content\/uploads\/2015\/01\/Hummel_200719_7988.jpg\" alt=\"\" width=\"600\" height=\"400\" srcset=\"https:\/\/woerrlein-naturfoto.de\/wordpress\/wp-content\/uploads\/2015\/01\/Hummel_200719_7988.jpg 1000w, https:\/\/woerrlein-naturfoto.de\/wordpress\/wp-content\/uploads\/2015\/01\/Hummel_200719_7988-600x400.jpg 600w, https:\/\/woerrlein-naturfoto.de\/wordpress\/wp-content\/uploads\/2015\/01\/Hummel_200719_7988-768x512.jpg 768w, https:\/\/woerrlein-naturfoto.de\/wordpress\/wp-content\/uploads\/2015\/01\/Hummel_200719_7988-120x80.jpg 120w\" sizes=\"auto, (max-width: 600px) 100vw, 600px\" \/><\/p>\n<p>Die <b>Hummeln<\/b> (<i>Bombus<\/i>) sind eine zu den Bienen geh\u00f6rende Gattung staatenbildender Insekten. Die \u00fcber einen Wehrstachel verf\u00fcgenden Hautfl\u00fcgler geh\u00f6ren zu den Stechimmen, auch Wehrimmen genannt. Sie kommen \u00fcberwiegend in den gem\u00e4\u00dfigteren und k\u00fchleren Regionen der Nordhalbkugel vor. Ein Hummelvolk besteht je nach Art aus etwa 50 bis 600 Tieren und einer K\u00f6nigin. Die Mehrzahl der Tiere sind Arbeiterinnen, daneben geh\u00f6ren zum Volk auch M\u00e4nnchen, die Drohnen genannt werden, sowie Jungk\u00f6niginnen. Ein Volk \u00fcberlebt in Europa nur einen Sommer und ist gew\u00f6hnlich im September abgestorben. Es \u00fcberwintern einzig die begatteten Jungk\u00f6niginnen, die im fr\u00fchen Fr\u00fchjahr des n\u00e4chsten Jahres allein auf sich gestellt mit der Anlage eines Nestes beginnen. Solche K\u00f6niginnen erreichen ein Alter von bis zu einem Jahr, von denen sie bis zu acht Monate in Winterruhe verbringen. Drohnen und Arbeiterinnen erreichen dagegen in der Regel nur ein Alter von drei bis vier Wochen.<br \/>\nW\u00e4hrend <a title=\"Honigbiene\" href=\"http:\/\/woerrlein-naturfoto.de\/wordpress\/hautfluegler-zweifluegler-a-z\/honigbiene\/\" target=\"_blank\" rel=\"noopener\">Honigbienen<\/a> erst ab einer Au\u00dfentemperatur von mindestens 10\u00a0\u00b0C ausfliegen, sind Hummelk\u00f6niginnen im zeitigen Fr\u00fchjahr bereits ab 2\u00a0\u00b0C und Hummelarbeiterinnen ab 6\u00a0\u00b0C beobachtbar, da sie die zum Fliegen notwendige K\u00f6rpertemperatur durch Vibration der Brustmuskulatur erzeugen.<\/p>\n<p>Zur Galerie <a href=\"http:\/\/woerrlein-naturfoto.de\/wordpress\/hauptseite-insekten\/insekten\/hautfluegler-zweifluegler-2\/\">Hautfl\u00fcgler, Zweifl\u00fcgler<\/a><\/p>\n<p>&nbsp;<\/p>\n<p><em>Quelle des Textauszuges und weitere Infos bei <\/em><a href=\"http:\/\/de.wikipedia.org\/wiki\/Hummeln\" target=\"_blank\" rel=\"noopener\">Wikipedia<\/a><em> (<\/em><a href=\"http:\/\/www.gnu.org\/licenses\/fdl-1.3.txt\" target=\"_blank\" rel=\"noopener\">GNU-Lizenz<\/a><em>)\u2013 mein Dank gilt den <\/em><a href=\"http:\/\/de.wikipedia.org\/w\/index.php?title=Hummeln&amp;action=history\" target=\"_blank\" rel=\"noopener\">Autoren<\/a><em>.<\/em><\/p>\n","protected":false},"excerpt":{"rendered":"<p>Insekten -&gt; Hautfl\u00fcgler, Zweifl\u00fcgler Insekten von A-Z zur Galerie Hautfl\u00fcgler, Zweifl\u00fcgler Die Hummeln (Bombus) sind eine zu den Bienen geh\u00f6rende Gattung staatenbildender Insekten. Die \u00fcber einen Wehrstachel verf\u00fcgenden Hautfl\u00fcgler geh\u00f6ren zu den Stechimmen, auch Wehrimmen genannt. Sie kommen \u00fcberwiegend in den gem\u00e4\u00dfigteren und k\u00fchleren Regionen der Nordhalbkugel vor. Ein Hummelvolk besteht je nach Art aus &hellip; <a href=\"https:\/\/woerrlein-naturfoto.de\/wordpress\/hautfluegler-zweifluegler-a-z\/hummel\/\" class=\"more-link\"><span class=\"screen-reader-text\">Hummeln<\/span> weiterlesen <span class=\"meta-nav\">&rarr;<\/span><\/a><\/p>\n","protected":false},"author":1,"featured_media":0,"parent":3739,"menu_order":0,"comment_status":"closed","ping_status":"closed","template":"page-templates\/full-width.php","meta":{"footnotes":""},"class_list":["post-3751","page","type-page","status-publish","hentry"],"_links":{"self":[{"href":"https:\/\/woerrlein-naturfoto.de\/wordpress\/wp-json\/wp\/v2\/pages\/3751","targetHints":{"allow":["GET"]}}],"collection":[{"href":"https:\/\/woerrlein-naturfoto.de\/wordpress\/wp-json\/wp\/v2\/pages"}],"about":[{"href":"https:\/\/woerrlein-naturfoto.de\/wordpress\/wp-json\/wp\/v2\/types\/page"}],"author":[{"embeddable":true,"href":"https:\/\/woerrlein-naturfoto.de\/wordpress\/wp-json\/wp\/v2\/users\/1"}],"replies":[{"embeddable":true,"href":"https:\/\/woerrlein-naturfoto.de\/wordpress\/wp-json\/wp\/v2\/comments?post=3751"}],"version-history":[{"count":6,"href":"https:\/\/woerrlein-naturfoto.de\/wordpress\/wp-json\/wp\/v2\/pages\/3751\/revisions"}],"predecessor-version":[{"id":20277,"href":"https:\/\/woerrlein-naturfoto.de\/wordpress\/wp-json\/wp\/v2\/pages\/3751\/revisions\/20277"}],"up":[{"embeddable":true,"href":"https:\/\/woerrlein-naturfoto.de\/wordpress\/wp-json\/wp\/v2\/pages\/3739"}],"wp:attachment":[{"href":"https:\/\/woerrlein-naturfoto.de\/wordpress\/wp-json\/wp\/v2\/media?parent=3751"}],"curies":[{"name":"wp","href":"https:\/\/api.w.org\/{rel}","templated":true}]}}