{"id":3748,"date":"2015-01-06T17:24:07","date_gmt":"2015-01-06T15:24:07","guid":{"rendered":"http:\/\/woerrlein-naturfoto.de\/wordpress\/?page_id=3748"},"modified":"2025-06-06T16:30:05","modified_gmt":"2025-06-06T14:30:05","slug":"hornisse","status":"publish","type":"page","link":"https:\/\/woerrlein-naturfoto.de\/wordpress\/hautfluegler-zweifluegler-a-z\/hornisse\/","title":{"rendered":"Hornisse"},"content":{"rendered":"<p><a href=\"http:\/\/woerrlein-naturfoto.de\/wordpress\/insekten\/\"><span style=\"color: #ffff66;\">Insekten<\/span> <\/a>-&gt;<a href=\"http:\/\/woerrlein-naturfoto.de\/wordpress\/hauptseite-insekten\/insekten\/hautfluegler-zweifluegler-2\/\"> <span style=\"color: #ffff66;\">Hautfl\u00fcgler, Zweifl\u00fcgler<\/span><\/a><br \/>\n<a title=\"Insekten A-Z\" href=\"http:\/\/woerrlein-naturfoto.de\/wordpress\/insekten-a-z\/\">Insekten von A-Z<\/a><br \/>\nzur Galerie <a href=\"http:\/\/woerrlein-naturfoto.de\/wordpress\/hauptseite-insekten\/insekten\/hautfluegler-zweifluegler-2\/\">Hautfl\u00fcgler, Zweifl\u00fcgler<\/a><\/p>\n<p><img loading=\"lazy\" decoding=\"async\" class=\"alignleft wp-image-20130\" src=\"https:\/\/woerrlein-naturfoto.de\/wordpress\/wp-content\/uploads\/2015\/01\/Hornisse_221003_3015.jpg\" alt=\"\" width=\"600\" height=\"400\" srcset=\"https:\/\/woerrlein-naturfoto.de\/wordpress\/wp-content\/uploads\/2015\/01\/Hornisse_221003_3015.jpg 1000w, https:\/\/woerrlein-naturfoto.de\/wordpress\/wp-content\/uploads\/2015\/01\/Hornisse_221003_3015-600x400.jpg 600w, https:\/\/woerrlein-naturfoto.de\/wordpress\/wp-content\/uploads\/2015\/01\/Hornisse_221003_3015-768x512.jpg 768w, https:\/\/woerrlein-naturfoto.de\/wordpress\/wp-content\/uploads\/2015\/01\/Hornisse_221003_3015-120x80.jpg 120w\" sizes=\"auto, (max-width: 600px) 100vw, 600px\" \/>Die <b>Hornisse<\/b> (<i>Vespa crabro<\/i>) ist eine Art aus der Familie der sozialen Faltenwespen. Sie ist die gr\u00f6\u00dfte in Mitteleuropa lebende soziale Faltenwespe. Die K\u00f6rpergr\u00f6\u00dfe der K\u00f6nigin betr\u00e4gt bis zu 35 Millimeter, die der Arbeiterinnen 18 bis 25 Millimeter und die der Drohnen 21 bis 28 Millimeter. Sie bildet einj\u00e4hrige Staaten. Die K\u00f6nigin gr\u00fcndet im Fr\u00fchjahr allein ein Nest, indem sie die erste Wabe und den Beginn einer Schutzh\u00fclle aus einer papierartigen Masse aus zerkautem Holz fertigt. In diese Wabe legt sie befruchtete Eier, aus denen Larven schl\u00fcpfen, die sie selbst bis zur Verpuppung mit Insekten f\u00fcttert. Aus diesen Larven entstehen Arbeiterinnen, auch Hilfsweibchen genannt, die der K\u00f6nigin dann fast alle Arbeiten abnehmen. Hornissen k\u00f6nnen mit ihrem Volk umziehen, wenn ihnen der Hohlraum, in dem sich das Nest befindet \u2013 beispielsweise ein Vogelnistkasten \u2013 zu eng wird. Man nennt diesen Vorgang Filialbildung oder auch Nestversetzung.<br \/>\nEin Hornissenvolk w\u00e4chst bis zu einer Gr\u00f6\u00dfe von 400 bis 700 Tieren an. Im Herbst \u2013 auf dem H\u00f6hepunkt der Volksentwicklung \u2013 schl\u00fcpfen junge K\u00f6niginnen und M\u00e4nnchen (Drohnen). Die Drohnen entstehen aus nicht befruchteten Eiern, haben also nur einen Satz <a title=\"Chromosom\" href=\"http:\/\/de.wikipedia.org\/wiki\/Chromosom\" target=\"_blank\" rel=\"noopener\">Chromosomen<\/a>. Die Drohnen k\u00e4mpfen anschlie\u00dfend untereinander, um die K\u00f6niginnen zu befruchten. Allein die begatteten jungen K\u00f6niginnen \u00fcberwintern. Der Rest des Volkes stirbt sp\u00e4testens beim ersten Nachtfrost. Das alte Nest wird im n\u00e4chsten Jahr nicht wieder besiedelt.<\/p>\n<p>Zur Galerie <a href=\"http:\/\/woerrlein-naturfoto.de\/wordpress\/hauptseite-insekten\/insekten\/hautfluegler-zweifluegler-2\/\">Hautfl\u00fcgler, Zweifl\u00fcgler<\/a><\/p>\n<p>&nbsp;<\/p>\n<p><em>Quelle des Textauszuges und weitere Infos bei <\/em><a href=\"http:\/\/de.wikipedia.org\/wiki\/Hornisse\" target=\"_blank\" rel=\"noopener\">Wikipedia<\/a><em> (<\/em><a href=\"http:\/\/www.gnu.org\/licenses\/fdl-1.3.txt\" target=\"_blank\" rel=\"noopener\">GNU-Lizenz<\/a><em>)\u2013 mein Dank gilt den <\/em><a href=\"http:\/\/de.wikipedia.org\/w\/index.php?title=Hornisse&amp;action=history\" target=\"_blank\" rel=\"noopener\">Autoren<\/a><em>.<\/em><\/p>\n","protected":false},"excerpt":{"rendered":"<p>Insekten -&gt; Hautfl\u00fcgler, Zweifl\u00fcgler Insekten von A-Z zur Galerie Hautfl\u00fcgler, Zweifl\u00fcgler Die Hornisse (Vespa crabro) ist eine Art aus der Familie der sozialen Faltenwespen. Sie ist die gr\u00f6\u00dfte in Mitteleuropa lebende soziale Faltenwespe. Die K\u00f6rpergr\u00f6\u00dfe der K\u00f6nigin betr\u00e4gt bis zu 35 Millimeter, die der Arbeiterinnen 18 bis 25 Millimeter und die der Drohnen 21 bis &hellip; <a href=\"https:\/\/woerrlein-naturfoto.de\/wordpress\/hautfluegler-zweifluegler-a-z\/hornisse\/\" class=\"more-link\"><span class=\"screen-reader-text\">Hornisse<\/span> weiterlesen <span class=\"meta-nav\">&rarr;<\/span><\/a><\/p>\n","protected":false},"author":1,"featured_media":0,"parent":3739,"menu_order":0,"comment_status":"closed","ping_status":"closed","template":"page-templates\/full-width.php","meta":{"footnotes":""},"class_list":["post-3748","page","type-page","status-publish","hentry"],"_links":{"self":[{"href":"https:\/\/woerrlein-naturfoto.de\/wordpress\/wp-json\/wp\/v2\/pages\/3748","targetHints":{"allow":["GET"]}}],"collection":[{"href":"https:\/\/woerrlein-naturfoto.de\/wordpress\/wp-json\/wp\/v2\/pages"}],"about":[{"href":"https:\/\/woerrlein-naturfoto.de\/wordpress\/wp-json\/wp\/v2\/types\/page"}],"author":[{"embeddable":true,"href":"https:\/\/woerrlein-naturfoto.de\/wordpress\/wp-json\/wp\/v2\/users\/1"}],"replies":[{"embeddable":true,"href":"https:\/\/woerrlein-naturfoto.de\/wordpress\/wp-json\/wp\/v2\/comments?post=3748"}],"version-history":[{"count":5,"href":"https:\/\/woerrlein-naturfoto.de\/wordpress\/wp-json\/wp\/v2\/pages\/3748\/revisions"}],"predecessor-version":[{"id":20260,"href":"https:\/\/woerrlein-naturfoto.de\/wordpress\/wp-json\/wp\/v2\/pages\/3748\/revisions\/20260"}],"up":[{"embeddable":true,"href":"https:\/\/woerrlein-naturfoto.de\/wordpress\/wp-json\/wp\/v2\/pages\/3739"}],"wp:attachment":[{"href":"https:\/\/woerrlein-naturfoto.de\/wordpress\/wp-json\/wp\/v2\/media?parent=3748"}],"curies":[{"name":"wp","href":"https:\/\/api.w.org\/{rel}","templated":true}]}}