{"id":3746,"date":"2015-01-06T17:14:42","date_gmt":"2015-01-06T15:14:42","guid":{"rendered":"http:\/\/woerrlein-naturfoto.de\/wordpress\/?page_id=3746"},"modified":"2015-02-11T22:59:48","modified_gmt":"2015-02-11T21:59:48","slug":"honigbiene","status":"publish","type":"page","link":"https:\/\/woerrlein-naturfoto.de\/wordpress\/hautfluegler-zweifluegler-a-z\/honigbiene\/","title":{"rendered":"Honigbiene"},"content":{"rendered":"<p><a href=\"http:\/\/woerrlein-naturfoto.de\/wordpress\/insekten\/\"><span style=\"color: #ffff66;\">Insekten<\/span> <\/a>-&gt;<a href=\"http:\/\/woerrlein-naturfoto.de\/wordpress\/hauptseite-insekten\/insekten\/hautfluegler-zweifluegler-2\/\"> <span style=\"color: #ffff66;\">Hautfl\u00fcgler, Zweifl\u00fcgler<\/span><\/a><br \/>\n<a title=\"Insekten A-Z\" href=\"http:\/\/woerrlein-naturfoto.de\/wordpress\/insekten-a-z\/\">Insekten von A-Z<\/a><br \/>\nzur Galerie <a href=\"http:\/\/woerrlein-naturfoto.de\/wordpress\/hauptseite-insekten\/insekten\/hautfluegler-zweifluegler-2\/\">Hautfl\u00fcgler, Zweifl\u00fcgler<\/a><\/p>\n<p><img loading=\"lazy\" decoding=\"async\" class=\"alignleft wp-image-3738\" src=\"http:\/\/woerrlein-naturfoto.de\/wordpress\/wp-content\/uploads\/Biene_D140720_8427-400x600.jpg\" alt=\"Biene_D140720_8427.jpg\" width=\"267\" height=\"400\" \/><\/p>\n<p>Die <b>Westliche Honigbiene<\/b> (<i>Apis mellifera<\/i>), auch <b>Europ\u00e4ische Honigbiene<\/b>, meist einfach <b>Biene<\/b> oder <b>Honigbiene<\/b> genannt, geh\u00f6rt zur Familie der Echten Bienen, innerhalb derer sie eine Vertreterin der Gattung der Honigbienen ist. Ihr urspr\u00fcngliches Verbreitungsgebiet war Europa, Afrika und Vorderasien. Da sie Honig erzeugt, wird sie durch den Menschen genutzt (<a title=\"Imker\" href=\"http:\/\/de.wikipedia.org\/wiki\/Imker\" target=\"_blank\">Imkerei<\/a>) und wurde weltweit verbreitet; so bereits w\u00e4hrend der Kolonialisierung anderer Kontinente durch die Europ\u00e4er. F\u00fcr die Landwirtschaft ist die durch die Westliche Honigbiene erfolgte Best\u00e4ubung der Bl\u00fcten von Bedeutung, was sie zu einem der wichtigsten Nutztiere macht. Es gibt etwa 25 Unterarten der <i>Apis mellifera<\/i>, die als Bienenrassen bezeichnet werden. Die europ\u00e4ischen Rassen haben sich in der heutigen Form erst nach der letzten Eiszeit bei der Neubesiedlung herausgebildet. Die Rasse Dunkle Europ\u00e4ische Biene verbreitete sich dabei in den gem\u00e4\u00dfigten und k\u00fchleren Klimazonen Europas, so zum Beispiel in Deutschland, \u00d6sterreich und der Schweiz mit den Alpen als nat\u00fcrliche Barriere gegen w\u00e4rmere s\u00fcdlichere L\u00e4nder. Wie einige andere Bienenarten ist auch die Westliche Honigbiene ein staatenbildendes Fluginsekt.<\/p>\n<p>Zur Galerie <a href=\"http:\/\/woerrlein-naturfoto.de\/wordpress\/hauptseite-insekten\/insekten\/hautfluegler-zweifluegler-2\/\">Hautfl\u00fcgler, Zweifl\u00fcgler<\/a><\/p>\n<p>&nbsp;<\/p>\n<p><em>Quelle des Textauszuges und weitere Infos bei <\/em><a href=\"http:\/\/de.wikipedia.org\/wiki\/Westliche_Honigbiene\" target=\"_blank\">Wikipedia<\/a><em> (<\/em><a href=\"http:\/\/www.gnu.org\/licenses\/fdl-1.3.txt\" target=\"_blank\">GNU-Lizenz<\/a><em>)\u2013 mein Dank gilt den <\/em><a href=\"http:\/\/de.wikipedia.org\/w\/index.php?title=Westliche_Honigbiene&amp;action=history\" target=\"_blank\">Autoren<\/a><em>.<\/em><\/p>\n","protected":false},"excerpt":{"rendered":"<p>Insekten -&gt; Hautfl\u00fcgler, Zweifl\u00fcgler Insekten von A-Z zur Galerie Hautfl\u00fcgler, Zweifl\u00fcgler Die Westliche Honigbiene (Apis mellifera), auch Europ\u00e4ische Honigbiene, meist einfach Biene oder Honigbiene genannt, geh\u00f6rt zur Familie der Echten Bienen, innerhalb derer sie eine Vertreterin der Gattung der Honigbienen ist. Ihr urspr\u00fcngliches Verbreitungsgebiet war Europa, Afrika und Vorderasien. Da sie Honig erzeugt, wird sie &hellip; <a href=\"https:\/\/woerrlein-naturfoto.de\/wordpress\/hautfluegler-zweifluegler-a-z\/honigbiene\/\" class=\"more-link\"><span class=\"screen-reader-text\">Honigbiene<\/span> weiterlesen <span class=\"meta-nav\">&rarr;<\/span><\/a><\/p>\n","protected":false},"author":1,"featured_media":0,"parent":3739,"menu_order":0,"comment_status":"closed","ping_status":"closed","template":"page-templates\/full-width.php","meta":{"footnotes":""},"class_list":["post-3746","page","type-page","status-publish","hentry"],"_links":{"self":[{"href":"https:\/\/woerrlein-naturfoto.de\/wordpress\/wp-json\/wp\/v2\/pages\/3746","targetHints":{"allow":["GET"]}}],"collection":[{"href":"https:\/\/woerrlein-naturfoto.de\/wordpress\/wp-json\/wp\/v2\/pages"}],"about":[{"href":"https:\/\/woerrlein-naturfoto.de\/wordpress\/wp-json\/wp\/v2\/types\/page"}],"author":[{"embeddable":true,"href":"https:\/\/woerrlein-naturfoto.de\/wordpress\/wp-json\/wp\/v2\/users\/1"}],"replies":[{"embeddable":true,"href":"https:\/\/woerrlein-naturfoto.de\/wordpress\/wp-json\/wp\/v2\/comments?post=3746"}],"version-history":[{"count":3,"href":"https:\/\/woerrlein-naturfoto.de\/wordpress\/wp-json\/wp\/v2\/pages\/3746\/revisions"}],"predecessor-version":[{"id":5894,"href":"https:\/\/woerrlein-naturfoto.de\/wordpress\/wp-json\/wp\/v2\/pages\/3746\/revisions\/5894"}],"up":[{"embeddable":true,"href":"https:\/\/woerrlein-naturfoto.de\/wordpress\/wp-json\/wp\/v2\/pages\/3739"}],"wp:attachment":[{"href":"https:\/\/woerrlein-naturfoto.de\/wordpress\/wp-json\/wp\/v2\/media?parent=3746"}],"curies":[{"name":"wp","href":"https:\/\/api.w.org\/{rel}","templated":true}]}}