{"id":3717,"date":"2015-01-06T15:32:01","date_gmt":"2015-01-06T13:32:01","guid":{"rendered":"http:\/\/woerrlein-naturfoto.de\/wordpress\/?page_id=3717"},"modified":"2015-02-11T23:04:25","modified_gmt":"2015-02-11T22:04:25","slug":"punktierte-zartschrecke","status":"publish","type":"page","link":"https:\/\/woerrlein-naturfoto.de\/wordpress\/fang-und-heuschrecken-a-z\/punktierte-zartschrecke\/","title":{"rendered":"Punktierte Zartschrecke"},"content":{"rendered":"<p><a href=\"http:\/\/woerrlein-naturfoto.de\/wordpress\/insekten\/\"><span style=\"color: #ffff66;\">Insekten<\/span> <\/a>-&gt;<a href=\"http:\/\/woerrlein-naturfoto.de\/wordpress\/hauptseite-insekten\/insekten\/fang-und-heuschrecken\/\"> <span style=\"color: #ffff66;\">Fang- und Heuschrecken<\/span><\/a><br \/>\n<a title=\"Insekten A-Z\" href=\"http:\/\/woerrlein-naturfoto.de\/wordpress\/insekten-a-z\/\">Insekten von A-Z<\/a><br \/>\nzur Galerie <a title=\"Fang- und Heuschrecken\" href=\"http:\/\/woerrlein-naturfoto.de\/wordpress\/hauptseite-insekten\/insekten\/fang-und-heuschrecken\/\">Fang- und Heuschrecken<\/a><\/p>\n<p><img loading=\"lazy\" decoding=\"async\" class=\"alignleft wp-image-3694\" src=\"http:\/\/woerrlein-naturfoto.de\/wordpress\/wp-content\/uploads\/puktierteZartschrecke-600x400.jpg\" alt=\"puktierteZartschrecke.jpg\" width=\"600\" height=\"400\" srcset=\"https:\/\/woerrlein-naturfoto.de\/wordpress\/wp-content\/uploads\/puktierteZartschrecke-600x400.jpg 600w, https:\/\/woerrlein-naturfoto.de\/wordpress\/wp-content\/uploads\/puktierteZartschrecke-120x80.jpg 120w, https:\/\/woerrlein-naturfoto.de\/wordpress\/wp-content\/uploads\/puktierteZartschrecke.jpg 800w\" sizes=\"auto, (max-width: 600px) 100vw, 600px\" \/><\/p>\n<p>Die <b>Punktierte Zartschrecke<\/b> (<i>Leptophyes punctatissima<\/i>) ist eine 1-1,5 cm gro\u00dfe Art der Laubheuschrecken und geh\u00f6rt zu der Unterordnung der Langf\u00fchlerschrecken. Der K\u00f6rper wirkt kr\u00e4ftig, sattelf\u00f6rmig und weist mehr oder weniger sichtbare gelbe L\u00e4ngszeichnungen auf. Die Fl\u00fcgel dieser Langf\u00fchlerschrecken sind sehr kurz, vor allem beim Weibchen. Der weibliche Leges\u00e4bel ist sichelartig und nach oben gekr\u00fcmmt. Man trifft diese Art auf Laubb\u00e4umen, auf Stauden oder im Geb\u00fcsch in Mittel-, West- und S\u00fcdeuropa an. Die ausgewachsenen M\u00e4nnchen h\u00f6rt man ab August zirpen. Man unterscheidet zwischen Lock- und Werbegesang. Nach der Begattung legt das Weibchen die Eier einzeln ab, aus denen dann im folgenden Fr\u00fchjahr die Larven schl\u00fcpfen.<\/p>\n<p>Zur Galerie <a title=\"Fang- und Heuschrecken\" href=\"http:\/\/woerrlein-naturfoto.de\/wordpress\/hauptseite-insekten\/insekten\/fang-und-heuschrecken\/\">Fang- und Heuschrecken<\/a><\/p>\n<p>&nbsp;<\/p>\n<p><em>Quelle des Textauszuges und weitere Infos bei <\/em><a href=\"http:\/\/de.wikipedia.org\/wiki\/Punktierte_Zartschrecke\" target=\"_blank\">Wikipedia<\/a><em> (<\/em><a href=\"http:\/\/www.gnu.org\/licenses\/fdl-1.3.txt\" target=\"_blank\">GNU-Lizenz<\/a><em>)\u2013 mein Dank gilt den <\/em><a href=\"http:\/\/de.wikipedia.org\/w\/index.php?title=Punktierte_Zartschrecke&amp;action=history\" target=\"_blank\">Autoren<\/a><em>.<\/em><\/p>\n","protected":false},"excerpt":{"rendered":"<p>Insekten -&gt; Fang- und Heuschrecken Insekten von A-Z zur Galerie Fang- und Heuschrecken Die Punktierte Zartschrecke (Leptophyes punctatissima) ist eine 1-1,5 cm gro\u00dfe Art der Laubheuschrecken und geh\u00f6rt zu der Unterordnung der Langf\u00fchlerschrecken. Der K\u00f6rper wirkt kr\u00e4ftig, sattelf\u00f6rmig und weist mehr oder weniger sichtbare gelbe L\u00e4ngszeichnungen auf. Die Fl\u00fcgel dieser Langf\u00fchlerschrecken sind sehr kurz, vor &hellip; <a href=\"https:\/\/woerrlein-naturfoto.de\/wordpress\/fang-und-heuschrecken-a-z\/punktierte-zartschrecke\/\" class=\"more-link\"><span class=\"screen-reader-text\">Punktierte Zartschrecke<\/span> weiterlesen <span class=\"meta-nav\">&rarr;<\/span><\/a><\/p>\n","protected":false},"author":1,"featured_media":0,"parent":3698,"menu_order":0,"comment_status":"closed","ping_status":"closed","template":"page-templates\/full-width.php","meta":{"footnotes":""},"class_list":["post-3717","page","type-page","status-publish","hentry"],"_links":{"self":[{"href":"https:\/\/woerrlein-naturfoto.de\/wordpress\/wp-json\/wp\/v2\/pages\/3717","targetHints":{"allow":["GET"]}}],"collection":[{"href":"https:\/\/woerrlein-naturfoto.de\/wordpress\/wp-json\/wp\/v2\/pages"}],"about":[{"href":"https:\/\/woerrlein-naturfoto.de\/wordpress\/wp-json\/wp\/v2\/types\/page"}],"author":[{"embeddable":true,"href":"https:\/\/woerrlein-naturfoto.de\/wordpress\/wp-json\/wp\/v2\/users\/1"}],"replies":[{"embeddable":true,"href":"https:\/\/woerrlein-naturfoto.de\/wordpress\/wp-json\/wp\/v2\/comments?post=3717"}],"version-history":[{"count":3,"href":"https:\/\/woerrlein-naturfoto.de\/wordpress\/wp-json\/wp\/v2\/pages\/3717\/revisions"}],"predecessor-version":[{"id":5899,"href":"https:\/\/woerrlein-naturfoto.de\/wordpress\/wp-json\/wp\/v2\/pages\/3717\/revisions\/5899"}],"up":[{"embeddable":true,"href":"https:\/\/woerrlein-naturfoto.de\/wordpress\/wp-json\/wp\/v2\/pages\/3698"}],"wp:attachment":[{"href":"https:\/\/woerrlein-naturfoto.de\/wordpress\/wp-json\/wp\/v2\/media?parent=3717"}],"curies":[{"name":"wp","href":"https:\/\/api.w.org\/{rel}","templated":true}]}}