{"id":3715,"date":"2015-01-06T15:24:32","date_gmt":"2015-01-06T13:24:32","guid":{"rendered":"http:\/\/woerrlein-naturfoto.de\/wordpress\/?page_id=3715"},"modified":"2015-02-11T23:04:56","modified_gmt":"2015-02-11T22:04:56","slug":"kreuzschrecke","status":"publish","type":"page","link":"https:\/\/woerrlein-naturfoto.de\/wordpress\/fang-und-heuschrecken-a-z\/kreuzschrecke\/","title":{"rendered":"Kreuzschrecke"},"content":{"rendered":"<p><a href=\"http:\/\/woerrlein-naturfoto.de\/wordpress\/insekten\/\"><span style=\"color: #ffff66;\">Insekten<\/span> <\/a>-&gt;<a href=\"http:\/\/woerrlein-naturfoto.de\/wordpress\/hauptseite-insekten\/insekten\/fang-und-heuschrecken\/\"> <span style=\"color: #ffff66;\">Fang- und Heuschrecken<\/span><\/a><br \/>\n<a title=\"Insekten A-Z\" href=\"http:\/\/woerrlein-naturfoto.de\/wordpress\/insekten-a-z\/\">Insekten von A-Z<\/a><br \/>\nzur Galerie <a title=\"Fang- und Heuschrecken\" href=\"http:\/\/woerrlein-naturfoto.de\/wordpress\/hauptseite-insekten\/insekten\/fang-und-heuschrecken\/\">Fang- und Heuschrecken<\/a><\/p>\n<p><img loading=\"lazy\" decoding=\"async\" class=\"alignleft wp-image-3684\" src=\"http:\/\/woerrlein-naturfoto.de\/wordpress\/wp-content\/uploads\/Kreuzschrecke_19188L_v-600x400.jpg\" alt=\"Kreuzschrecke_19188L_v.jpg\" width=\"600\" height=\"400\" \/>Die <strong>Kreuzschrecke<\/strong> (<em>Oedaleus decorus<\/em>) hat ihr Hauptverbreitungsgebiet in Nordafrika und im Mittelmeeraum. Die n\u00f6rdlichsten Vorkommen liegen s\u00fcdlich von Paris. Die Grundfarbe variiert von gr\u00fcn \u00fcber braun bis grau. Charakteristisch sind die vier weissen Linien auf dem Halsschild, die ein Andreaskreuz andeuten. Der Halsschild-Mittelkiel ist deutlich ausgepr\u00e4gt und leicht hochgew\u00f6lbt. Die Vorderfl\u00fcgel \u00fcberragen die Hinterknie deutlich, tragen zwei bis drei dunkle Querb\u00e4nder und sind gegen das Ende unregelm\u00e4ssig dunkel gefleckt. Die Weibchen erreichen eine K\u00f6rperl\u00e4nge von 25 bis 38 mm, die M\u00e4nnchen nur 18 bis 24 mm.<\/p>\n<p>zur Galerie <a title=\"Fang- und Heuschrecken\" href=\"http:\/\/woerrlein-naturfoto.de\/wordpress\/hauptseite-insekten\/insekten\/fang-und-heuschrecken\/\">Fang- und Heuschrecken<\/a><\/p>\n","protected":false},"excerpt":{"rendered":"<p>Insekten -&gt; Fang- und Heuschrecken Insekten von A-Z zur Galerie Fang- und Heuschrecken Die Kreuzschrecke (Oedaleus decorus) hat ihr Hauptverbreitungsgebiet in Nordafrika und im Mittelmeeraum. Die n\u00f6rdlichsten Vorkommen liegen s\u00fcdlich von Paris. Die Grundfarbe variiert von gr\u00fcn \u00fcber braun bis grau. Charakteristisch sind die vier weissen Linien auf dem Halsschild, die ein Andreaskreuz andeuten. Der &hellip; <a href=\"https:\/\/woerrlein-naturfoto.de\/wordpress\/fang-und-heuschrecken-a-z\/kreuzschrecke\/\" class=\"more-link\"><span class=\"screen-reader-text\">Kreuzschrecke<\/span> weiterlesen <span class=\"meta-nav\">&rarr;<\/span><\/a><\/p>\n","protected":false},"author":1,"featured_media":0,"parent":3698,"menu_order":0,"comment_status":"closed","ping_status":"closed","template":"page-templates\/full-width.php","meta":{"footnotes":""},"class_list":["post-3715","page","type-page","status-publish","hentry"],"_links":{"self":[{"href":"https:\/\/woerrlein-naturfoto.de\/wordpress\/wp-json\/wp\/v2\/pages\/3715","targetHints":{"allow":["GET"]}}],"collection":[{"href":"https:\/\/woerrlein-naturfoto.de\/wordpress\/wp-json\/wp\/v2\/pages"}],"about":[{"href":"https:\/\/woerrlein-naturfoto.de\/wordpress\/wp-json\/wp\/v2\/types\/page"}],"author":[{"embeddable":true,"href":"https:\/\/woerrlein-naturfoto.de\/wordpress\/wp-json\/wp\/v2\/users\/1"}],"replies":[{"embeddable":true,"href":"https:\/\/woerrlein-naturfoto.de\/wordpress\/wp-json\/wp\/v2\/comments?post=3715"}],"version-history":[{"count":3,"href":"https:\/\/woerrlein-naturfoto.de\/wordpress\/wp-json\/wp\/v2\/pages\/3715\/revisions"}],"predecessor-version":[{"id":5900,"href":"https:\/\/woerrlein-naturfoto.de\/wordpress\/wp-json\/wp\/v2\/pages\/3715\/revisions\/5900"}],"up":[{"embeddable":true,"href":"https:\/\/woerrlein-naturfoto.de\/wordpress\/wp-json\/wp\/v2\/pages\/3698"}],"wp:attachment":[{"href":"https:\/\/woerrlein-naturfoto.de\/wordpress\/wp-json\/wp\/v2\/media?parent=3715"}],"curies":[{"name":"wp","href":"https:\/\/api.w.org\/{rel}","templated":true}]}}