{"id":3707,"date":"2015-01-06T14:48:30","date_gmt":"2015-01-06T12:48:30","guid":{"rendered":"http:\/\/woerrlein-naturfoto.de\/wordpress\/?page_id=3707"},"modified":"2015-02-11T23:06:48","modified_gmt":"2015-02-11T22:06:48","slug":"europaeische-gottesanbeterin","status":"publish","type":"page","link":"https:\/\/woerrlein-naturfoto.de\/wordpress\/fang-und-heuschrecken-a-z\/europaeische-gottesanbeterin\/","title":{"rendered":"Europ\u00e4ische Gottesanbeterin"},"content":{"rendered":"<p><a href=\"http:\/\/woerrlein-naturfoto.de\/wordpress\/insekten\/\"><span style=\"color: #ffff66;\">Insekten<\/span> <\/a>-&gt;<a href=\"http:\/\/woerrlein-naturfoto.de\/wordpress\/hauptseite-insekten\/insekten\/fang-und-heuschrecken\/\"> <span style=\"color: #ffff66;\">Fang- und Heuschrecken<\/span><\/a><br \/>\n<a title=\"Insekten A-Z\" href=\"http:\/\/woerrlein-naturfoto.de\/wordpress\/insekten-a-z\/\">Insekten von A-Z<\/a><br \/>\nzur Galerie <a title=\"Fang- und Heuschrecken\" href=\"http:\/\/woerrlein-naturfoto.de\/wordpress\/hauptseite-insekten\/insekten\/fang-und-heuschrecken\/\">Fang- und Heuschrecken<\/a><\/p>\n<p><img loading=\"lazy\" decoding=\"async\" class=\"alignleft wp-image-3679\" src=\"http:\/\/woerrlein-naturfoto.de\/wordpress\/wp-content\/uploads\/Gottesanbeterin_18469L_v-400x600.jpg\" alt=\"\" width=\"267\" height=\"400\" srcset=\"https:\/\/woerrlein-naturfoto.de\/wordpress\/wp-content\/uploads\/Gottesanbeterin_18469L_v-400x600.jpg 400w, https:\/\/woerrlein-naturfoto.de\/wordpress\/wp-content\/uploads\/Gottesanbeterin_18469L_v.jpg 567w\" sizes=\"auto, (max-width: 267px) 100vw, 267px\" \/>Die <b>Europ\u00e4ische Gottesanbeterin<\/b> (<i>Mantis religiosa<\/i>) ist die einzige in Mitteleuropa vorkommende Vertreterin der Ordnung der Fangschrecken. In Deutschland ist sie in der <i>Roten Liste der Geradfl\u00fcgler<\/i> in die Kategorie 3 (\u201egef\u00e4hrdet\u201c) eingruppiert und genie\u00dft nach den Bestimmungen des Bundes-Naturschutz-Gesetzes (BNatSchG) in Verbindung mit der Bundes-Artenschutz-Verordnung (BArtSchV) besonderen Schutz. Deshalb darf sie u.\u00a0a. weder gefangen noch gehalten werden.<br \/>\nWeibchen k\u00f6nnen bis zu 75\u00a0mm lang werden, die M\u00e4nnchen sind deutlich kleiner und erreichen eine L\u00e4nge bis zu 60\u00a0mm. Die Grundf\u00e4rbung reicht von zartgr\u00fcn bis braun, auf ehemaligen Brandfl\u00e4chen kann man sogar fast schwarzen Individuen begegnen. An der Basis der Innenseite der Vorderh\u00fcften befindet sich ein schwarzer, oft wei\u00df gekernter Fleck, der in der Abwehrhaltung als augen\u00e4hnliche Zeichnung gezeigt wird. Die unterschiedlichen F\u00e4rbungsvarianten entstehen nach den einzelnen H\u00e4utungen als Anpassung an die Umgebung.<\/p>\n<p>Zur Galerie <a title=\"Fang- und Heuschrecken\" href=\"http:\/\/woerrlein-naturfoto.de\/wordpress\/hauptseite-insekten\/insekten\/fang-und-heuschrecken\/\">Fang- und Heuschrecken<\/a><\/p>\n<p>&nbsp;<\/p>\n<p><em>Quelle des Textauszuges und weitere Infos bei <\/em><a href=\"http:\/\/de.wikipedia.org\/wiki\/Europ%C3%A4ische_Gottesanbeterin\" target=\"_blank\">Wikipedia<\/a><em> (<\/em><a href=\"http:\/\/www.gnu.org\/licenses\/fdl-1.3.txt\" target=\"_blank\">GNU-Lizenz<\/a><em>)\u2013 mein Dank gilt den <\/em><a href=\"http:\/\/de.wikipedia.org\/w\/index.php?title=Europ%C3%A4ische_Gottesanbeterin&amp;action=history\" target=\"_blank\">Autoren<\/a><em>.<\/em><\/p>\n","protected":false},"excerpt":{"rendered":"<p>Insekten -&gt; Fang- und Heuschrecken Insekten von A-Z zur Galerie Fang- und Heuschrecken Die Europ\u00e4ische Gottesanbeterin (Mantis religiosa) ist die einzige in Mitteleuropa vorkommende Vertreterin der Ordnung der Fangschrecken. In Deutschland ist sie in der Roten Liste der Geradfl\u00fcgler in die Kategorie 3 (\u201egef\u00e4hrdet\u201c) eingruppiert und genie\u00dft nach den Bestimmungen des Bundes-Naturschutz-Gesetzes (BNatSchG) in Verbindung &hellip; <a href=\"https:\/\/woerrlein-naturfoto.de\/wordpress\/fang-und-heuschrecken-a-z\/europaeische-gottesanbeterin\/\" class=\"more-link\"><span class=\"screen-reader-text\">Europ\u00e4ische Gottesanbeterin<\/span> weiterlesen <span class=\"meta-nav\">&rarr;<\/span><\/a><\/p>\n","protected":false},"author":1,"featured_media":0,"parent":3698,"menu_order":0,"comment_status":"closed","ping_status":"closed","template":"page-templates\/full-width.php","meta":{"footnotes":""},"class_list":["post-3707","page","type-page","status-publish","hentry"],"_links":{"self":[{"href":"https:\/\/woerrlein-naturfoto.de\/wordpress\/wp-json\/wp\/v2\/pages\/3707","targetHints":{"allow":["GET"]}}],"collection":[{"href":"https:\/\/woerrlein-naturfoto.de\/wordpress\/wp-json\/wp\/v2\/pages"}],"about":[{"href":"https:\/\/woerrlein-naturfoto.de\/wordpress\/wp-json\/wp\/v2\/types\/page"}],"author":[{"embeddable":true,"href":"https:\/\/woerrlein-naturfoto.de\/wordpress\/wp-json\/wp\/v2\/users\/1"}],"replies":[{"embeddable":true,"href":"https:\/\/woerrlein-naturfoto.de\/wordpress\/wp-json\/wp\/v2\/comments?post=3707"}],"version-history":[{"count":6,"href":"https:\/\/woerrlein-naturfoto.de\/wordpress\/wp-json\/wp\/v2\/pages\/3707\/revisions"}],"predecessor-version":[{"id":5903,"href":"https:\/\/woerrlein-naturfoto.de\/wordpress\/wp-json\/wp\/v2\/pages\/3707\/revisions\/5903"}],"up":[{"embeddable":true,"href":"https:\/\/woerrlein-naturfoto.de\/wordpress\/wp-json\/wp\/v2\/pages\/3698"}],"wp:attachment":[{"href":"https:\/\/woerrlein-naturfoto.de\/wordpress\/wp-json\/wp\/v2\/media?parent=3707"}],"curies":[{"name":"wp","href":"https:\/\/api.w.org\/{rel}","templated":true}]}}