{"id":3700,"date":"2015-01-06T14:27:42","date_gmt":"2015-01-06T12:27:42","guid":{"rendered":"http:\/\/woerrlein-naturfoto.de\/wordpress\/?page_id=3700"},"modified":"2015-02-11T23:10:21","modified_gmt":"2015-02-11T22:10:21","slug":"aegyptische-wanderheuschrecke","status":"publish","type":"page","link":"https:\/\/woerrlein-naturfoto.de\/wordpress\/fang-und-heuschrecken-a-z\/aegyptische-wanderheuschrecke\/","title":{"rendered":"\u00c4gyptische Wanderheuschrecke"},"content":{"rendered":"<p><a href=\"http:\/\/woerrlein-naturfoto.de\/wordpress\/insekten\/\"><span style=\"color: #ffff66;\">Insekten<\/span> <\/a>-&gt;<a href=\"http:\/\/woerrlein-naturfoto.de\/wordpress\/hauptseite-insekten\/insekten\/fang-und-heuschrecken\/\"> <span style=\"color: #ffff66;\">Fang- und Heuschrecken<\/span><\/a><br \/>\n<a title=\"Insekten A-Z\" href=\"http:\/\/woerrlein-naturfoto.de\/wordpress\/insekten-a-z\/\">Insekten von A-Z<\/a><br \/>\nzur Galerie <a title=\"Fang- und Heuschrecken\" href=\"http:\/\/woerrlein-naturfoto.de\/wordpress\/hauptseite-insekten\/insekten\/fang-und-heuschrecken\/\">Fang- und Heuschrecken<\/a><\/p>\n<p><img loading=\"lazy\" decoding=\"async\" class=\"alignleft wp-image-3682\" src=\"http:\/\/woerrlein-naturfoto.de\/wordpress\/wp-content\/uploads\/Heuschrecke_18206L_v-400x600.jpg\" alt=\"Heuschrecke_18206L_v.jpg\" width=\"267\" height=\"400\" srcset=\"https:\/\/woerrlein-naturfoto.de\/wordpress\/wp-content\/uploads\/Heuschrecke_18206L_v-400x600.jpg 400w, https:\/\/woerrlein-naturfoto.de\/wordpress\/wp-content\/uploads\/Heuschrecke_18206L_v.jpg 567w\" sizes=\"auto, (max-width: 267px) 100vw, 267px\" \/>Die <b>\u00c4gyptische Wanderheuschrecke<\/b> (<i>Anacridium aegyptium<\/i>) ist eine Kurzf\u00fchlerschrecke aus der Familie der Feldheuschrecken. Die m\u00e4nnlichen Heuschrecken werden 30 bis 56, die weiblichen 46 bis 70 Millimeter lang. Sie haben eine gelbbraune bis graubraune Grundf\u00e4rbung, mit einer feinen dunklen Maserung. Auf der Oberseite des Halsschildes tragen sie l\u00e4ngs eine deutliche, gelb bis orange gef\u00e4rbte Kante mit drei Querfurchen. Die Tibien der Hinterbeine sind bl\u00e4ulich, die Schenkel (Femora) der Hinterbeine sind auf der Unterseite orange. Auf den Hinterfl\u00fcgeln tragen sie eine dunkle, bogenf\u00f6rmige Binde. Ihre Fl\u00fcgel sind voll entwickelt und etwa k\u00f6rperlang. Sie haben auff\u00e4llige, schwarz und gelb l\u00e4ngsgestreifte Facettenaugen. Die Tiere kommen im gesamten Mittelmeergebiet vor und leben in locker bewachsenen Gebieten mit nur vereinzeltem Baumbewuchs. Manchmal werden Tiere mit Gem\u00fcseimporten in Mitteleuropa eingeschleppt.<\/p>\n<p>Zur Galerie <a title=\"Fang- und Heuschrecken\" href=\"http:\/\/woerrlein-naturfoto.de\/wordpress\/hauptseite-insekten\/insekten\/fang-und-heuschrecken\/\">Fang- und Heuschrecken<\/a><\/p>\n<p>&nbsp;<\/p>\n<p><em>Quelle des Textauszuges und weitere Infos bei <\/em><a href=\"http:\/\/de.wikipedia.org\/wiki\/%C3%84gyptische_Wanderheuschrecke\" target=\"_blank\">Wikipedia<\/a><em> (<\/em><a href=\"http:\/\/www.gnu.org\/licenses\/fdl-1.3.txt\" target=\"_blank\">GNU-Lizenz<\/a><em>)\u2013 mein Dank gilt den <\/em><a href=\"http:\/\/de.wikipedia.org\/w\/index.php?title=%C3%84gyptische_Wanderheuschrecke&amp;action=history\" target=\"_blank\">Autoren<\/a><em>.<\/em><\/p>\n","protected":false},"excerpt":{"rendered":"<p>Insekten -&gt; Fang- und Heuschrecken Insekten von A-Z zur Galerie Fang- und Heuschrecken Die \u00c4gyptische Wanderheuschrecke (Anacridium aegyptium) ist eine Kurzf\u00fchlerschrecke aus der Familie der Feldheuschrecken. Die m\u00e4nnlichen Heuschrecken werden 30 bis 56, die weiblichen 46 bis 70 Millimeter lang. Sie haben eine gelbbraune bis graubraune Grundf\u00e4rbung, mit einer feinen dunklen Maserung. Auf der Oberseite &hellip; <a href=\"https:\/\/woerrlein-naturfoto.de\/wordpress\/fang-und-heuschrecken-a-z\/aegyptische-wanderheuschrecke\/\" class=\"more-link\"><span class=\"screen-reader-text\">\u00c4gyptische Wanderheuschrecke<\/span> weiterlesen <span class=\"meta-nav\">&rarr;<\/span><\/a><\/p>\n","protected":false},"author":1,"featured_media":0,"parent":3698,"menu_order":0,"comment_status":"closed","ping_status":"closed","template":"page-templates\/full-width.php","meta":{"footnotes":""},"class_list":["post-3700","page","type-page","status-publish","hentry"],"_links":{"self":[{"href":"https:\/\/woerrlein-naturfoto.de\/wordpress\/wp-json\/wp\/v2\/pages\/3700","targetHints":{"allow":["GET"]}}],"collection":[{"href":"https:\/\/woerrlein-naturfoto.de\/wordpress\/wp-json\/wp\/v2\/pages"}],"about":[{"href":"https:\/\/woerrlein-naturfoto.de\/wordpress\/wp-json\/wp\/v2\/types\/page"}],"author":[{"embeddable":true,"href":"https:\/\/woerrlein-naturfoto.de\/wordpress\/wp-json\/wp\/v2\/users\/1"}],"replies":[{"embeddable":true,"href":"https:\/\/woerrlein-naturfoto.de\/wordpress\/wp-json\/wp\/v2\/comments?post=3700"}],"version-history":[{"count":4,"href":"https:\/\/woerrlein-naturfoto.de\/wordpress\/wp-json\/wp\/v2\/pages\/3700\/revisions"}],"predecessor-version":[{"id":5905,"href":"https:\/\/woerrlein-naturfoto.de\/wordpress\/wp-json\/wp\/v2\/pages\/3700\/revisions\/5905"}],"up":[{"embeddable":true,"href":"https:\/\/woerrlein-naturfoto.de\/wordpress\/wp-json\/wp\/v2\/pages\/3698"}],"wp:attachment":[{"href":"https:\/\/woerrlein-naturfoto.de\/wordpress\/wp-json\/wp\/v2\/media?parent=3700"}],"curies":[{"name":"wp","href":"https:\/\/api.w.org\/{rel}","templated":true}]}}