{"id":3670,"date":"2015-01-05T18:06:07","date_gmt":"2015-01-05T16:06:07","guid":{"rendered":"http:\/\/woerrlein-naturfoto.de\/wordpress\/?page_id=3670"},"modified":"2021-12-19T14:18:21","modified_gmt":"2021-12-19T13:18:21","slug":"kleine-koenigslibelle","status":"publish","type":"page","link":"https:\/\/woerrlein-naturfoto.de\/wordpress\/sonstige-libellen-a-z\/kleine-koenigslibelle\/","title":{"rendered":"Kleine K\u00f6nigslibelle"},"content":{"rendered":"<p><span style=\"color: #ffff00;\"><a style=\"color: #ffff00;\" href=\"http:\/\/woerrlein-naturfoto.de\/wordpress\/insekten\/\">Insekten <\/a><\/span>-&gt;<span style=\"color: #ffff00;\"><a style=\"color: #ffff00;\" href=\"http:\/\/woerrlein-naturfoto.de\/wordpress\/hauptseite-insekten\/insekten\/libellen\/\"> Libellen <\/a><\/span>-&gt;<span style=\"color: #ffff00;\"> <a style=\"color: #ffff00;\" href=\"http:\/\/woerrlein-naturfoto.de\/wordpress\/hauptseite-insekten\/insekten\/libellen\/wildes-durcheinander\/\">wildes Durcheinander<\/a><\/span><br \/>\n<a title=\"Insekten A-Z\" href=\"http:\/\/woerrlein-naturfoto.de\/wordpress\/insekten-a-z\/\">Insekten von A-Z<\/a><br \/>\nzur Galerie <a title=\"wildes Durcheinander\" href=\"http:\/\/woerrlein-naturfoto.de\/wordpress\/hauptseite-insekten\/insekten\/libellen\/wildes-durcheinander\/\">sonstige Libellen<\/a><\/p>\n<p><img loading=\"lazy\" decoding=\"async\" class=\"alignleft wp-image-3672\" src=\"http:\/\/woerrlein-naturfoto.de\/wordpress\/wp-content\/uploads\/Kleine_Koenigslibelle_AW22064-600x400.jpg\" alt=\"\" width=\"600\" height=\"400\" srcset=\"https:\/\/woerrlein-naturfoto.de\/wordpress\/wp-content\/uploads\/Kleine_Koenigslibelle_AW22064-600x400.jpg 600w, https:\/\/woerrlein-naturfoto.de\/wordpress\/wp-content\/uploads\/Kleine_Koenigslibelle_AW22064-120x80.jpg 120w, https:\/\/woerrlein-naturfoto.de\/wordpress\/wp-content\/uploads\/Kleine_Koenigslibelle_AW22064.jpg 1000w\" sizes=\"auto, (max-width: 600px) 100vw, 600px\" \/>Die <b>Kleine K\u00f6nigslibelle<\/b> (<i>Anax parthenope<\/i>) ist eine Libellenart aus der Familie der Edellibellen, welche der Unterordnung der Gro\u00dflibellen angeh\u00f6ren. Es handelt sich dabei um eine der gr\u00f6\u00dften in Mitteleuropa beheimateten Libellen mit einer Fl\u00fcgelspannweite von maximal elf Zentimetern. Die Kleine K\u00f6nigslibelle ist vor allem im S\u00fcden Europas weit verbreitet. Sie entwickelt sich in stehenden Gew\u00e4ssern, vor allem in gr\u00f6\u00dferen Weihern und Seen. In Mitteleuropa ist die Art regional auch nicht selten, so kommt sie z.B. recht h\u00e4ufig in den Seenplatten Nordostdeutschlands oder im Bereich der Seen des Alpenvorlandes vor.<\/p>\n<p><strong>Flugzeit:<\/strong>\u00a0\u00a0\u00a0\u00a0 Mai bis September<\/p>\n<p>Zur Galerie <a title=\"wildes Durcheinander\" href=\"http:\/\/woerrlein-naturfoto.de\/wordpress\/hauptseite-insekten\/insekten\/libellen\/wildes-durcheinander\/\">sonstige Libellen<\/a><\/p>\n<p>&nbsp;<\/p>\n<p><em>Quelle des Textauszuges und weitere Infos bei <\/em><a href=\"http:\/\/de.wikipedia.org\/wiki\/Kleine_K%C3%B6nigslibelle\" target=\"_blank\" rel=\"noopener\">Wikipedia<\/a><em> (<\/em><a href=\"http:\/\/www.gnu.org\/licenses\/fdl-1.3.txt\" target=\"_blank\" rel=\"noopener\">GNU-Lizenz<\/a><em>)\u2013 mein Dank gilt den <\/em><a href=\"http:\/\/de.wikipedia.org\/w\/index.php?title=Kleine_K%C3%B6nigslibelle&amp;action=history\" target=\"_blank\" rel=\"noopener\">Autoren<\/a><em>.<\/em><\/p>\n","protected":false},"excerpt":{"rendered":"<p>Insekten -&gt; Libellen -&gt; wildes Durcheinander Insekten von A-Z zur Galerie sonstige Libellen Die Kleine K\u00f6nigslibelle (Anax parthenope) ist eine Libellenart aus der Familie der Edellibellen, welche der Unterordnung der Gro\u00dflibellen angeh\u00f6ren. Es handelt sich dabei um eine der gr\u00f6\u00dften in Mitteleuropa beheimateten Libellen mit einer Fl\u00fcgelspannweite von maximal elf Zentimetern. Die Kleine K\u00f6nigslibelle ist &hellip; <a href=\"https:\/\/woerrlein-naturfoto.de\/wordpress\/sonstige-libellen-a-z\/kleine-koenigslibelle\/\" class=\"more-link\"><span class=\"screen-reader-text\">Kleine K\u00f6nigslibelle<\/span> weiterlesen <span class=\"meta-nav\">&rarr;<\/span><\/a><\/p>\n","protected":false},"author":1,"featured_media":0,"parent":3655,"menu_order":0,"comment_status":"closed","ping_status":"closed","template":"page-templates\/full-width.php","meta":{"footnotes":""},"class_list":["post-3670","page","type-page","status-publish","hentry"],"_links":{"self":[{"href":"https:\/\/woerrlein-naturfoto.de\/wordpress\/wp-json\/wp\/v2\/pages\/3670","targetHints":{"allow":["GET"]}}],"collection":[{"href":"https:\/\/woerrlein-naturfoto.de\/wordpress\/wp-json\/wp\/v2\/pages"}],"about":[{"href":"https:\/\/woerrlein-naturfoto.de\/wordpress\/wp-json\/wp\/v2\/types\/page"}],"author":[{"embeddable":true,"href":"https:\/\/woerrlein-naturfoto.de\/wordpress\/wp-json\/wp\/v2\/users\/1"}],"replies":[{"embeddable":true,"href":"https:\/\/woerrlein-naturfoto.de\/wordpress\/wp-json\/wp\/v2\/comments?post=3670"}],"version-history":[{"count":5,"href":"https:\/\/woerrlein-naturfoto.de\/wordpress\/wp-json\/wp\/v2\/pages\/3670\/revisions"}],"predecessor-version":[{"id":14499,"href":"https:\/\/woerrlein-naturfoto.de\/wordpress\/wp-json\/wp\/v2\/pages\/3670\/revisions\/14499"}],"up":[{"embeddable":true,"href":"https:\/\/woerrlein-naturfoto.de\/wordpress\/wp-json\/wp\/v2\/pages\/3655"}],"wp:attachment":[{"href":"https:\/\/woerrlein-naturfoto.de\/wordpress\/wp-json\/wp\/v2\/media?parent=3670"}],"curies":[{"name":"wp","href":"https:\/\/api.w.org\/{rel}","templated":true}]}}