{"id":367,"date":"2014-04-15T00:18:38","date_gmt":"2014-04-14T22:18:38","guid":{"rendered":"http:\/\/woerrlein-naturfoto.de\/wordpress\/?page_id=367"},"modified":"2015-02-18T12:57:22","modified_gmt":"2015-02-18T11:57:22","slug":"tannenmeisen","status":"publish","type":"page","link":"https:\/\/woerrlein-naturfoto.de\/wordpress\/meisen-2\/tannenmeisen\/","title":{"rendered":"Tannenmeise"},"content":{"rendered":"<p><a href=\"http:\/\/woerrlein-naturfoto.de\/wordpress\/voegel\/\"><span style=\"color: #ffff66;\">V\u00f6gel<\/span> <\/a>-&gt;<a href=\"http:\/\/woerrlein-naturfoto.de\/wordpress\/voegel\/sperlingsvoegel\/\"> <span style=\"color: #ffff66;\">Sperlingsv\u00f6gel<\/span> <\/a>-&gt;<a href=\"http:\/\/woerrlein-naturfoto.de\/wordpress\/voegel\/sperlingsvoegel\/meisen\/\"> <span style=\"color: #ffff66;\">Meisen<\/span><\/a><br \/>\n<a href=\"http:\/\/woerrlein-naturfoto.de\/wordpress\/voegel_von_a-z\/\">V\u00f6gel von A-Z<\/a><br \/>\nZur Galerie <a title=\"Meisen\" href=\"http:\/\/woerrlein-naturfoto.de\/wordpress\/voegel\/sperlingsvoegel\/meisen\/\">Meisen<\/a><\/p>\n<p><img loading=\"lazy\" decoding=\"async\" class=\"alignleft wp-image-2900\" src=\"http:\/\/woerrlein-naturfoto.de\/wordpress\/wp-content\/uploads\/Tannenmeise_68634_v-600x400.jpg\" alt=\"Tannenmeise_68634_v.jpg\" width=\"600\" height=\"400\" srcset=\"https:\/\/woerrlein-naturfoto.de\/wordpress\/wp-content\/uploads\/Tannenmeise_68634_v-600x400.jpg 600w, https:\/\/woerrlein-naturfoto.de\/wordpress\/wp-content\/uploads\/Tannenmeise_68634_v-120x80.jpg 120w, https:\/\/woerrlein-naturfoto.de\/wordpress\/wp-content\/uploads\/Tannenmeise_68634_v.jpg 1000w\" sizes=\"auto, (max-width: 600px) 100vw, 600px\" \/>Die <b>Tannenmeise<\/b> (<i>Periparus ater<\/i>, Syn. <i>Parus ater<\/i>) ist eine Vogelart in der Familie der Meisen. In Mitteleuropa ist die Tannenmeise ein verbreiteter und sehr h\u00e4ufiger Brut- und Jahresvogel. Das Verbreitungsgebiet reicht von der Westk\u00fcste Europas und dem Norden Afrikas bis zum Pazifik einschlie\u00dflich Japan. Die Tannenmeise fehlt in Europa nur in den Tieflandgebieten des Mittelmeers, im Westen Frankreichs und an der westlichen K\u00fcste des Schwarzmeers. Am S\u00fcdrand des Areals in Asien gibt es viele isolierte Bergwaldvorkommen. Die Nahrung besteht aus Insekten, im Winter zus\u00e4tzlich aus Samen verschiedener Nadelh\u00f6lzer.<\/p>\n<p>L\u00e4nge: 10-12 cm\u00a0\u00a0 Spannweite: 17-21 cm\u00a0\u00a0 Gewicht: 9-10 g\u00a0\u00a0 Gelege: 8-9 Eier<\/p>\n<p>Zur Galerie <a title=\"Meisen\" href=\"http:\/\/woerrlein-naturfoto.de\/wordpress\/voegel\/sperlingsvoegel\/meisen\/\">Meisen<\/a><\/p>\n<p>&nbsp;<\/p>\n<p><em>Quelle des Textauszuges und weitere Infos bei <\/em><a href=\"http:\/\/de.wikipedia.org\/wiki\/Tannenmeise\" target=\"_blank\">Wikipedia<\/a> <em>(<\/em><a href=\"http:\/\/www.gnu.org\/licenses\/fdl-1.3.txt\" target=\"_blank\">GNU-Lizenz<\/a><em>)<\/em> \u2013 <em>mein Dank gilt den<\/em> <a href=\"http:\/\/de.wikipedia.org\/w\/index.php?title=Tannenmeise&amp;action=history\" target=\"_blank\">Autoren<\/a>.<\/p>\n","protected":false},"excerpt":{"rendered":"<p>V\u00f6gel -&gt; Sperlingsv\u00f6gel -&gt; Meisen V\u00f6gel von A-Z Zur Galerie Meisen Die Tannenmeise (Periparus ater, Syn. Parus ater) ist eine Vogelart in der Familie der Meisen. In Mitteleuropa ist die Tannenmeise ein verbreiteter und sehr h\u00e4ufiger Brut- und Jahresvogel. Das Verbreitungsgebiet reicht von der Westk\u00fcste Europas und dem Norden Afrikas bis zum Pazifik einschlie\u00dflich Japan. &hellip; <a href=\"https:\/\/woerrlein-naturfoto.de\/wordpress\/meisen-2\/tannenmeisen\/\" class=\"more-link\"><span class=\"screen-reader-text\">Tannenmeise<\/span> weiterlesen <span class=\"meta-nav\">&rarr;<\/span><\/a><\/p>\n","protected":false},"author":1,"featured_media":0,"parent":322,"menu_order":0,"comment_status":"closed","ping_status":"closed","template":"page-templates\/full-width.php","meta":{"footnotes":""},"class_list":["post-367","page","type-page","status-publish","hentry"],"_links":{"self":[{"href":"https:\/\/woerrlein-naturfoto.de\/wordpress\/wp-json\/wp\/v2\/pages\/367","targetHints":{"allow":["GET"]}}],"collection":[{"href":"https:\/\/woerrlein-naturfoto.de\/wordpress\/wp-json\/wp\/v2\/pages"}],"about":[{"href":"https:\/\/woerrlein-naturfoto.de\/wordpress\/wp-json\/wp\/v2\/types\/page"}],"author":[{"embeddable":true,"href":"https:\/\/woerrlein-naturfoto.de\/wordpress\/wp-json\/wp\/v2\/users\/1"}],"replies":[{"embeddable":true,"href":"https:\/\/woerrlein-naturfoto.de\/wordpress\/wp-json\/wp\/v2\/comments?post=367"}],"version-history":[{"count":8,"href":"https:\/\/woerrlein-naturfoto.de\/wordpress\/wp-json\/wp\/v2\/pages\/367\/revisions"}],"predecessor-version":[{"id":6344,"href":"https:\/\/woerrlein-naturfoto.de\/wordpress\/wp-json\/wp\/v2\/pages\/367\/revisions\/6344"}],"up":[{"embeddable":true,"href":"https:\/\/woerrlein-naturfoto.de\/wordpress\/wp-json\/wp\/v2\/pages\/322"}],"wp:attachment":[{"href":"https:\/\/woerrlein-naturfoto.de\/wordpress\/wp-json\/wp\/v2\/media?parent=367"}],"curies":[{"name":"wp","href":"https:\/\/api.w.org\/{rel}","templated":true}]}}