{"id":3665,"date":"2015-01-05T16:26:35","date_gmt":"2015-01-05T14:26:35","guid":{"rendered":"http:\/\/woerrlein-naturfoto.de\/wordpress\/?page_id=3665"},"modified":"2021-12-19T14:17:47","modified_gmt":"2021-12-19T13:17:47","slug":"herbstmosaikjungfer","status":"publish","type":"page","link":"https:\/\/woerrlein-naturfoto.de\/wordpress\/sonstige-libellen-a-z\/herbstmosaikjungfer\/","title":{"rendered":"Herbstmosaikjungfer"},"content":{"rendered":"<p><span style=\"color: #ffff00;\"><a style=\"color: #ffff00;\" href=\"http:\/\/woerrlein-naturfoto.de\/wordpress\/insekten\/\">Insekten <\/a><\/span>-&gt;<span style=\"color: #ffff00;\"><a style=\"color: #ffff00;\" href=\"http:\/\/woerrlein-naturfoto.de\/wordpress\/hauptseite-insekten\/insekten\/libellen\/\"> Libellen <\/a><\/span>-&gt;<span style=\"color: #ffff00;\"> <a style=\"color: #ffff00;\" href=\"http:\/\/woerrlein-naturfoto.de\/wordpress\/hauptseite-insekten\/insekten\/libellen\/wildes-durcheinander\/\">wildes Durcheinander<\/a><\/span><br \/>\n<a title=\"Insekten A-Z\" href=\"http:\/\/woerrlein-naturfoto.de\/wordpress\/insekten-a-z\/\">Insekten von A-Z<\/a><br \/>\nzur Galerie <a title=\"wildes Durcheinander\" href=\"http:\/\/woerrlein-naturfoto.de\/wordpress\/hauptseite-insekten\/insekten\/libellen\/wildes-durcheinander\/\">sonstige Libellen<\/a><\/p>\n<p><img loading=\"lazy\" decoding=\"async\" class=\"alignleft wp-image-3667\" src=\"http:\/\/woerrlein-naturfoto.de\/wordpress\/wp-content\/uploads\/Herbstmosaikjungfer_46222a-600x400.jpg\" alt=\"\" width=\"600\" height=\"400\" srcset=\"https:\/\/woerrlein-naturfoto.de\/wordpress\/wp-content\/uploads\/Herbstmosaikjungfer_46222a.jpg 600w, https:\/\/woerrlein-naturfoto.de\/wordpress\/wp-content\/uploads\/Herbstmosaikjungfer_46222a-120x80.jpg 120w\" sizes=\"auto, (max-width: 600px) 100vw, 600px\" \/>Die <b>Herbst-Mosaikjungfer<\/b> (<i>Aeshna mixta<\/i>) ist eine Libellenart aus der Unterordnung der Gro\u00dflibellen. Innerhalb ihrer Familie, der Edellibellen, z\u00e4hlt die Herbst-Mosaikjungfer zu den kleineren Vertreterinnen. Ihr deutscher Name weist auf die jahreszeitlich sp\u00e4te Flugzeit hin \u2013 es handelt sich um die in Mitteleuropa am sp\u00e4testen auftretende Art der Edellibellen.<br \/>\nDie Herbst-Mosaikjungfer erreicht eine Fl\u00fcgelspannweite von etwa 80 Millimetern und eine K\u00f6rperl\u00e4nge von 62 (Weibchen) bis 64 Millimetern (M\u00e4nnchen). Der Brustabschnitt (Thorax) der Tiere ist braun und weist oberseits sehr kleine, gelbliche Antehumeralstreifen auf. Die Thoraxseiten haben breite gr\u00fcngelbe Seitenbinden. Der Hinterleib (Abdomen) der M\u00e4nnchen ist schwarz mit einer blauen Fleckung; an seiner Basis, also dem ersten, verbreiterten Segment, befindet sich ein gelblich-wei\u00dfes Dreieck oder \u201eT\u201c. Das Abdomen der Weibchen ist mit kleinen gelben und gro\u00dfen braunen Flecken versehen; auch bei ihnen kann man das T-f\u00f6rmige bis dreieckige Zeichen entdecken.<\/p>\n<p><strong>Flugzeit:<\/strong>\u00a0\u00a0\u00a0\u00a0 August und September<\/p>\n<p>Zur Galerie <a title=\"wildes Durcheinander\" href=\"http:\/\/woerrlein-naturfoto.de\/wordpress\/hauptseite-insekten\/insekten\/libellen\/wildes-durcheinander\/\">sonstige Libellen<\/a><\/p>\n<p>&nbsp;<\/p>\n<p><em>Quelle des Textauszuges und weitere Infos bei <\/em><a href=\"http:\/\/de.wikipedia.org\/wiki\/Herbst-Mosaikjungfer\" target=\"_blank\" rel=\"noopener\">Wikipedia<\/a><em> (<\/em><a href=\"http:\/\/www.gnu.org\/licenses\/fdl-1.3.txt\" target=\"_blank\" rel=\"noopener\">GNU-Lizenz<\/a><em>)\u2013 mein Dank gilt den <\/em><a href=\"http:\/\/de.wikipedia.org\/w\/index.php?title=Herbst-Mosaikjungfer&amp;action=history\" target=\"_blank\" rel=\"noopener\">Autoren<\/a><em>.<\/em><\/p>\n","protected":false},"excerpt":{"rendered":"<p>Insekten -&gt; Libellen -&gt; wildes Durcheinander Insekten von A-Z zur Galerie sonstige Libellen Die Herbst-Mosaikjungfer (Aeshna mixta) ist eine Libellenart aus der Unterordnung der Gro\u00dflibellen. Innerhalb ihrer Familie, der Edellibellen, z\u00e4hlt die Herbst-Mosaikjungfer zu den kleineren Vertreterinnen. Ihr deutscher Name weist auf die jahreszeitlich sp\u00e4te Flugzeit hin \u2013 es handelt sich um die in Mitteleuropa &hellip; <a href=\"https:\/\/woerrlein-naturfoto.de\/wordpress\/sonstige-libellen-a-z\/herbstmosaikjungfer\/\" class=\"more-link\"><span class=\"screen-reader-text\">Herbstmosaikjungfer<\/span> weiterlesen <span class=\"meta-nav\">&rarr;<\/span><\/a><\/p>\n","protected":false},"author":1,"featured_media":0,"parent":3655,"menu_order":0,"comment_status":"closed","ping_status":"closed","template":"page-templates\/full-width.php","meta":{"footnotes":""},"class_list":["post-3665","page","type-page","status-publish","hentry"],"_links":{"self":[{"href":"https:\/\/woerrlein-naturfoto.de\/wordpress\/wp-json\/wp\/v2\/pages\/3665","targetHints":{"allow":["GET"]}}],"collection":[{"href":"https:\/\/woerrlein-naturfoto.de\/wordpress\/wp-json\/wp\/v2\/pages"}],"about":[{"href":"https:\/\/woerrlein-naturfoto.de\/wordpress\/wp-json\/wp\/v2\/types\/page"}],"author":[{"embeddable":true,"href":"https:\/\/woerrlein-naturfoto.de\/wordpress\/wp-json\/wp\/v2\/users\/1"}],"replies":[{"embeddable":true,"href":"https:\/\/woerrlein-naturfoto.de\/wordpress\/wp-json\/wp\/v2\/comments?post=3665"}],"version-history":[{"count":6,"href":"https:\/\/woerrlein-naturfoto.de\/wordpress\/wp-json\/wp\/v2\/pages\/3665\/revisions"}],"predecessor-version":[{"id":14498,"href":"https:\/\/woerrlein-naturfoto.de\/wordpress\/wp-json\/wp\/v2\/pages\/3665\/revisions\/14498"}],"up":[{"embeddable":true,"href":"https:\/\/woerrlein-naturfoto.de\/wordpress\/wp-json\/wp\/v2\/pages\/3655"}],"wp:attachment":[{"href":"https:\/\/woerrlein-naturfoto.de\/wordpress\/wp-json\/wp\/v2\/media?parent=3665"}],"curies":[{"name":"wp","href":"https:\/\/api.w.org\/{rel}","templated":true}]}}