{"id":3662,"date":"2015-01-05T16:11:24","date_gmt":"2015-01-05T14:11:24","guid":{"rendered":"http:\/\/woerrlein-naturfoto.de\/wordpress\/?page_id=3662"},"modified":"2021-12-19T14:17:20","modified_gmt":"2021-12-19T13:17:20","slug":"gruene-flussjungfer","status":"publish","type":"page","link":"https:\/\/woerrlein-naturfoto.de\/wordpress\/sonstige-libellen-a-z\/gruene-flussjungfer\/","title":{"rendered":"Gr\u00fcne Flussjungfer"},"content":{"rendered":"<p><span style=\"color: #ffff00;\"><a style=\"color: #ffff00;\" href=\"http:\/\/woerrlein-naturfoto.de\/wordpress\/insekten\/\">Insekten <\/a><\/span>-&gt;<span style=\"color: #ffff00;\"><a style=\"color: #ffff00;\" href=\"http:\/\/woerrlein-naturfoto.de\/wordpress\/hauptseite-insekten\/insekten\/libellen\/\"> Libellen <\/a><\/span>-&gt;<span style=\"color: #ffff00;\"> <a style=\"color: #ffff00;\" href=\"http:\/\/woerrlein-naturfoto.de\/wordpress\/hauptseite-insekten\/insekten\/libellen\/wildes-durcheinander\/\">wildes Durcheinander<\/a><\/span><br \/>\n<a title=\"Insekten A-Z\" href=\"http:\/\/woerrlein-naturfoto.de\/wordpress\/insekten-a-z\/\">Insekten von A-Z<\/a><br \/>\nzur Galerie <a title=\"wildes Durcheinander\" href=\"http:\/\/woerrlein-naturfoto.de\/wordpress\/hauptseite-insekten\/insekten\/libellen\/wildes-durcheinander\/\">sonstige Libellen<\/a><\/p>\n<p><img loading=\"lazy\" decoding=\"async\" class=\"alignleft wp-image-3663\" src=\"http:\/\/woerrlein-naturfoto.de\/wordpress\/wp-content\/uploads\/GrueneFlussjungfer_MW07721.jpg\" alt=\"\" width=\"600\" height=\"400\" srcset=\"https:\/\/woerrlein-naturfoto.de\/wordpress\/wp-content\/uploads\/GrueneFlussjungfer_MW07721.jpg 598w, https:\/\/woerrlein-naturfoto.de\/wordpress\/wp-content\/uploads\/GrueneFlussjungfer_MW07721-120x80.jpg 120w\" sizes=\"auto, (max-width: 600px) 100vw, 600px\" \/>Die <b>Gr\u00fcne Flussjungfer <\/b>oder<b> <\/b><b>Gr\u00fcne Keiljungfer <\/b>(<i>Ophiogomphus cecilia<\/i>) ist eine Libellenart aus der Familie der Flussjungfern, die zu den Gro\u00dflibellen geh\u00f6ren.\u00a0 Sie ist eine kr\u00e4ftig gebaute Libelle mit einer Fl\u00fcgelspannweite von 6,5 bis 7,5 cm und einer K\u00f6rperl\u00e4nge von etwa 5 cm. Durch die lindgr\u00fcne F\u00e4rbung der Brust ist die Art in beiden Geschlechtern kaum mit anderen Flussjungfern zu verwechseln, auch wenn ihr Hinterleib wie bei den anderen Arten der Gattung eine typische, gelb-schwarze Zeichnung aufweist, die eine hervorragende Tarnf\u00e4rbung darstellt. Die Gr\u00fcne Flussjungfer besiedelt in erster Linie Flie\u00dfgew\u00e4sser des Tieflandes und der Ebene, von B\u00e4chen ab 50 cm Breite \u00fcber Fl\u00fcsse und Kan\u00e4le bis hin zu gr\u00f6\u00dferen Str\u00f6men. Als idealer Habitattyp wird meist ein kleinerer, beschatteter Bach mit sandigem Grund und sauberem Wasser in Waldgebieten angegeben, doch ist die \u00f6kologische Bandbreite dieser Art wesentlich gr\u00f6\u00dfer: So kann sie auch die meisten Fl\u00fcsse bis hin zu langsam flie\u00dfenden Str\u00f6men besiedeln, und selbst in grundwasserbeeinflussten Stillgew\u00e4ssern ist eine Entwicklung der Larven m\u00f6glich.<\/p>\n<p><strong>Flugzeit:<\/strong>\u00a0\u00a0\u00a0\u00a0 Mai bis Oktober<\/p>\n<p>Zur Galerie <a title=\"wildes Durcheinander\" href=\"http:\/\/woerrlein-naturfoto.de\/wordpress\/hauptseite-insekten\/insekten\/libellen\/wildes-durcheinander\/\">sonstige Libellen<\/a><\/p>\n<p>&nbsp;<\/p>\n<p><em>Quelle des Textauszuges und weitere Infos bei <\/em><a href=\"http:\/\/de.wikipedia.org\/wiki\/Gr%C3%BCne_Flussjungfer\" target=\"_blank\" rel=\"noopener noreferrer\">Wikipedia<\/a><em> (<\/em><a href=\"http:\/\/www.gnu.org\/licenses\/fdl-1.3.txt\" target=\"_blank\" rel=\"noopener noreferrer\">GNU-Lizenz<\/a><em>)\u2013 mein Dank gilt den <\/em><a href=\"http:\/\/de.wikipedia.org\/w\/index.php?title=Gr%C3%BCne_Flussjungfer&amp;action=history\" target=\"_blank\" rel=\"noopener noreferrer\">Autoren<\/a><em>.<\/em><\/p>\n","protected":false},"excerpt":{"rendered":"<p>Insekten -&gt; Libellen -&gt; wildes Durcheinander Insekten von A-Z zur Galerie sonstige Libellen Die Gr\u00fcne Flussjungfer oder Gr\u00fcne Keiljungfer (Ophiogomphus cecilia) ist eine Libellenart aus der Familie der Flussjungfern, die zu den Gro\u00dflibellen geh\u00f6ren.\u00a0 Sie ist eine kr\u00e4ftig gebaute Libelle mit einer Fl\u00fcgelspannweite von 6,5 bis 7,5 cm und einer K\u00f6rperl\u00e4nge von etwa 5 cm. &hellip; <a href=\"https:\/\/woerrlein-naturfoto.de\/wordpress\/sonstige-libellen-a-z\/gruene-flussjungfer\/\" class=\"more-link\"><span class=\"screen-reader-text\">Gr\u00fcne Flussjungfer<\/span> weiterlesen <span class=\"meta-nav\">&rarr;<\/span><\/a><\/p>\n","protected":false},"author":1,"featured_media":0,"parent":3655,"menu_order":0,"comment_status":"closed","ping_status":"closed","template":"page-templates\/full-width.php","meta":{"footnotes":""},"class_list":["post-3662","page","type-page","status-publish","hentry"],"_links":{"self":[{"href":"https:\/\/woerrlein-naturfoto.de\/wordpress\/wp-json\/wp\/v2\/pages\/3662","targetHints":{"allow":["GET"]}}],"collection":[{"href":"https:\/\/woerrlein-naturfoto.de\/wordpress\/wp-json\/wp\/v2\/pages"}],"about":[{"href":"https:\/\/woerrlein-naturfoto.de\/wordpress\/wp-json\/wp\/v2\/types\/page"}],"author":[{"embeddable":true,"href":"https:\/\/woerrlein-naturfoto.de\/wordpress\/wp-json\/wp\/v2\/users\/1"}],"replies":[{"embeddable":true,"href":"https:\/\/woerrlein-naturfoto.de\/wordpress\/wp-json\/wp\/v2\/comments?post=3662"}],"version-history":[{"count":8,"href":"https:\/\/woerrlein-naturfoto.de\/wordpress\/wp-json\/wp\/v2\/pages\/3662\/revisions"}],"predecessor-version":[{"id":14497,"href":"https:\/\/woerrlein-naturfoto.de\/wordpress\/wp-json\/wp\/v2\/pages\/3662\/revisions\/14497"}],"up":[{"embeddable":true,"href":"https:\/\/woerrlein-naturfoto.de\/wordpress\/wp-json\/wp\/v2\/pages\/3655"}],"wp:attachment":[{"href":"https:\/\/woerrlein-naturfoto.de\/wordpress\/wp-json\/wp\/v2\/media?parent=3662"}],"curies":[{"name":"wp","href":"https:\/\/api.w.org\/{rel}","templated":true}]}}