{"id":3657,"date":"2015-01-05T15:51:13","date_gmt":"2015-01-05T13:51:13","guid":{"rendered":"http:\/\/woerrlein-naturfoto.de\/wordpress\/?page_id=3657"},"modified":"2021-12-19T14:16:38","modified_gmt":"2021-12-19T13:16:38","slug":"grosse-koenigslibelle","status":"publish","type":"page","link":"https:\/\/woerrlein-naturfoto.de\/wordpress\/sonstige-libellen-a-z\/grosse-koenigslibelle\/","title":{"rendered":"Gro\u00dfe K\u00f6nigslibelle"},"content":{"rendered":"<p><span style=\"color: #ffff00;\"><a style=\"color: #ffff00;\" href=\"http:\/\/woerrlein-naturfoto.de\/wordpress\/insekten\/\">Insekten <\/a><\/span>-&gt;<span style=\"color: #ffff00;\"><a style=\"color: #ffff00;\" href=\"http:\/\/woerrlein-naturfoto.de\/wordpress\/hauptseite-insekten\/insekten\/libellen\/\"> Libellen <\/a><\/span>-&gt;<span style=\"color: #ffff00;\"> <a style=\"color: #ffff00;\" href=\"http:\/\/woerrlein-naturfoto.de\/wordpress\/hauptseite-insekten\/insekten\/libellen\/wildes-durcheinander\/\">wildes Durcheinander<\/a><\/span><br \/>\n<a title=\"Insekten A-Z\" href=\"http:\/\/woerrlein-naturfoto.de\/wordpress\/insekten-a-z\/\">Insekten von A-Z<\/a><br \/>\nzur Galerie <a title=\"wildes Durcheinander\" href=\"http:\/\/woerrlein-naturfoto.de\/wordpress\/hauptseite-insekten\/insekten\/libellen\/wildes-durcheinander\/\">sonstige Libellen<\/a><\/p>\n<p><img loading=\"lazy\" decoding=\"async\" class=\"alignleft wp-image-3645\" src=\"http:\/\/woerrlein-naturfoto.de\/wordpress\/wp-content\/uploads\/grosseKoenigslibelle_55400_v-600x450.jpg\" alt=\"grosseKoenigslibelle_55400_v.jpg\" width=\"533\" height=\"400\" \/>Die <b>Gro\u00dfe K\u00f6nigslibelle<\/b> (<i>Anax imperator<\/i>) ist eine Libellenart aus der Familie der Edellibellen, die der Unterordnung der Gro\u00dflibellen angeh\u00f6ren. Es handelt sich um die gr\u00f6\u00dfte in Mitteleuropa beheimatete Libelle. Die Gro\u00dfe K\u00f6nigslibelle erreicht Fl\u00fcgelspannweiten von 9,5 bis 11 Zentimetern. Der Brustabschnitt der Tiere ist gr\u00fcn gef\u00e4rbt, der Hinterleib der M\u00e4nnchen ist hellblau mit einem durchgehenden schwarzen L\u00e4ngsband am R\u00fccken, das an jedem Segment eine zahnartige Ausbuchtung besitzt. Der Hinterleib der Weibchen ist blaugr\u00fcn, das L\u00e4ngsband am R\u00fccken ist braun und breit. Die Gro\u00dfe K\u00f6nigslibelle ist h\u00e4ufig anzutreffen, vor allem in der N\u00e4he von stehenden Gew\u00e4ssern. Auf ihren Jagdfl\u00fcgen kann sie sich allerdings auch sehr weit vom Wasser entfernen.<\/p>\n<p><strong>Flugzeit:<\/strong>\u00a0\u00a0\u00a0\u00a0 Juni bis August<\/p>\n<p>Zur Galerie <a title=\"wildes Durcheinander\" href=\"http:\/\/woerrlein-naturfoto.de\/wordpress\/hauptseite-insekten\/insekten\/libellen\/wildes-durcheinander\/\">sonstige Libellen<\/a><\/p>\n<p>&nbsp;<\/p>\n<p><em>Quelle des Textauszuges und weitere Infos bei <\/em><a href=\"http:\/\/de.wikipedia.org\/wiki\/Gro%C3%9Fe_K%C3%B6nigslibelle\" target=\"_blank\" rel=\"noopener\">Wikipedia<\/a><em> (<\/em><a href=\"http:\/\/www.gnu.org\/licenses\/fdl-1.3.txt\" target=\"_blank\" rel=\"noopener\">GNU-Lizenz<\/a><em>)\u2013 mein Dank gilt den <\/em><a href=\"http:\/\/de.wikipedia.org\/w\/index.php?title=Gro%C3%9Fe_K%C3%B6nigslibelle&amp;action=history\" target=\"_blank\" rel=\"noopener\">Autoren<\/a><em>.<\/em><\/p>\n","protected":false},"excerpt":{"rendered":"<p>Insekten -&gt; Libellen -&gt; wildes Durcheinander Insekten von A-Z zur Galerie sonstige Libellen Die Gro\u00dfe K\u00f6nigslibelle (Anax imperator) ist eine Libellenart aus der Familie der Edellibellen, die der Unterordnung der Gro\u00dflibellen angeh\u00f6ren. Es handelt sich um die gr\u00f6\u00dfte in Mitteleuropa beheimatete Libelle. Die Gro\u00dfe K\u00f6nigslibelle erreicht Fl\u00fcgelspannweiten von 9,5 bis 11 Zentimetern. Der Brustabschnitt der &hellip; <a href=\"https:\/\/woerrlein-naturfoto.de\/wordpress\/sonstige-libellen-a-z\/grosse-koenigslibelle\/\" class=\"more-link\"><span class=\"screen-reader-text\">Gro\u00dfe K\u00f6nigslibelle<\/span> weiterlesen <span class=\"meta-nav\">&rarr;<\/span><\/a><\/p>\n","protected":false},"author":1,"featured_media":0,"parent":3655,"menu_order":0,"comment_status":"closed","ping_status":"closed","template":"page-templates\/full-width.php","meta":{"footnotes":""},"class_list":["post-3657","page","type-page","status-publish","hentry"],"_links":{"self":[{"href":"https:\/\/woerrlein-naturfoto.de\/wordpress\/wp-json\/wp\/v2\/pages\/3657","targetHints":{"allow":["GET"]}}],"collection":[{"href":"https:\/\/woerrlein-naturfoto.de\/wordpress\/wp-json\/wp\/v2\/pages"}],"about":[{"href":"https:\/\/woerrlein-naturfoto.de\/wordpress\/wp-json\/wp\/v2\/types\/page"}],"author":[{"embeddable":true,"href":"https:\/\/woerrlein-naturfoto.de\/wordpress\/wp-json\/wp\/v2\/users\/1"}],"replies":[{"embeddable":true,"href":"https:\/\/woerrlein-naturfoto.de\/wordpress\/wp-json\/wp\/v2\/comments?post=3657"}],"version-history":[{"count":8,"href":"https:\/\/woerrlein-naturfoto.de\/wordpress\/wp-json\/wp\/v2\/pages\/3657\/revisions"}],"predecessor-version":[{"id":14495,"href":"https:\/\/woerrlein-naturfoto.de\/wordpress\/wp-json\/wp\/v2\/pages\/3657\/revisions\/14495"}],"up":[{"embeddable":true,"href":"https:\/\/woerrlein-naturfoto.de\/wordpress\/wp-json\/wp\/v2\/pages\/3655"}],"wp:attachment":[{"href":"https:\/\/woerrlein-naturfoto.de\/wordpress\/wp-json\/wp\/v2\/media?parent=3657"}],"curies":[{"name":"wp","href":"https:\/\/api.w.org\/{rel}","templated":true}]}}