{"id":3628,"date":"2015-01-05T00:11:16","date_gmt":"2015-01-04T22:11:16","guid":{"rendered":"http:\/\/woerrlein-naturfoto.de\/wordpress\/?page_id=3628"},"modified":"2015-02-11T22:40:20","modified_gmt":"2015-02-11T21:40:20","slug":"gemeine-winterlibelle","status":"publish","type":"page","link":"https:\/\/woerrlein-naturfoto.de\/wordpress\/teichjungfern-a-z\/gemeine-winterlibelle\/","title":{"rendered":"Gemeine Winterlibelle"},"content":{"rendered":"<p><a href=\"http:\/\/woerrlein-naturfoto.de\/wordpress\/insekten\/\"><span style=\"color: #ffff66;\">Insekten<\/span> <\/a>-&gt;<a href=\"http:\/\/woerrlein-naturfoto.de\/wordpress\/hauptseite-insekten\/insekten\/libellen\/\"> <span style=\"color: #ffff66;\">Libellen<\/span> <\/a>-&gt;<a href=\"http:\/\/woerrlein-naturfoto.de\/wordpress\/hauptseite-insekten\/insekten\/libellen\/teichjungfern-2\/\"> <span style=\"color: #ffff66;\">Teichjungfern<\/span><\/a><br \/>\n<a title=\"Insekten A-Z\" href=\"http:\/\/woerrlein-naturfoto.de\/wordpress\/insekten-a-z\/\">Insekten von A-Z<\/a><br \/>\nzur Galerie <a href=\"http:\/\/woerrlein-naturfoto.de\/wordpress\/hauptseite-insekten\/insekten\/libellen\/teichjungfern-2\/\">Teichjungfern<\/a><\/p>\n<p><img loading=\"lazy\" decoding=\"async\" class=\"alignleft wp-image-3613\" src=\"http:\/\/woerrlein-naturfoto.de\/wordpress\/wp-content\/uploads\/Winterlibelle_34548a-600x400.jpg\" alt=\"Winterlibelle_34548a.jpg\" width=\"600\" height=\"400\" srcset=\"https:\/\/woerrlein-naturfoto.de\/wordpress\/wp-content\/uploads\/Winterlibelle_34548a-600x400.jpg 600w, https:\/\/woerrlein-naturfoto.de\/wordpress\/wp-content\/uploads\/Winterlibelle_34548a-120x80.jpg 120w, https:\/\/woerrlein-naturfoto.de\/wordpress\/wp-content\/uploads\/Winterlibelle_34548a.jpg 1000w\" sizes=\"auto, (max-width: 600px) 100vw, 600px\" \/>Die <b>Gemeine Winterlibelle<\/b> (<i>Sympecma fusca<\/i>) ist eine Libellenart aus der Familie der Teichjungfern. Verbreitet ist die Art vor allem im europ\u00e4ischen Mittelmeerraum. Aber auch in Mitteleuropa und \u00f6stlich bis zum Ural ist die Libelle oft anzutreffen. Im Gegensatz zu fast allen anderen Libellenarten \u00fcberwintert sie als geschlechtsreifes Fluginsekt und nicht als Larve. Die Hauptflugzeit der \u00fcberwinterten Imagines der Gemeinen Winterlibelle liegt zwischen April und Mai (Juni); in diese Zeit fallen die Fortpflanzungsaktivit\u00e4ten. Im Juli gibt es in Mitteleuropa f\u00fcr gew\u00f6hnlich eine kurze Phase ohne Winterlibellen, bevor ab dem Monatswechsel Juli\/August bis in den September die neue Generation schl\u00fcpft.<\/p>\n<p><strong>Flugzeit:<\/strong>\u00a0\u00a0\u00a0\u00a0 Ganzj\u00e4hrig &#8211; haupts\u00e4chlich April bis Anfang Juni und Ende Juli bis September<\/p>\n<p>Zur Galerie <a href=\"http:\/\/woerrlein-naturfoto.de\/wordpress\/hauptseite-insekten\/insekten\/libellen\/teichjungfern-2\/\">Teichjungfern<\/a><\/p>\n<p>&nbsp;<\/p>\n<p><em>Quelle des Textauszuges und weitere Infos bei <\/em><a href=\"http:\/\/de.wikipedia.org\/wiki\/Gemeine_Winterlibelle\" target=\"_blank\">Wikipedia<\/a><em> (<\/em><a href=\"http:\/\/www.gnu.org\/licenses\/fdl-1.3.txt\" target=\"_blank\">GNU-Lizenz<\/a><em>)\u2013 mein Dank gilt den <\/em><a href=\"http:\/\/de.wikipedia.org\/w\/index.php?title=Gemeine_Winterlibelle&amp;action=history\" target=\"_blank\">Autoren<\/a><em>.<\/em><\/p>\n","protected":false},"excerpt":{"rendered":"<p>Insekten -&gt; Libellen -&gt; Teichjungfern Insekten von A-Z zur Galerie Teichjungfern Die Gemeine Winterlibelle (Sympecma fusca) ist eine Libellenart aus der Familie der Teichjungfern. Verbreitet ist die Art vor allem im europ\u00e4ischen Mittelmeerraum. Aber auch in Mitteleuropa und \u00f6stlich bis zum Ural ist die Libelle oft anzutreffen. Im Gegensatz zu fast allen anderen Libellenarten \u00fcberwintert &hellip; <a href=\"https:\/\/woerrlein-naturfoto.de\/wordpress\/teichjungfern-a-z\/gemeine-winterlibelle\/\" class=\"more-link\"><span class=\"screen-reader-text\">Gemeine Winterlibelle<\/span> weiterlesen <span class=\"meta-nav\">&rarr;<\/span><\/a><\/p>\n","protected":false},"author":1,"featured_media":0,"parent":3616,"menu_order":0,"comment_status":"closed","ping_status":"closed","template":"page-templates\/full-width.php","meta":{"footnotes":""},"class_list":["post-3628","page","type-page","status-publish","hentry"],"_links":{"self":[{"href":"https:\/\/woerrlein-naturfoto.de\/wordpress\/wp-json\/wp\/v2\/pages\/3628","targetHints":{"allow":["GET"]}}],"collection":[{"href":"https:\/\/woerrlein-naturfoto.de\/wordpress\/wp-json\/wp\/v2\/pages"}],"about":[{"href":"https:\/\/woerrlein-naturfoto.de\/wordpress\/wp-json\/wp\/v2\/types\/page"}],"author":[{"embeddable":true,"href":"https:\/\/woerrlein-naturfoto.de\/wordpress\/wp-json\/wp\/v2\/users\/1"}],"replies":[{"embeddable":true,"href":"https:\/\/woerrlein-naturfoto.de\/wordpress\/wp-json\/wp\/v2\/comments?post=3628"}],"version-history":[{"count":7,"href":"https:\/\/woerrlein-naturfoto.de\/wordpress\/wp-json\/wp\/v2\/pages\/3628\/revisions"}],"predecessor-version":[{"id":5868,"href":"https:\/\/woerrlein-naturfoto.de\/wordpress\/wp-json\/wp\/v2\/pages\/3628\/revisions\/5868"}],"up":[{"embeddable":true,"href":"https:\/\/woerrlein-naturfoto.de\/wordpress\/wp-json\/wp\/v2\/pages\/3616"}],"wp:attachment":[{"href":"https:\/\/woerrlein-naturfoto.de\/wordpress\/wp-json\/wp\/v2\/media?parent=3628"}],"curies":[{"name":"wp","href":"https:\/\/api.w.org\/{rel}","templated":true}]}}