{"id":361,"date":"2014-04-15T00:14:20","date_gmt":"2014-04-14T22:14:20","guid":{"rendered":"http:\/\/woerrlein-naturfoto.de\/wordpress\/?page_id=361"},"modified":"2015-02-18T12:55:36","modified_gmt":"2015-02-18T11:55:36","slug":"haubenmeisen","status":"publish","type":"page","link":"https:\/\/woerrlein-naturfoto.de\/wordpress\/meisen-2\/haubenmeisen\/","title":{"rendered":"Haubenmeise"},"content":{"rendered":"<p><a href=\"http:\/\/woerrlein-naturfoto.de\/wordpress\/voegel\/\"><span style=\"color: #ffff66;\">V\u00f6gel<\/span> <\/a>-&gt;<a href=\"http:\/\/woerrlein-naturfoto.de\/wordpress\/voegel\/sperlingsvoegel\/\"> <span style=\"color: #ffff66;\">Sperlingsv\u00f6gel<\/span> <\/a>-&gt;<a href=\"http:\/\/woerrlein-naturfoto.de\/wordpress\/voegel\/sperlingsvoegel\/meisen\/\"> <span style=\"color: #ffff66;\">Meisen<\/span><\/a><br \/>\n<a href=\"http:\/\/woerrlein-naturfoto.de\/wordpress\/voegel_von_a-z\/\">V\u00f6gel von A-Z<\/a><br \/>\nZur Galerie <a title=\"Meisen\" href=\"http:\/\/woerrlein-naturfoto.de\/wordpress\/voegel\/sperlingsvoegel\/meisen\/\">Meisen<\/a><\/p>\n<p><img loading=\"lazy\" decoding=\"async\" class=\"alignleft wp-image-717\" src=\"http:\/\/woerrlein-naturfoto.de\/wordpress\/wp-content\/uploads\/Haubenmeise_36749_v-600x400.jpg\" alt=\"Haubenmeise_36749_v.jpg\" width=\"600\" height=\"400\" srcset=\"https:\/\/woerrlein-naturfoto.de\/wordpress\/wp-content\/uploads\/Haubenmeise_36749_v-600x400.jpg 600w, https:\/\/woerrlein-naturfoto.de\/wordpress\/wp-content\/uploads\/Haubenmeise_36749_v-120x80.jpg 120w, https:\/\/woerrlein-naturfoto.de\/wordpress\/wp-content\/uploads\/Haubenmeise_36749_v.jpg 1000w\" sizes=\"auto, (max-width: 600px) 100vw, 600px\" \/><\/p>\n<p>Die <b>Haubenmeise<\/b> (<i>Parus cristatus<\/i>) ist eine Vogelart in der Familie der Meisen. Sie ist in Mitteleuropa ein weit verbreiteter und h\u00e4ufiger Brut- und Jahresvogel. Charakteristisch ist die schwarz-wei\u00df gemusterte, leicht nach vorne gebogene Federhaube, die auch angelegt werden kann. Sie ern\u00e4hrt sich im Fr\u00fchjahr und Sommer haupts\u00e4chlich von Gliederf\u00fc\u00dfern, ab Sp\u00e4tsommer auch von S\u00e4mereien, vor allem von Koniferen.<br \/>\nDas Nest wird vom Weibchen in selbst gemei\u00dfelten, spechth\u00f6hlen\u00e4hnlichen H\u00f6hlen in morschen B\u00e4umen oder Baumst\u00fcmpfen aus Moos, Flechten, Tier- und Pflanzenwolle und Spinnweben angelegt. K\u00fcnstliche Nistk\u00e4sten werden offenbar nur ausnahmsweise angenommen; dann scheinen zudem aus Stammst\u00fccken gefertigte Nistger\u00e4te bevorzugt zu werden.<\/p>\n<p>L\u00e4nge: 11-12 cm\u00a0\u00a0 Spannweite: 17-20 cm\u00a0\u00a0 Gewicht: 10-12 g\u00a0\u00a0 Gelege: 6-7 Eier<\/p>\n<p>Zur Galerie <a title=\"Meisen\" href=\"http:\/\/woerrlein-naturfoto.de\/wordpress\/voegel\/sperlingsvoegel\/meisen\/\">Meisen<\/a><\/p>\n<p>&nbsp;<\/p>\n<p><em>Quelle des Textauszuges und weitere Infos bei <\/em><a href=\"http:\/\/de.wikipedia.org\/wiki\/Haubenmeise\" target=\"_blank\">Wikipedia<\/a> <em>(<\/em><a href=\"http:\/\/www.gnu.org\/licenses\/fdl-1.3.txt\" target=\"_blank\">GNU-Lizenz<\/a><em>)<\/em> \u2013 <em>mein Dank gilt den<\/em> <a href=\"http:\/\/de.wikipedia.org\/w\/index.php?title=Haubenmeise&amp;action=history\" target=\"_blank\">Autoren<\/a>.<\/p>\n","protected":false},"excerpt":{"rendered":"<p>V\u00f6gel -&gt; Sperlingsv\u00f6gel -&gt; Meisen V\u00f6gel von A-Z Zur Galerie Meisen Die Haubenmeise (Parus cristatus) ist eine Vogelart in der Familie der Meisen. Sie ist in Mitteleuropa ein weit verbreiteter und h\u00e4ufiger Brut- und Jahresvogel. Charakteristisch ist die schwarz-wei\u00df gemusterte, leicht nach vorne gebogene Federhaube, die auch angelegt werden kann. Sie ern\u00e4hrt sich im Fr\u00fchjahr &hellip; <a href=\"https:\/\/woerrlein-naturfoto.de\/wordpress\/meisen-2\/haubenmeisen\/\" class=\"more-link\"><span class=\"screen-reader-text\">Haubenmeise<\/span> weiterlesen <span class=\"meta-nav\">&rarr;<\/span><\/a><\/p>\n","protected":false},"author":1,"featured_media":0,"parent":322,"menu_order":0,"comment_status":"closed","ping_status":"closed","template":"page-templates\/full-width.php","meta":{"footnotes":""},"class_list":["post-361","page","type-page","status-publish","hentry"],"_links":{"self":[{"href":"https:\/\/woerrlein-naturfoto.de\/wordpress\/wp-json\/wp\/v2\/pages\/361","targetHints":{"allow":["GET"]}}],"collection":[{"href":"https:\/\/woerrlein-naturfoto.de\/wordpress\/wp-json\/wp\/v2\/pages"}],"about":[{"href":"https:\/\/woerrlein-naturfoto.de\/wordpress\/wp-json\/wp\/v2\/types\/page"}],"author":[{"embeddable":true,"href":"https:\/\/woerrlein-naturfoto.de\/wordpress\/wp-json\/wp\/v2\/users\/1"}],"replies":[{"embeddable":true,"href":"https:\/\/woerrlein-naturfoto.de\/wordpress\/wp-json\/wp\/v2\/comments?post=361"}],"version-history":[{"count":23,"href":"https:\/\/woerrlein-naturfoto.de\/wordpress\/wp-json\/wp\/v2\/pages\/361\/revisions"}],"predecessor-version":[{"id":6340,"href":"https:\/\/woerrlein-naturfoto.de\/wordpress\/wp-json\/wp\/v2\/pages\/361\/revisions\/6340"}],"up":[{"embeddable":true,"href":"https:\/\/woerrlein-naturfoto.de\/wordpress\/wp-json\/wp\/v2\/pages\/322"}],"wp:attachment":[{"href":"https:\/\/woerrlein-naturfoto.de\/wordpress\/wp-json\/wp\/v2\/media?parent=361"}],"curies":[{"name":"wp","href":"https:\/\/api.w.org\/{rel}","templated":true}]}}