{"id":359,"date":"2014-04-15T00:13:24","date_gmt":"2014-04-14T22:13:24","guid":{"rendered":"http:\/\/woerrlein-naturfoto.de\/wordpress\/?page_id=359"},"modified":"2015-02-18T12:55:17","modified_gmt":"2015-02-18T11:55:17","slug":"blaumeisen","status":"publish","type":"page","link":"https:\/\/woerrlein-naturfoto.de\/wordpress\/meisen-2\/blaumeisen\/","title":{"rendered":"Blaumeise"},"content":{"rendered":"<p><a href=\"http:\/\/woerrlein-naturfoto.de\/wordpress\/voegel\/\"><span style=\"color: #ffff66;\">V\u00f6gel<\/span> <\/a>-&gt;<a href=\"http:\/\/woerrlein-naturfoto.de\/wordpress\/voegel\/sperlingsvoegel\/\"> <span style=\"color: #ffff66;\">Sperlingsv\u00f6gel<\/span> <\/a>-&gt;<a href=\"http:\/\/woerrlein-naturfoto.de\/wordpress\/voegel\/sperlingsvoegel\/meisen\/\"> <span style=\"color: #ffff66;\">Meisen<\/span><\/a><br \/>\n<a href=\"http:\/\/woerrlein-naturfoto.de\/wordpress\/voegel_von_a-z\/\">V\u00f6gel von A-Z<\/a><br \/>\nZur Galerie <a title=\"Meisen\" href=\"http:\/\/woerrlein-naturfoto.de\/wordpress\/voegel\/sperlingsvoegel\/meisen\/\">Meisen<\/a><\/p>\n<p><img loading=\"lazy\" decoding=\"async\" class=\"alignleft wp-image-670\" src=\"http:\/\/woerrlein-naturfoto.de\/wordpress\/wp-content\/uploads\/Blaumeise_68615_v-600x400.jpg\" alt=\"Blaumeise_68615_v.jpg\" width=\"600\" height=\"400\" \/><\/p>\n<p>Die <b>Blaumeise<\/b> (<i>Parus caeruleus<\/i>) ist eine Vogelart aus der Familie der Meisen . Der Kleinvogel ist mit seinem blau-gelben Gefieder einfach zu bestimmen und in Mitteleuropa sehr h\u00e4ufig anzutreffen. Bevorzugte Lebensr\u00e4ume sind Laub- und Mischw\u00e4lder mit hohem Eichenanteil; die Blaumeise ist auch h\u00e4ufig in Parkanlagen und G\u00e4rten zu finden. Au\u00dfer in Europa kommt sie in einigen angrenzenden Gebieten Asiens, in Nordafrika und auf den Kanarischen Inseln vor.\u00a0Die Blaumeise bevorzugt tierische Nahrung, vor allem Insekten und Spinnen. Au\u00dferhalb der Fortpflanzungsperiode steigt die Bedeutung von S\u00e4mereien und anderer pflanzlicher Kost. Beim Nahrungserwerb f\u00e4llt die Blaumeise durch ihre Geschicklichkeit auf, sie kann sich an die \u00e4u\u00dfersten Zweige klammern und auch kopf\u00fcber h\u00e4ngend nach Nahrung suchen.\u00a0Blaumeisen br\u00fcten meist in Baumh\u00f6hlen, auch Nistk\u00e4sten werden h\u00e4ufig angenommen. Der Hauptkonkurrent um Bruth\u00f6hlen und bei der Nahrungssuche ist die deutlich gr\u00f6\u00dfere <a title=\"Kohlmeise\" href=\"http:\/\/woerrlein-naturfoto.de\/wordpress\/meisen-2\/kohlmeisen-2\/\" target=\"_blank\">Kohlmeise<\/a>.<\/p>\n<p>L\u00e4nge: 11,5 cm\u00a0\u00a0 Spannweite: 17,5-20 cm\u00a0\u00a0 Gewicht: 10-12 g\u00a0\u00a0 Gelege: 6-16 Eier<\/p>\n<p>Zur Galerie <a title=\"Meisen\" href=\"http:\/\/woerrlein-naturfoto.de\/wordpress\/voegel\/sperlingsvoegel\/meisen\/\">Meisen<\/a><\/p>\n<p>&nbsp;<\/p>\n<p><em>Quelle des Textauszuges und weitere Infos bei <\/em><a href=\"http:\/\/de.wikipedia.org\/wiki\/Blaumeise\" target=\"_blank\">Wikipedia<\/a> <em>(<\/em><a href=\"http:\/\/www.gnu.org\/licenses\/fdl-1.3.txt\" target=\"_blank\">GNU-Lizenz<\/a><em>)<\/em> \u2013 <em>mein Dank gilt den<\/em> <a href=\"http:\/\/de.wikipedia.org\/w\/index.php?title=Blaumeise&amp;action=history\" target=\"_blank\">Autoren<\/a>.<\/p>\n","protected":false},"excerpt":{"rendered":"<p>V\u00f6gel -&gt; Sperlingsv\u00f6gel -&gt; Meisen V\u00f6gel von A-Z Zur Galerie Meisen Die Blaumeise (Parus caeruleus) ist eine Vogelart aus der Familie der Meisen . Der Kleinvogel ist mit seinem blau-gelben Gefieder einfach zu bestimmen und in Mitteleuropa sehr h\u00e4ufig anzutreffen. Bevorzugte Lebensr\u00e4ume sind Laub- und Mischw\u00e4lder mit hohem Eichenanteil; die Blaumeise ist auch h\u00e4ufig in &hellip; <a href=\"https:\/\/woerrlein-naturfoto.de\/wordpress\/meisen-2\/blaumeisen\/\" class=\"more-link\"><span class=\"screen-reader-text\">Blaumeise<\/span> weiterlesen <span class=\"meta-nav\">&rarr;<\/span><\/a><\/p>\n","protected":false},"author":1,"featured_media":0,"parent":322,"menu_order":0,"comment_status":"closed","ping_status":"closed","template":"page-templates\/full-width.php","meta":{"footnotes":""},"class_list":["post-359","page","type-page","status-publish","hentry"],"_links":{"self":[{"href":"https:\/\/woerrlein-naturfoto.de\/wordpress\/wp-json\/wp\/v2\/pages\/359","targetHints":{"allow":["GET"]}}],"collection":[{"href":"https:\/\/woerrlein-naturfoto.de\/wordpress\/wp-json\/wp\/v2\/pages"}],"about":[{"href":"https:\/\/woerrlein-naturfoto.de\/wordpress\/wp-json\/wp\/v2\/types\/page"}],"author":[{"embeddable":true,"href":"https:\/\/woerrlein-naturfoto.de\/wordpress\/wp-json\/wp\/v2\/users\/1"}],"replies":[{"embeddable":true,"href":"https:\/\/woerrlein-naturfoto.de\/wordpress\/wp-json\/wp\/v2\/comments?post=359"}],"version-history":[{"count":17,"href":"https:\/\/woerrlein-naturfoto.de\/wordpress\/wp-json\/wp\/v2\/pages\/359\/revisions"}],"predecessor-version":[{"id":6339,"href":"https:\/\/woerrlein-naturfoto.de\/wordpress\/wp-json\/wp\/v2\/pages\/359\/revisions\/6339"}],"up":[{"embeddable":true,"href":"https:\/\/woerrlein-naturfoto.de\/wordpress\/wp-json\/wp\/v2\/pages\/322"}],"wp:attachment":[{"href":"https:\/\/woerrlein-naturfoto.de\/wordpress\/wp-json\/wp\/v2\/media?parent=359"}],"curies":[{"name":"wp","href":"https:\/\/api.w.org\/{rel}","templated":true}]}}