{"id":355,"date":"2014-04-15T00:10:25","date_gmt":"2014-04-14T22:10:25","guid":{"rendered":"http:\/\/woerrlein-naturfoto.de\/wordpress\/?page_id=355"},"modified":"2015-02-18T12:54:59","modified_gmt":"2015-02-18T11:54:59","slug":"bartmeisen","status":"publish","type":"page","link":"https:\/\/woerrlein-naturfoto.de\/wordpress\/meisen-2\/bartmeisen\/","title":{"rendered":"Bartmeise"},"content":{"rendered":"<p><a href=\"http:\/\/woerrlein-naturfoto.de\/wordpress\/voegel\/\"><span style=\"color: #ffff66;\">V\u00f6gel<\/span> <\/a>-&gt;<a href=\"http:\/\/woerrlein-naturfoto.de\/wordpress\/voegel\/sperlingsvoegel\/\"> <span style=\"color: #ffff66;\">Sperlingsv\u00f6gel<\/span> <\/a>-&gt;<a href=\"http:\/\/woerrlein-naturfoto.de\/wordpress\/voegel\/sperlingsvoegel\/meisen\/\"> <span style=\"color: #ffff66;\">Meisen<\/span><\/a><br \/>\n<a href=\"http:\/\/woerrlein-naturfoto.de\/wordpress\/voegel_von_a-z\/\">V\u00f6gel von A-Z<\/a><br \/>\nZur Galerie <a title=\"Meisen\" href=\"http:\/\/woerrlein-naturfoto.de\/wordpress\/voegel\/sperlingsvoegel\/meisen\/\">Meisen<\/a><\/p>\n<p><img loading=\"lazy\" decoding=\"async\" class=\"alignleft wp-image-682\" src=\"http:\/\/woerrlein-naturfoto.de\/wordpress\/wp-content\/uploads\/Bartmeise_46515_v-600x400.jpg\" alt=\"Bartmeise_46515_v.jpg\" width=\"600\" height=\"400\" srcset=\"https:\/\/woerrlein-naturfoto.de\/wordpress\/wp-content\/uploads\/Bartmeise_46515_v-600x400.jpg 600w, https:\/\/woerrlein-naturfoto.de\/wordpress\/wp-content\/uploads\/Bartmeise_46515_v-120x80.jpg 120w, https:\/\/woerrlein-naturfoto.de\/wordpress\/wp-content\/uploads\/Bartmeise_46515_v.jpg 1000w\" sizes=\"auto, (max-width: 600px) 100vw, 600px\" \/><\/p>\n<p>Die <b>Bartmeise<\/b> (<i>Panurus biarmicus<\/i>) ist ein meisenartiger, langschw\u00e4nziger Bewohner gro\u00dfer Schilffl\u00e4chen.\u00a0Die Bartmeise lebt in ausgedehnten R\u00f6hrichten der Verlandungszone n\u00e4hrstoffreicher Binnengew\u00e4sser aller Art. Voraussetzung f\u00fcr eine Dauerbesiedlung sind ausgedehnte Altschilfw\u00e4lder. Pr\u00e4feriert werden Stellen, wo Altschilf sich zu einer dichten Decke \u00fcber dem Boden beziehungsweise dem Wasser geformt hat. Auch au\u00dferhalb der Brutzeit h\u00e4lt sich die Bartmeise im Schilfr\u00f6hricht auf. Geb\u00fcsch wird nur ausnahmsweise aufgesucht.\u00a0F\u00fcr die Balz ist der Gesang der Bartmeise unbedeutend, wichtig ist die Schaubalz. Bei dieser entfaltet das M\u00e4nnchen die ganze Pracht seines Gefieders. Bartmeisen br\u00fcten zweimal pro Jahr. Das Nest ist ein tiefer Napf am Grund des R\u00f6hrichts in Wassern\u00e4he. Dieses besteht aus vorj\u00e4hrigem Schilf und ist innen mit Schilfrispen ausgelegt. Die V\u00f6gel finden sich noch in ihrem Jugendkleid zu Paaren zusammen, die ihr Leben lang unzertrennlich sind.<\/p>\n<p>L\u00e4nge: 12,5 cm\u00a0\u00a0 Spannweite: 16-18 cm\u00a0\u00a0 Gewicht: 14-19 g\u00a0\u00a0 Gelege: 4-8 Eier<\/p>\n<p>Zur Galerie <a title=\"Meisen\" href=\"http:\/\/woerrlein-naturfoto.de\/wordpress\/voegel\/sperlingsvoegel\/meisen\/\">Meisen<\/a><\/p>\n<p>&nbsp;<\/p>\n<p><em>Quelle des Textauszuges und weitere Infos bei <\/em><a href=\"http:\/\/de.wikipedia.org\/wiki\/Bartmeise\" target=\"_blank\">Wikipedia<\/a> <em>(<\/em><a href=\"http:\/\/www.gnu.org\/licenses\/fdl-1.3.txt\" target=\"_blank\">GNU-Lizenz<\/a><em>)<\/em> \u2013 <em>mein Dank gilt den<\/em> <a href=\"http:\/\/de.wikipedia.org\/w\/index.php?title=Bartmeise&amp;action=history\" target=\"_blank\">Autoren<\/a>.<\/p>\n","protected":false},"excerpt":{"rendered":"<p>V\u00f6gel -&gt; Sperlingsv\u00f6gel -&gt; Meisen V\u00f6gel von A-Z Zur Galerie Meisen Die Bartmeise (Panurus biarmicus) ist ein meisenartiger, langschw\u00e4nziger Bewohner gro\u00dfer Schilffl\u00e4chen.\u00a0Die Bartmeise lebt in ausgedehnten R\u00f6hrichten der Verlandungszone n\u00e4hrstoffreicher Binnengew\u00e4sser aller Art. Voraussetzung f\u00fcr eine Dauerbesiedlung sind ausgedehnte Altschilfw\u00e4lder. Pr\u00e4feriert werden Stellen, wo Altschilf sich zu einer dichten Decke \u00fcber dem Boden beziehungsweise dem &hellip; <a href=\"https:\/\/woerrlein-naturfoto.de\/wordpress\/meisen-2\/bartmeisen\/\" class=\"more-link\"><span class=\"screen-reader-text\">Bartmeise<\/span> weiterlesen <span class=\"meta-nav\">&rarr;<\/span><\/a><\/p>\n","protected":false},"author":1,"featured_media":0,"parent":322,"menu_order":0,"comment_status":"closed","ping_status":"closed","template":"page-templates\/full-width.php","meta":{"footnotes":""},"class_list":["post-355","page","type-page","status-publish","hentry"],"_links":{"self":[{"href":"https:\/\/woerrlein-naturfoto.de\/wordpress\/wp-json\/wp\/v2\/pages\/355","targetHints":{"allow":["GET"]}}],"collection":[{"href":"https:\/\/woerrlein-naturfoto.de\/wordpress\/wp-json\/wp\/v2\/pages"}],"about":[{"href":"https:\/\/woerrlein-naturfoto.de\/wordpress\/wp-json\/wp\/v2\/types\/page"}],"author":[{"embeddable":true,"href":"https:\/\/woerrlein-naturfoto.de\/wordpress\/wp-json\/wp\/v2\/users\/1"}],"replies":[{"embeddable":true,"href":"https:\/\/woerrlein-naturfoto.de\/wordpress\/wp-json\/wp\/v2\/comments?post=355"}],"version-history":[{"count":15,"href":"https:\/\/woerrlein-naturfoto.de\/wordpress\/wp-json\/wp\/v2\/pages\/355\/revisions"}],"predecessor-version":[{"id":6338,"href":"https:\/\/woerrlein-naturfoto.de\/wordpress\/wp-json\/wp\/v2\/pages\/355\/revisions\/6338"}],"up":[{"embeddable":true,"href":"https:\/\/woerrlein-naturfoto.de\/wordpress\/wp-json\/wp\/v2\/pages\/322"}],"wp:attachment":[{"href":"https:\/\/woerrlein-naturfoto.de\/wordpress\/wp-json\/wp\/v2\/media?parent=355"}],"curies":[{"name":"wp","href":"https:\/\/api.w.org\/{rel}","templated":true}]}}