{"id":3457,"date":"2015-01-03T17:10:54","date_gmt":"2015-01-03T15:10:54","guid":{"rendered":"http:\/\/woerrlein-naturfoto.de\/wordpress\/?page_id=3457"},"modified":"2015-02-11T22:53:31","modified_gmt":"2015-02-11T21:53:31","slug":"gebaenderte-prachtlibelle","status":"publish","type":"page","link":"https:\/\/woerrlein-naturfoto.de\/wordpress\/prachtlibellen-a-z\/gebaenderte-prachtlibelle\/","title":{"rendered":"Geb\u00e4nderte Prachtlibelle"},"content":{"rendered":"<p><a href=\"http:\/\/woerrlein-naturfoto.de\/wordpress\/insekten\/\"><span style=\"color: #ffff66;\">Insekten<\/span> <\/a>-&gt;<a href=\"http:\/\/woerrlein-naturfoto.de\/wordpress\/hauptseite-insekten\/insekten\/libellen\/\"> <span style=\"color: #ffff66;\">Libellen<\/span> <\/a>-&gt;<a href=\"http:\/\/woerrlein-naturfoto.de\/wordpress\/hauptseite-insekten\/insekten\/libellen\/prachtlibellen-2\/\"> <span style=\"color: #ffff66;\">Prachtlibellen<\/span><\/a><br \/>\n<a title=\"Insekten A-Z\" href=\"http:\/\/woerrlein-naturfoto.de\/wordpress\/insekten-a-z\/\">Insekten von A-Z<\/a><br \/>\nzur Galerie <a title=\"Prachtlibellen\" href=\"http:\/\/woerrlein-naturfoto.de\/wordpress\/hauptseite-insekten\/insekten\/libellen\/prachtlibellen-2\/\">Prachtlibellen<\/a><\/p>\n<p><img loading=\"lazy\" decoding=\"async\" class=\"alignleft wp-image-3445\" src=\"http:\/\/woerrlein-naturfoto.de\/wordpress\/wp-content\/uploads\/GebaendertePrachtlibelle_62316_v-600x400.jpg\" alt=\"GebaendertePrachtlibelle_62316_v.jpg\" width=\"600\" height=\"400\" \/>Die <b>Geb\u00e4nderte Prachtlibelle<\/b> (<i>Calopteryx splendens<\/i>) ist eine Libellenart aus der Familie der Prachtlibellen. Sie bewohnt langsam flie\u00dfende B\u00e4che, kleinere Fl\u00fcsse und krautreiche Kan\u00e4le, die nicht zu sehr verschmutzt sind sowie ausreichend besonnt werden. Neben der <a title=\"Blaufl\u00fcgelige Prachtlibelle\" href=\"http:\/\/woerrlein-naturfoto.de\/wordpress\/prachtlibellen-a-z\/blaufluegelige-prachtlibelle\/\" target=\"_blank\">Blaufl\u00fcgel-Prachtlibelle<\/a> ist sie die einzige auch in Mitteleuropa vorkommende Art der Prachtlibellen und tritt hier insgesamt etwas h\u00e4ufiger auf als diese. Der flatternde, gaukelnde, mehr an Schmetterlinge als an Libellen erinnernde Flugstil ist unverkennbar f\u00fcr diese Familie, ebenso die farbigen Fl\u00fcgel. Der aus dem Griechischen und dem Lateinischen gebildete wissenschaftliche Artname <i>Calopteryx splendens<\/i> bedeutet so viel wie \u201eGl\u00e4nzender Sch\u00f6nfl\u00fcgel\u201c. Die fertig entwickelten Tiere der Geb\u00e4nderten Prachtlibelle erreichen eine Fl\u00fcgelspannweite von 6,5 bis 7 Zentimetern und eine K\u00f6rperl\u00e4nge von etwa 5 Zentimetern. Sie geh\u00f6ren damit zu den gr\u00f6\u00dften mitteleurop\u00e4ischen Kleinlibellen.<\/p>\n<p><strong>Flugzeit:<\/strong>\u00a0\u00a0\u00a0\u00a0 Ende April bis Oktoberr<\/p>\n<p>Zur Galerie <a title=\"Prachtlibellen\" href=\"http:\/\/woerrlein-naturfoto.de\/wordpress\/hauptseite-insekten\/insekten\/libellen\/prachtlibellen-2\/\">Prachtlibellen<\/a><\/p>\n<p>&nbsp;<\/p>\n<p><em>Quelle des Textauszuges und weitere Infos bei <\/em><a href=\"http:\/\/de.wikipedia.org\/wiki\/Geb%C3%A4nderte_Prachtlibelle\" target=\"_blank\">Wikipedia<\/a><em> (<\/em><a href=\"http:\/\/www.gnu.org\/licenses\/fdl-1.3.txt\" target=\"_blank\">GNU-Lizenz<\/a><em>)\u2013 mein Dank gilt den <\/em><a href=\"http:\/\/de.wikipedia.org\/w\/index.php?title=Geb%C3%A4nderte_Prachtlibelle&amp;action=history\" target=\"_blank\">Autoren<\/a><em>.<\/em><\/p>\n","protected":false},"excerpt":{"rendered":"<p>Insekten -&gt; Libellen -&gt; Prachtlibellen Insekten von A-Z zur Galerie Prachtlibellen Die Geb\u00e4nderte Prachtlibelle (Calopteryx splendens) ist eine Libellenart aus der Familie der Prachtlibellen. Sie bewohnt langsam flie\u00dfende B\u00e4che, kleinere Fl\u00fcsse und krautreiche Kan\u00e4le, die nicht zu sehr verschmutzt sind sowie ausreichend besonnt werden. Neben der Blaufl\u00fcgel-Prachtlibelle ist sie die einzige auch in Mitteleuropa vorkommende &hellip; <a href=\"https:\/\/woerrlein-naturfoto.de\/wordpress\/prachtlibellen-a-z\/gebaenderte-prachtlibelle\/\" class=\"more-link\"><span class=\"screen-reader-text\">Geb\u00e4nderte Prachtlibelle<\/span> weiterlesen <span class=\"meta-nav\">&rarr;<\/span><\/a><\/p>\n","protected":false},"author":1,"featured_media":0,"parent":3446,"menu_order":0,"comment_status":"closed","ping_status":"closed","template":"page-templates\/full-width.php","meta":{"footnotes":""},"class_list":["post-3457","page","type-page","status-publish","hentry"],"_links":{"self":[{"href":"https:\/\/woerrlein-naturfoto.de\/wordpress\/wp-json\/wp\/v2\/pages\/3457","targetHints":{"allow":["GET"]}}],"collection":[{"href":"https:\/\/woerrlein-naturfoto.de\/wordpress\/wp-json\/wp\/v2\/pages"}],"about":[{"href":"https:\/\/woerrlein-naturfoto.de\/wordpress\/wp-json\/wp\/v2\/types\/page"}],"author":[{"embeddable":true,"href":"https:\/\/woerrlein-naturfoto.de\/wordpress\/wp-json\/wp\/v2\/users\/1"}],"replies":[{"embeddable":true,"href":"https:\/\/woerrlein-naturfoto.de\/wordpress\/wp-json\/wp\/v2\/comments?post=3457"}],"version-history":[{"count":6,"href":"https:\/\/woerrlein-naturfoto.de\/wordpress\/wp-json\/wp\/v2\/pages\/3457\/revisions"}],"predecessor-version":[{"id":5886,"href":"https:\/\/woerrlein-naturfoto.de\/wordpress\/wp-json\/wp\/v2\/pages\/3457\/revisions\/5886"}],"up":[{"embeddable":true,"href":"https:\/\/woerrlein-naturfoto.de\/wordpress\/wp-json\/wp\/v2\/pages\/3446"}],"wp:attachment":[{"href":"https:\/\/woerrlein-naturfoto.de\/wordpress\/wp-json\/wp\/v2\/media?parent=3457"}],"curies":[{"name":"wp","href":"https:\/\/api.w.org\/{rel}","templated":true}]}}