{"id":3448,"date":"2015-01-03T16:39:20","date_gmt":"2015-01-03T14:39:20","guid":{"rendered":"http:\/\/woerrlein-naturfoto.de\/wordpress\/?page_id=3448"},"modified":"2020-11-02T19:02:07","modified_gmt":"2020-11-02T18:02:07","slug":"blaufluegelige-prachtlibelle","status":"publish","type":"page","link":"https:\/\/woerrlein-naturfoto.de\/wordpress\/prachtlibellen-a-z\/blaufluegelige-prachtlibelle\/","title":{"rendered":"Blaufl\u00fcgelige Prachtlibelle"},"content":{"rendered":"<p><a href=\"http:\/\/woerrlein-naturfoto.de\/wordpress\/insekten\/\"><span style=\"color: #ffff66;\">Insekten<\/span> <\/a>-&gt;<a href=\"http:\/\/woerrlein-naturfoto.de\/wordpress\/hauptseite-insekten\/insekten\/libellen\/\"> <span style=\"color: #ffff66;\">Libellen<\/span> <\/a>-&gt;<a href=\"http:\/\/woerrlein-naturfoto.de\/wordpress\/hauptseite-insekten\/insekten\/libellen\/prachtlibellen-2\/\"> <span style=\"color: #ffff66;\">Prachtlibellen<\/span><\/a><br \/>\n<a title=\"Insekten A-Z\" href=\"http:\/\/woerrlein-naturfoto.de\/wordpress\/insekten-a-z\/\">Insekten von A-Z<\/a><br \/>\nzur Galerie <a title=\"Prachtlibellen\" href=\"http:\/\/woerrlein-naturfoto.de\/wordpress\/hauptseite-insekten\/insekten\/libellen\/prachtlibellen-2\/\">Prachtlibellen<\/a><\/p>\n<p><img loading=\"lazy\" decoding=\"async\" class=\"alignleft wp-image-10019\" src=\"https:\/\/woerrlein-naturfoto.de\/wordpress\/wp-content\/uploads\/2015\/01\/BlaufluegelPrachtlibelle_D180805_0157-600x400.jpg\" alt=\"\" width=\"600\" height=\"400\" \/>Die <b>Blaufl\u00fcgel-Prachtlibelle<\/b> (<i>Calopteryx virgo<\/i>) ist eine Libellenart aus der Familie der Prachtlibellen innerhalb der Kleinlibellen. Sie ist neben der <a title=\"Geb\u00e4nderte Prachtlibelle\" href=\"http:\/\/woerrlein-naturfoto.de\/wordpress\/prachtlibellen-a-z\/gebaenderte-prachtlibelle\/\" target=\"_blank\" rel=\"noopener noreferrer\">Geb\u00e4nderten Prachtlibelle<\/a> (<i>Calopteryx splendens<\/i>) die einzige Art der Prachtlibellen in Mitteleuropa und f\u00e4llt vor allem durch die namensgebenden blauen Fl\u00fcgel der M\u00e4nnchen auf. Die <a title=\"Imago (Zoologie)\" href=\"http:\/\/de.wikipedia.org\/wiki\/Imago_%28Zoologie%29\" target=\"_blank\" rel=\"noopener noreferrer\">Imago<\/a> der Blaufl\u00fcgel-Prachtlibelle erreicht eine Fl\u00fcgelspannweite von 6,5 bis 7 Zentimetern.<br \/>\nDie Blaufl\u00fcgel-Prachtlibelle lebt vor allem an kleinen bis mittelgro\u00dfen Bachl\u00e4ufen und anderen Flie\u00dfgew\u00e4ssern. Diese zeichnen sich durch eine relativ niedrige Wassertemperatur sowie durch eine m\u00e4\u00dfige bis schnelle Str\u00f6mung aus. Die Gew\u00e4sser d\u00fcrfen dabei nicht zu n\u00e4hrstoffreich sein. Im n\u00f6rdlichen Teil ihres Verbreitungsgebietes, etwa in Norwegen, ist sie auch an mittelgro\u00dfen Fl\u00fcssen anzutreffen und im Norden Finnlands sogar in gr\u00f6\u00dferen Str\u00f6men.<\/p>\n<p><strong>Flugzeit:<\/strong>\u00a0\u00a0\u00a0\u00a0 Mai bis Ende September<\/p>\n<p>Zur Galerie <a title=\"Prachtlibellen\" href=\"http:\/\/woerrlein-naturfoto.de\/wordpress\/hauptseite-insekten\/insekten\/libellen\/prachtlibellen-2\/\">Prachtlibellen<\/a><\/p>\n<p>&nbsp;<\/p>\n<p><em>Quelle des Textauszuges und weitere Infos bei <\/em><a href=\"http:\/\/de.wikipedia.org\/wiki\/Blaufl%C3%BCgel-Prachtlibelle\" target=\"_blank\" rel=\"noopener noreferrer\">Wikipedia<\/a><em> (<\/em><a href=\"http:\/\/www.gnu.org\/licenses\/fdl-1.3.txt\" target=\"_blank\" rel=\"noopener noreferrer\">GNU-Lizenz<\/a><em>)\u2013 mein Dank gilt den <\/em><a href=\"http:\/\/de.wikipedia.org\/w\/index.php?title=Blaufl%C3%BCgel-Prachtlibelle&amp;action=history\" target=\"_blank\" rel=\"noopener noreferrer\">Autoren<\/a><em>.<\/em><\/p>\n","protected":false},"excerpt":{"rendered":"<p>Insekten -&gt; Libellen -&gt; Prachtlibellen Insekten von A-Z zur Galerie Prachtlibellen Die Blaufl\u00fcgel-Prachtlibelle (Calopteryx virgo) ist eine Libellenart aus der Familie der Prachtlibellen innerhalb der Kleinlibellen. Sie ist neben der Geb\u00e4nderten Prachtlibelle (Calopteryx splendens) die einzige Art der Prachtlibellen in Mitteleuropa und f\u00e4llt vor allem durch die namensgebenden blauen Fl\u00fcgel der M\u00e4nnchen auf. Die Imago &hellip; <a href=\"https:\/\/woerrlein-naturfoto.de\/wordpress\/prachtlibellen-a-z\/blaufluegelige-prachtlibelle\/\" class=\"more-link\"><span class=\"screen-reader-text\">Blaufl\u00fcgelige Prachtlibelle<\/span> weiterlesen <span class=\"meta-nav\">&rarr;<\/span><\/a><\/p>\n","protected":false},"author":1,"featured_media":0,"parent":3446,"menu_order":0,"comment_status":"closed","ping_status":"closed","template":"page-templates\/full-width.php","meta":{"footnotes":""},"class_list":["post-3448","page","type-page","status-publish","hentry"],"_links":{"self":[{"href":"https:\/\/woerrlein-naturfoto.de\/wordpress\/wp-json\/wp\/v2\/pages\/3448","targetHints":{"allow":["GET"]}}],"collection":[{"href":"https:\/\/woerrlein-naturfoto.de\/wordpress\/wp-json\/wp\/v2\/pages"}],"about":[{"href":"https:\/\/woerrlein-naturfoto.de\/wordpress\/wp-json\/wp\/v2\/types\/page"}],"author":[{"embeddable":true,"href":"https:\/\/woerrlein-naturfoto.de\/wordpress\/wp-json\/wp\/v2\/users\/1"}],"replies":[{"embeddable":true,"href":"https:\/\/woerrlein-naturfoto.de\/wordpress\/wp-json\/wp\/v2\/comments?post=3448"}],"version-history":[{"count":11,"href":"https:\/\/woerrlein-naturfoto.de\/wordpress\/wp-json\/wp\/v2\/pages\/3448\/revisions"}],"predecessor-version":[{"id":12683,"href":"https:\/\/woerrlein-naturfoto.de\/wordpress\/wp-json\/wp\/v2\/pages\/3448\/revisions\/12683"}],"up":[{"embeddable":true,"href":"https:\/\/woerrlein-naturfoto.de\/wordpress\/wp-json\/wp\/v2\/pages\/3446"}],"wp:attachment":[{"href":"https:\/\/woerrlein-naturfoto.de\/wordpress\/wp-json\/wp\/v2\/media?parent=3448"}],"curies":[{"name":"wp","href":"https:\/\/api.w.org\/{rel}","templated":true}]}}